{"id":149231,"date":"2021-01-15T10:59:05","date_gmt":"2021-01-15T10:59:05","guid":{"rendered":"https:\/\/codengine3.ch\/?product=import-placeholder-for-202086"},"modified":"2025-11-26T09:12:47","modified_gmt":"2025-11-26T08:12:47","slug":"les-calanques-115000-ign-plein-air","status":"publish","type":"product","link":"https:\/\/pizbube.ch\/en\/shop\/les-calanques-115000-ign-plein-air\/","title":{"rendered":"Les Calanques 1:19&#8217;000 &#8211; IGN Travers\u00e9e des Calanques"},"content":{"rendered":"<p>Carte plein air de Marseille \u00e0 Cassis, avec les sentiers.<\/p>\n<p>La carte de r\u00e9f\u00e9rence pour randonner &amp; grimper dans les Calanques ! De<br \/>\nMarseille \u00e0 la Ciotat en passant par Cassis, profitez de ce lieu d\u2019exception.<br \/>\nVous pourrez ainsi sillonner les plus beaux itin\u00e9raires de randonn\u00e9e<br \/>\ns\u00e9lectionn\u00e9s par le conseil d\u00e9partemental des Bouches-du-Rh\u00f4ne et le Parc<br \/>\nnational des Calanques.<\/p>\n<p>Gute, detaillierte topografische \u00dcbersichtskarte f\u00fcr die Calanques von<br \/>\nMarseille bis Cassis<\/p>","protected":false},"excerpt":{"rendered":"<p>Carte plein air de Marseille \u00e0 Cassis, avec les sentiers. La carte de r\u00e9f\u00e9rence pour randonner &amp; grimper dans les Calanques ! De Marseille \u00e0 la Ciotat en passant par Cassis, profitez de ce lieu d\u2019exception. Vous pourrez ainsi sillonner les plus beaux itin\u00e9raires de randonn\u00e9e s\u00e9lectionn\u00e9s par le conseil d\u00e9partemental des Bouches-du-Rh\u00f4ne et le [&#8230;]\n","protected":false},"featured_media":182273,"template":"","meta":[],"product_brand":[],"product_cat":[21543],"product_tag":[],"class_list":{"0":"post-149231","1":"product","2":"type-product","3":"status-publish","4":"has-post-thumbnail","6":"product_cat-landkarten","7":"pa_autor-ign","8":"pa_erscheinungsjahr-27415","9":"pa_region-frankreich","10":"pa_sprache-fr-en","12":"first","13":"instock","14":"taxable","15":"shipping-taxable","16":"purchasable","17":"product-type-simple"},"_links":{"self":[{"href":"https:\/\/pizbube.ch\/en\/wp-json\/wp\/v2\/product\/149231","targetHints":{"allow":["GET"]}}],"collection":[{"href":"https:\/\/pizbube.ch\/en\/wp-json\/wp\/v2\/product"}],"about":[{"href":"https:\/\/pizbube.ch\/en\/wp-json\/wp\/v2\/types\/product"}],"wp:featuredmedia":[{"embeddable":true,"href":"https:\/\/pizbube.ch\/en\/wp-json\/wp\/v2\/media\/182273"}],"wp:attachment":[{"href":"https:\/\/pizbube.ch\/en\/wp-json\/wp\/v2\/media?parent=149231"}],"wp:term":[{"taxonomy":"product_brand","embeddable":true,"href":"https:\/\/pizbube.ch\/en\/wp-json\/wp\/v2\/product_brand?post=149231"},{"taxonomy":"product_cat","embeddable":true,"href":"https:\/\/pizbube.ch\/en\/wp-json\/wp\/v2\/product_cat?post=149231"},{"taxonomy":"product_tag","embeddable":true,"href":"https:\/\/pizbube.ch\/en\/wp-json\/wp\/v2\/product_tag?post=149231"}],"curies":[{"name":"wp","href":"https:\/\/api.w.org\/{rel}","templated":true}]}}