{"id":149232,"date":"2021-01-15T10:59:05","date_gmt":"2021-01-15T10:59:05","guid":{"rendered":"https:\/\/codengine3.ch\/?product=import-placeholder-for-202751"},"modified":"2025-03-28T11:39:32","modified_gmt":"2025-03-28T10:39:32","slug":"calanques-escalades-maritimes","status":"publish","type":"product","link":"https:\/\/pizbube.ch\/en\/shop\/calanques-escalades-maritimes\/","title":{"rendered":"Calanques Escalades Maritimes"},"content":{"rendered":"<p>300 voies choisies de AD \u00e0 ABO de 1 \u00e0 12 longueurs, 14 travers\u00e9es avec 50<br \/>\naquarelles originales.<\/p>\n<p>Entre le topo et beau livre d&#8217;aquarelles. 300 voies de AD \u00e0 ABO, de 20 \u00e0 320<br \/>\nm\u00eatres, 14 travers\u00e9es de 150 \u00e0 700 m\u00eatres. les secteurs d\u00e9crits : Les Goudes,<br \/>\nMarseilleveyre, Sormiou, Morgiou, Sugiton, Paroi des Toits, Luminy, Candelle,<br \/>\nVal Vierge\/Concave, Devenson, Eissadon, L&#8217;Oule, Castelvieil, En Vau.<\/p>\n<p>Les aquarelles rendent bien l&#8217;ambiance calme et sereine des calanques et<br \/>\ndonnent envie d&#8217;aller sur le rocher tester ces voies dont certaines sont<br \/>\nmythiques;<br \/>\nc&#8217;est un livre de la categorie &#8218;beaux livres&#8216; a offrir a qui aime et pratique<br \/>\nl&#8217;escalade pour lui donner une &#8218;envie de sud&#8216; &#8211; bien sur, ce n&#8217;est pas un topo<br \/>\na prendre sur le terrain.<\/p>","protected":false},"excerpt":{"rendered":"<p>300 voies choisies de AD \u00e0 ABO de 1 \u00e0 12 longueurs, 14 travers\u00e9es avec 50 aquarelles originales. Entre le topo et beau livre d&#8217;aquarelles. 300 voies de AD \u00e0 ABO, de 20 \u00e0 320 m\u00eatres, 14 travers\u00e9es de 150 \u00e0 700 m\u00eatres. les secteurs d\u00e9crits : Les Goudes, Marseilleveyre, Sormiou, Morgiou, Sugiton, Paroi des [&#8230;]\n","protected":false},"featured_media":30195,"template":"","meta":[],"product_brand":[],"product_cat":[21539],"product_tag":[],"class_list":{"0":"post-149232","1":"product","2":"type-product","3":"status-publish","4":"has-post-thumbnail","6":"product_cat-fuehrerliteratur-sportklettern-bouldern","7":"pa_autor-fenouil-clarac","8":"pa_erscheinungsjahr-22144","9":"pa_region-frankreich","10":"pa_sprache-fr","12":"first","13":"outofstock","14":"taxable","15":"shipping-taxable","16":"purchasable","17":"product-type-simple"},"_links":{"self":[{"href":"https:\/\/pizbube.ch\/en\/wp-json\/wp\/v2\/product\/149232","targetHints":{"allow":["GET"]}}],"collection":[{"href":"https:\/\/pizbube.ch\/en\/wp-json\/wp\/v2\/product"}],"about":[{"href":"https:\/\/pizbube.ch\/en\/wp-json\/wp\/v2\/types\/product"}],"wp:featuredmedia":[{"embeddable":true,"href":"https:\/\/pizbube.ch\/en\/wp-json\/wp\/v2\/media\/30195"}],"wp:attachment":[{"href":"https:\/\/pizbube.ch\/en\/wp-json\/wp\/v2\/media?parent=149232"}],"wp:term":[{"taxonomy":"product_brand","embeddable":true,"href":"https:\/\/pizbube.ch\/en\/wp-json\/wp\/v2\/product_brand?post=149232"},{"taxonomy":"product_cat","embeddable":true,"href":"https:\/\/pizbube.ch\/en\/wp-json\/wp\/v2\/product_cat?post=149232"},{"taxonomy":"product_tag","embeddable":true,"href":"https:\/\/pizbube.ch\/en\/wp-json\/wp\/v2\/product_tag?post=149232"}],"curies":[{"name":"wp","href":"https:\/\/api.w.org\/{rel}","templated":true}]}}