{"id":149237,"date":"2021-01-15T10:59:11","date_gmt":"2021-01-15T10:59:11","guid":{"rendered":"https:\/\/codengine3.ch\/?product=import-placeholder-for-200604"},"modified":"2021-01-15T10:59:14","modified_gmt":"2021-01-15T10:59:14","slug":"matterhorn-cd","status":"publish","type":"product","link":"https:\/\/pizbube.ch\/en\/shop\/matterhorn-cd\/","title":{"rendered":"Matterhorn (CD)"},"content":{"rendered":"<p>CD Rom: \u00fcberw\u00e4ltigendes 360\u00b0-Panorama in unglaublicher Bildqualit\u00e4t,<br \/>\nvirtuelle Gondelfahrt mit einmaligen Aussichten, per Maus und Tastatur<br \/>\nbewegliche und frei zoombare Bilder,<br \/>\nZoom-M\u00f6glichkeit bis zu einer Distanz von 120 km,<br \/>\neinen traumhaft sch\u00f6nen Sonnenaufgang,<br \/>\nspannende Bilder des Making of.  <\/p>","protected":false},"excerpt":{"rendered":"<p>CD Rom: \u00fcberw\u00e4ltigendes 360\u00b0-Panorama in unglaublicher Bildqualit\u00e4t, virtuelle Gondelfahrt mit einmaligen Aussichten, per Maus und Tastatur bewegliche und frei zoombare Bilder, Zoom-M\u00f6glichkeit bis zu einer Distanz von 120 km, einen traumhaft sch\u00f6nen Sonnenaufgang, spannende Bilder des Making of.<\/p>","protected":false},"featured_media":27403,"template":"","meta":[],"product_brand":[],"product_cat":[21628],"product_tag":[],"class_list":{"0":"post-149237","1":"product","2":"type-product","3":"status-publish","4":"has-post-thumbnail","6":"product_cat-video-dvd-multimedia","7":"pa_autor-wvp","8":"pa_erscheinungsjahr-22144","9":"pa_region-schweiz","10":"pa_sprache-d","11":"pa_sprache-e","12":"pa_sprache-jap","14":"first","15":"instock","16":"taxable","17":"shipping-taxable","18":"purchasable","19":"product-type-simple"},"_links":{"self":[{"href":"https:\/\/pizbube.ch\/en\/wp-json\/wp\/v2\/product\/149237","targetHints":{"allow":["GET"]}}],"collection":[{"href":"https:\/\/pizbube.ch\/en\/wp-json\/wp\/v2\/product"}],"about":[{"href":"https:\/\/pizbube.ch\/en\/wp-json\/wp\/v2\/types\/product"}],"wp:featuredmedia":[{"embeddable":true,"href":"https:\/\/pizbube.ch\/en\/wp-json\/wp\/v2\/media\/27403"}],"wp:attachment":[{"href":"https:\/\/pizbube.ch\/en\/wp-json\/wp\/v2\/media?parent=149237"}],"wp:term":[{"taxonomy":"product_brand","embeddable":true,"href":"https:\/\/pizbube.ch\/en\/wp-json\/wp\/v2\/product_brand?post=149237"},{"taxonomy":"product_cat","embeddable":true,"href":"https:\/\/pizbube.ch\/en\/wp-json\/wp\/v2\/product_cat?post=149237"},{"taxonomy":"product_tag","embeddable":true,"href":"https:\/\/pizbube.ch\/en\/wp-json\/wp\/v2\/product_tag?post=149237"}],"curies":[{"name":"wp","href":"https:\/\/api.w.org\/{rel}","templated":true}]}}