{"id":149238,"date":"2021-01-15T10:59:11","date_gmt":"2021-01-15T10:59:11","guid":{"rendered":"https:\/\/codengine3.ch\/?product=import-placeholder-for-204308"},"modified":"2021-01-15T14:31:50","modified_gmt":"2021-01-15T14:31:50","slug":"cervin-matterhorn-top-model-des-alpes","status":"publish","type":"product","link":"https:\/\/pizbube.ch\/en\/shop\/cervin-matterhorn-top-model-des-alpes\/","title":{"rendered":"Cervin Matterhorn &#8211; top model des Alpes"},"content":{"rendered":"<p>Cr\u00e9ativit\u00e9 et audace !<br \/>\nL&#8217;auteur, qui a r\u00e9unis plus de 400 documents publicitaires utilisant l&#8217;image<br \/>\nde la mythique montagne, nous fait partager son enthousiasme.<br \/>\nArtistiques, tendres ou os\u00e9e, invitations \u00e0 la r\u00eaverie, \u00e9vocations de la<br \/>\nperformance ou affirmations de la beaut\u00e9 absolue, ces citations graphiques<br \/>\nentra\u00eenent le lecteur dans une sorte de vertige de l&#8217;artifice.<br \/>\nAucun domaine n&#8217;a \u00e9chapp\u00e9 \u00e0 la fascination de ce sommet embl\u00e9matique : du fer<br \/>\n\u00e0 repasser au timbre-poste, du couteau suisse au fonds d&#8217;investissement<br \/>\nbancaire, de l&#8217;eau de source \u00e0 la lingerie f\u00e9minine, le Cervin, couronn\u00e9 ici<br \/>\n&#8218;top model des Alpes&#8216;, n&#8217;a fait reculer aucun publicitaire. Assaisonn\u00e9e \u00e0 tous<br \/>\nles go\u00fbts (mais h\u00e9las pas toujours au meilleur?), son image d\u00e9tourn\u00e9e de mille<br \/>\nmani\u00e8re surprend, amuse, \u00e9nerve parfois, ravit, s\u00e9duit, et renvoie<br \/>\nl&#8217;imaginaire du lecteur \u00e0 des mondes inattendus.<br \/>\nTel est le monde de la pub. Cet ouvrage plonge le lecteur dans les<br \/>\nravissements de la consommation joyeuse, ou dans une sainte col\u00e8re si la<br \/>\nprofusion des images et des slogans heurte son attachement \u00e0 un environnement<br \/>\nsobre et aust\u00e8re? Mais qu&#8217;on ne s&#8217;y trompe pas, on apprendra \u00e0 coup s\u00fbr des<br \/>\nchoses nouvelles en consultant cet opuscule d\u00e9di\u00e9 \u00e0 une cime qui a d\u00e9sormais<br \/>\nfait le tour du monde. R\u00e9trospective de l&#8217;ascension, commentaires<br \/>\nimpertinents, d\u00e9tails piquants au d\u00e9tour d&#8217;une image fortuite, ce livre<br \/>\ngarantit un d\u00e9paysement plus s\u00fbr qu&#8217;en se rendant au sommet du Cervin? mais il<br \/>\nn&#8217;est pas interdit de s&#8217;offrir les deux!<\/p>","protected":false},"excerpt":{"rendered":"<ul>\n<li><a href=\"https:\/\/pizbube.ch\/wp-content\/uploads\/attachments\/a_026\/A37087B7978DF404C8580F93926CBF67.pdf\" target=\"_blank\" rel=\"noopener\">PDF: Leseprobe CERVIN topmodel.pdf<\/a><\/li>\n<\/ul>","protected":false},"featured_media":38238,"template":"","meta":[],"product_brand":[],"product_cat":[21580],"product_tag":[],"class_list":{"0":"post-149238","1":"product","2":"type-product","3":"status-publish","4":"has-post-thumbnail","6":"product_cat-kunst-kultur","7":"pa_autor-hostettler","8":"pa_erscheinungsjahr-21763","9":"pa_region-schweiz","10":"pa_sprache-fr","12":"first","13":"instock","14":"taxable","15":"shipping-taxable","16":"purchasable","17":"product-type-simple"},"_links":{"self":[{"href":"https:\/\/pizbube.ch\/en\/wp-json\/wp\/v2\/product\/149238","targetHints":{"allow":["GET"]}}],"collection":[{"href":"https:\/\/pizbube.ch\/en\/wp-json\/wp\/v2\/product"}],"about":[{"href":"https:\/\/pizbube.ch\/en\/wp-json\/wp\/v2\/types\/product"}],"wp:featuredmedia":[{"embeddable":true,"href":"https:\/\/pizbube.ch\/en\/wp-json\/wp\/v2\/media\/38238"}],"wp:attachment":[{"href":"https:\/\/pizbube.ch\/en\/wp-json\/wp\/v2\/media?parent=149238"}],"wp:term":[{"taxonomy":"product_brand","embeddable":true,"href":"https:\/\/pizbube.ch\/en\/wp-json\/wp\/v2\/product_brand?post=149238"},{"taxonomy":"product_cat","embeddable":true,"href":"https:\/\/pizbube.ch\/en\/wp-json\/wp\/v2\/product_cat?post=149238"},{"taxonomy":"product_tag","embeddable":true,"href":"https:\/\/pizbube.ch\/en\/wp-json\/wp\/v2\/product_tag?post=149238"}],"curies":[{"name":"wp","href":"https:\/\/api.w.org\/{rel}","templated":true}]}}