{"id":149242,"date":"2021-01-15T10:59:11","date_gmt":"2021-01-15T10:59:11","guid":{"rendered":"https:\/\/codengine3.ch\/?product=import-placeholder-for-201934"},"modified":"2025-01-29T12:03:02","modified_gmt":"2025-01-29T11:03:02","slug":"matterhorn-faszination-herausforderung-geschichte","status":"publish","type":"product","link":"https:\/\/pizbube.ch\/en\/shop\/matterhorn-faszination-herausforderung-geschichte\/","title":{"rendered":"Matterhorn Faszination Herausforderung Geschichte"},"content":{"rendered":"<p>Das Matterhorn fasziniert Alpinisten und Naturfreunde aus aller Welt.<br \/>\nDie spannungsreiche Besteigungsgeschichte dieses Berges schlechthin und die<br \/>\nmannigfaltigen Begehungen der vielen zum Teil<br \/>\nselbst Bergsteigern wenig bekannten Routen (Whymper bis Jasper&#8230;) werden in<br \/>\ndiesem Buch ebenso ausf\u00fchrlich beschrieben wie die H\u00fctten und Unterk\u00fcnfte.<\/p>\n<p>2. \u00fcberarbeit. Auflg. 176 Seiten mit ca. 200 Abbildungen<\/p>","protected":false},"excerpt":{"rendered":"<p>Das Matterhorn fasziniert Alpinisten und Naturfreunde aus aller Welt. Die spannungsreiche Besteigungsgeschichte dieses Berges schlechthin und die mannigfaltigen Begehungen der vielen zum Teil selbst Bergsteigern wenig bekannten Routen (Whymper bis Jasper&#8230;) werden in diesem Buch ebenso ausf\u00fchrlich beschrieben wie die H\u00fctten und Unterk\u00fcnfte. 2. \u00fcberarbeit. Auflg. 176 Seiten mit ca. 200 Abbildungen<\/p>","protected":false},"featured_media":29318,"template":"","meta":[],"product_brand":[],"product_cat":[21542],"product_tag":[],"class_list":{"0":"post-149242","1":"product","2":"type-product","3":"status-publish","4":"has-post-thumbnail","6":"product_cat-sachbuecher-dokumentationen","7":"pa_autor-borer","8":"pa_erscheinungsjahr-22144","9":"pa_region-schweiz","10":"pa_sprache-de","12":"first","13":"outofstock","14":"taxable","15":"shipping-taxable","16":"purchasable","17":"product-type-simple"},"_links":{"self":[{"href":"https:\/\/pizbube.ch\/en\/wp-json\/wp\/v2\/product\/149242","targetHints":{"allow":["GET"]}}],"collection":[{"href":"https:\/\/pizbube.ch\/en\/wp-json\/wp\/v2\/product"}],"about":[{"href":"https:\/\/pizbube.ch\/en\/wp-json\/wp\/v2\/types\/product"}],"wp:featuredmedia":[{"embeddable":true,"href":"https:\/\/pizbube.ch\/en\/wp-json\/wp\/v2\/media\/29318"}],"wp:attachment":[{"href":"https:\/\/pizbube.ch\/en\/wp-json\/wp\/v2\/media?parent=149242"}],"wp:term":[{"taxonomy":"product_brand","embeddable":true,"href":"https:\/\/pizbube.ch\/en\/wp-json\/wp\/v2\/product_brand?post=149242"},{"taxonomy":"product_cat","embeddable":true,"href":"https:\/\/pizbube.ch\/en\/wp-json\/wp\/v2\/product_cat?post=149242"},{"taxonomy":"product_tag","embeddable":true,"href":"https:\/\/pizbube.ch\/en\/wp-json\/wp\/v2\/product_tag?post=149242"}],"curies":[{"name":"wp","href":"https:\/\/api.w.org\/{rel}","templated":true}]}}