{"id":149244,"date":"2021-01-15T10:59:11","date_gmt":"2021-01-15T10:59:11","guid":{"rendered":"https:\/\/codengine3.ch\/?product=import-placeholder-for-205758"},"modified":"2021-01-15T14:43:41","modified_gmt":"2021-01-15T14:43:41","slug":"walliser-alpen-3d-matterhorn-monte-rosa-zermatt-dvd","status":"publish","type":"product","link":"https:\/\/pizbube.ch\/en\/shop\/walliser-alpen-3d-matterhorn-monte-rosa-zermatt-dvd\/","title":{"rendered":"Walliser Alpen 3D (Matterhorn &#8211; Monte Rosa &#8211; Zermatt) DVD"},"content":{"rendered":"<p>Walliser Alpen 3D (Matterhorn &#8211; Monte Rosa &#8211; Zermatt)<br \/>\nFotorealistische Freizeit- und Wanderkarte in 3D f\u00fcr den PC<br \/>\nmit ausf\u00fchrlichen Tourenbeschreibungen, GPS-Tracks und vielen weiteren<br \/>\nInformationen.  <\/p>\n<p>Erleben Sie die alpine Bergwelt in der dritten Dimension. In 3D 900mal h\u00f6her<br \/>\naufgel\u00f6st als Google Earth.  <\/p>\n<p>Der neue 3D Tourenplaner!<br \/>\nAlle Informationen zu Routen, Bergbahnen, H\u00fctten, Webcams sind einfach<br \/>\nabrufbar.  <\/p>\n<p>FEATURES:<br \/>\nDie Walliser Alpen als hochaufgel\u00f6stes Luftbild (25 cm Aufl\u00f6sung), Umgebung<br \/>\nals Satellitenbild<br \/>\n\u00dcberblendbare Wander- und Freizeitkarte in 3D (von swisstopo)<br \/>\n38 Wanderungen und leichte Hochtouren mit Beschreibung des Bergverlags Rother<br \/>\nund Angabe des Schwierigkeitsgrades<br \/>\nSchnelle Auswahl nach Ziel und Schwierigkeitsgrad<br \/>\nAutomatisches Abfliegen der Touren<br \/>\nBearbeiten und Verwalten eigener Touren, Einbinden von Fotos (Tour-Editor)<br \/>\nImport und Export von Touren-Daten in GPS-Ger\u00e4te (\u00fcber GPX-Format)<br \/>\nVermessen von Strecken und H\u00f6henprofilen<br \/>\nAlle Touren sowie Bildschirmansichten zum Ausdrucken und Mitnehmen<br \/>\n3D-Maus Anbindung zur freien Flugsteuerung in 6 Freiheitsgraden (z.B.<br \/>\nPanorama-Rundblick, Blick vom Tal zum Gipfel)<br \/>\nAlle DVDs der Alpen3D-Serie lassen sich in eine gemeinsame 3D-Welt der Alpen<br \/>\nintegrieren<br \/>\nInklusive Stereo-3D-Brille f\u00fcr einen atemberaubenden 3D-Tiefenblick  <\/p>\n<p>Demoversion auf www.alpen3d.net  <\/p>","protected":false},"excerpt":{"rendered":"<p>Walliser Alpen 3D (Matterhorn &#8211; Monte Rosa &#8211; Zermatt) Fotorealistische Freizeit- und Wanderkarte in 3D f\u00fcr den PC mit ausf\u00fchrlichen Tourenbeschreibungen, GPS-Tracks und vielen weiteren Informationen. Erleben Sie die alpine Bergwelt in der dritten Dimension. In 3D 900mal h\u00f6her aufgel\u00f6st als Google Earth. Der neue 3D Tourenplaner! Alle Informationen zu Routen, Bergbahnen, H\u00fctten, Webcams sind [&#8230;]\n","protected":false},"featured_media":34575,"template":"","meta":[],"product_brand":[],"product_cat":[21628],"product_tag":[],"class_list":{"0":"post-149244","1":"product","2":"type-product","3":"status-publish","4":"has-post-thumbnail","6":"product_cat-video-dvd-multimedia","7":"pa_autor-realitymaps","8":"pa_erscheinungsjahr-21693","9":"pa_region-schweiz","10":"pa_sprache-de","12":"first","13":"instock","14":"taxable","15":"shipping-taxable","16":"purchasable","17":"product-type-simple"},"_links":{"self":[{"href":"https:\/\/pizbube.ch\/en\/wp-json\/wp\/v2\/product\/149244","targetHints":{"allow":["GET"]}}],"collection":[{"href":"https:\/\/pizbube.ch\/en\/wp-json\/wp\/v2\/product"}],"about":[{"href":"https:\/\/pizbube.ch\/en\/wp-json\/wp\/v2\/types\/product"}],"wp:featuredmedia":[{"embeddable":true,"href":"https:\/\/pizbube.ch\/en\/wp-json\/wp\/v2\/media\/34575"}],"wp:attachment":[{"href":"https:\/\/pizbube.ch\/en\/wp-json\/wp\/v2\/media?parent=149244"}],"wp:term":[{"taxonomy":"product_brand","embeddable":true,"href":"https:\/\/pizbube.ch\/en\/wp-json\/wp\/v2\/product_brand?post=149244"},{"taxonomy":"product_cat","embeddable":true,"href":"https:\/\/pizbube.ch\/en\/wp-json\/wp\/v2\/product_cat?post=149244"},{"taxonomy":"product_tag","embeddable":true,"href":"https:\/\/pizbube.ch\/en\/wp-json\/wp\/v2\/product_tag?post=149244"}],"curies":[{"name":"wp","href":"https:\/\/api.w.org\/{rel}","templated":true}]}}