{"id":149246,"date":"2021-01-15T10:59:11","date_gmt":"2021-01-15T10:59:11","guid":{"rendered":"https:\/\/codengine3.ch\/?product=import-placeholder-for-200605"},"modified":"2021-01-15T10:59:14","modified_gmt":"2021-01-15T10:59:14","slug":"alpenvereinshuetten-band-1-ostalpen","status":"publish","type":"product","link":"https:\/\/pizbube.ch\/en\/shop\/alpenvereinshuetten-band-1-ostalpen\/","title":{"rendered":"Alpenvereinsh\u00fctten Band 1: Ostalpen"},"content":{"rendered":"<p>Schutzh\u00fctten in Deutschland, \u00d6sterreich und S\u00fcdtirol. Bereich zwischen R\u00e4tikon<br \/>\nund Wienerwald wird abdeckt, ist ein Standardwerk f\u00fcr jeden Wanderer und<br \/>\nBergsteiger. In ihm werden alle 557 Alpenvereinsh\u00fctten in Deutschland,<br \/>\n\u00d6sterreich und S\u00fcdtirol mit den wichtigsten Angaben \u00fcbersichtlich beschrieben.<br \/>\nHinzu kommen noch etwa 600 Kurzinformationen zu H\u00fctten anderer alpiner Vereine<br \/>\nsowie zu Privath\u00fctten. Eine kaum zu \u00fcberbietende F\u00fclle an Information f\u00fcr<br \/>\nWanderer, Bergsteiger, Kletterer und Skitouristen!<br \/>\nGegliedert nach den Gebirgsgruppen, werden alle Bergsteigerunterk\u00fcnfte des<br \/>\nbetreffenden Gebietes in alphabetischer Reihenfolge vorgestellt: Angaben zu<br \/>\n\u00d6ffnungszeiten und Bewirtschaftung, Adresse und Telefonnummer des H\u00fcttenwirts,<br \/>\ndie Zahl der Lager und Betten, Zufahrtsm\u00f6glichkeiten (auch mit \u00f6ffentlichen<br \/>\nVerkehrsmitteln!), Zugangswege, Wander- und Skitourenm\u00f6glichkeiten, alle<br \/>\nzug\u00e4nglichen Gipfel sowie Kurzangaben zu entsprechendem Karten- und<br \/>\nF\u00fchrermaterial finden sich da auf einen Blick.<br \/>\nSchwarz-Wei\u00df-Abbildungen vermitteln einen ersten Eindruck von der betreffenden<br \/>\nH\u00fctte, Tourenk\u00e4rtchen zu jeder H\u00fctte und eine \u00dcbersichtskarte zu jedem Gebiet<br \/>\nerleichtern die Orientierung. Das ausf\u00fchrliche Stichwortregister hilft schnell<br \/>\nund zuverl\u00e4ssig bei der Suche nach einzelnen Unterk\u00fcnften.  <\/p>","protected":false},"excerpt":{"rendered":"<p>Schutzh\u00fctten in Deutschland, \u00d6sterreich und S\u00fcdtirol. Bereich zwischen R\u00e4tikon und Wienerwald wird abdeckt, ist ein Standardwerk f\u00fcr jeden Wanderer und Bergsteiger. In ihm werden alle 557 Alpenvereinsh\u00fctten in Deutschland, \u00d6sterreich und S\u00fcdtirol mit den wichtigsten Angaben \u00fcbersichtlich beschrieben. Hinzu kommen noch etwa 600 Kurzinformationen zu H\u00fctten anderer alpiner Vereine sowie zu Privath\u00fctten. Eine kaum zu [&#8230;]\n","protected":false},"featured_media":27406,"template":"","meta":[],"product_brand":[],"product_cat":[22143],"product_tag":[],"class_list":{"0":"post-149246","1":"product","2":"type-product","3":"status-publish","4":"has-post-thumbnail","6":"product_cat-huettenverzeichnisse-hotelfuehrer","7":"pa_autor-draxler","8":"pa_erscheinungsjahr-21776","9":"pa_region-deutschland","10":"pa_sprache-de","12":"first","13":"instock","14":"taxable","15":"shipping-taxable","16":"purchasable","17":"product-type-simple"},"_links":{"self":[{"href":"https:\/\/pizbube.ch\/en\/wp-json\/wp\/v2\/product\/149246","targetHints":{"allow":["GET"]}}],"collection":[{"href":"https:\/\/pizbube.ch\/en\/wp-json\/wp\/v2\/product"}],"about":[{"href":"https:\/\/pizbube.ch\/en\/wp-json\/wp\/v2\/types\/product"}],"wp:featuredmedia":[{"embeddable":true,"href":"https:\/\/pizbube.ch\/en\/wp-json\/wp\/v2\/media\/27406"}],"wp:attachment":[{"href":"https:\/\/pizbube.ch\/en\/wp-json\/wp\/v2\/media?parent=149246"}],"wp:term":[{"taxonomy":"product_brand","embeddable":true,"href":"https:\/\/pizbube.ch\/en\/wp-json\/wp\/v2\/product_brand?post=149246"},{"taxonomy":"product_cat","embeddable":true,"href":"https:\/\/pizbube.ch\/en\/wp-json\/wp\/v2\/product_cat?post=149246"},{"taxonomy":"product_tag","embeddable":true,"href":"https:\/\/pizbube.ch\/en\/wp-json\/wp\/v2\/product_tag?post=149246"}],"curies":[{"name":"wp","href":"https:\/\/api.w.org\/{rel}","templated":true}]}}