{"id":149247,"date":"2021-01-15T10:59:11","date_gmt":"2021-01-15T10:59:11","guid":{"rendered":"https:\/\/codengine3.ch\/?product=import-placeholder-for-200606"},"modified":"2021-01-15T10:59:14","modified_gmt":"2021-01-15T10:59:14","slug":"alpenvereinshuetten-band-2-suedalpen","status":"publish","type":"product","link":"https:\/\/pizbube.ch\/en\/shop\/alpenvereinshuetten-band-2-suedalpen\/","title":{"rendered":"Alpenvereinsh\u00fctten Band 2: S\u00fcdalpen"},"content":{"rendered":"<p>1305 Schutzh\u00fctten und Biwakschachteln des SAC, CAI, DAV, OeAV sowie anderer<br \/>\nprivater Vereiene in Slowenien, Norditalien und Ostschweiz.  <\/p>\n<p>Band II S\u00fcdalpen deckt den Bereich zwischen Bernina und Karawanken ab.<br \/>\nDas H\u00fcttenverzeichnis enth\u00e4lt \u00fcber 1000 Schutzh\u00fctten und Biwakschachteln des<br \/>\nSlowenischen Alpenvereins (PZS), des \u00d6sterreichischen Alpenvereins (OeAV), des<br \/>\nAlpenvereins S\u00fcdtirol (AVS), des Italienischen Alpenvereins (CAI), des<br \/>\nSchweizer Alpenclubs (SAC) und des Deutschen Alpenvereins (DAV) sowie<br \/>\nzahlreicher anderer alpiner Vereine und Privath\u00fctten. Es deckt dabei alle<br \/>\nGebirgsgruppen s\u00fcdlich des Alpenhauptkammes zwischen R\u00e4tikon und Bergell im<br \/>\nWesten und den Karawanken mit dem Bachergebirge im Osten ab. Eine kaum zu<br \/>\n\u00fcberbietende F\u00fclle an Information f\u00fcr Wanderer, Bergsteiger, Kletterer und<br \/>\nSkitouristen!<br \/>\n\u00dcbersichtlich nach den Gebirgsgruppen der Ostalpen gegliedert, werden alle<br \/>\nBergsteigerunterk\u00fcnfte des betreffenden Gebietes in alphabetischer Reihenfolge<br \/>\nvorgestellt: Adressen und Telefonnummern von H\u00fcttenwirt und H\u00fctte, Sektion<br \/>\noder Besitzer, Angaben zu \u00d6ffnungs- und Bewirtschaftungszeiten, zu Winterraum,<br \/>\nAnzahl der Lager und Betten sowie Informationen \u00fcber die Zufahrtsm\u00f6glichkeiten<br \/>\n\u2013 auch mit \u00f6ffentlichen Verkehrsmitteln \u2013, Zugangswege, Wander- und<br \/>\nSkitourenm\u00f6glichkeiten und alle zug\u00e4nglichen Gipfel finden sich da auf einen<br \/>\nBlick.<br \/>\nSchwarz-Wei\u00df-Abbildungen vermitteln einen ersten Eindruck von der betreffenden<br \/>\nH\u00fctte und ihrer Umgebung. Eine \u00fcbersichtliche Kartenskizze zu jeder<br \/>\nGebirgsgruppe mit eingetragenen H\u00fcttenstandorten erleichtert die Orientierung.<br \/>\nEin sehr ausf\u00fchrliches Stichwortregister, das die unterschiedlichsten<br \/>\nSchreibweisen der Schutzh\u00fctten und Biwakschachteln ber\u00fccksichtigt, hilft<br \/>\nschnell und zuverl\u00e4ssig bei der Suche nach jeder Unterkunft.<br \/>\nEin kompaktes, benutzerfreundliches und obendrein strapazierf\u00e4higes<br \/>\nStandardwerk mit einer kaum zu \u00fcbertreffenden Informationsf\u00fclle; ein Mu\u00df f\u00fcr<br \/>\njeden Bergfreund.  <\/p>","protected":false},"excerpt":{"rendered":"<ul>\n<li><b>INFO: Vergriffen, keine Neuauflage <b><\/li>\n<\/ul>","protected":false},"featured_media":27408,"template":"","meta":[],"product_brand":[],"product_cat":[22143],"product_tag":[],"class_list":{"0":"post-149247","1":"product","2":"type-product","3":"status-publish","4":"has-post-thumbnail","6":"product_cat-huettenverzeichnisse-hotelfuehrer","7":"pa_autor-draxler","8":"pa_erscheinungsjahr-22150","9":"pa_region-italien","10":"pa_sprache-de","12":"first","13":"outofstock","14":"taxable","15":"shipping-taxable","16":"purchasable","17":"product-type-simple"},"_links":{"self":[{"href":"https:\/\/pizbube.ch\/en\/wp-json\/wp\/v2\/product\/149247","targetHints":{"allow":["GET"]}}],"collection":[{"href":"https:\/\/pizbube.ch\/en\/wp-json\/wp\/v2\/product"}],"about":[{"href":"https:\/\/pizbube.ch\/en\/wp-json\/wp\/v2\/types\/product"}],"wp:featuredmedia":[{"embeddable":true,"href":"https:\/\/pizbube.ch\/en\/wp-json\/wp\/v2\/media\/27408"}],"wp:attachment":[{"href":"https:\/\/pizbube.ch\/en\/wp-json\/wp\/v2\/media?parent=149247"}],"wp:term":[{"taxonomy":"product_brand","embeddable":true,"href":"https:\/\/pizbube.ch\/en\/wp-json\/wp\/v2\/product_brand?post=149247"},{"taxonomy":"product_cat","embeddable":true,"href":"https:\/\/pizbube.ch\/en\/wp-json\/wp\/v2\/product_cat?post=149247"},{"taxonomy":"product_tag","embeddable":true,"href":"https:\/\/pizbube.ch\/en\/wp-json\/wp\/v2\/product_tag?post=149247"}],"curies":[{"name":"wp","href":"https:\/\/api.w.org\/{rel}","templated":true}]}}