{"id":149248,"date":"2021-01-15T10:59:11","date_gmt":"2021-01-15T10:59:11","guid":{"rendered":"https:\/\/codengine3.ch\/?product=import-placeholder-for-205502"},"modified":"2021-01-15T14:41:45","modified_gmt":"2021-01-15T14:41:45","slug":"schutzhuetten-suedtirol-dolomiten-1125000","status":"publish","type":"product","link":"https:\/\/pizbube.ch\/en\/shop\/schutzhuetten-suedtirol-dolomiten-1125000\/","title":{"rendered":"Schutzh\u00fctten S\u00fcdtirol &#8211; Dolomiten. 1:125&#8217;000"},"content":{"rendered":"<p>Rifugi Alto Adige-Dolomiti \/ Mountain huts South Tyrol-Dolomites<\/p>\n<p>Neues Schutzh\u00fcttenbuch mit Karte erstmals dreisprachig in handlicher PVC-<br \/>\nH\u00fclle:<br \/>\nS\u00e4mtliche Schutzh\u00fctten des Landes (Alpenverein AVS, Club Alpino Italiano CAI,<br \/>\nprivate Schutzh\u00fctten) werden in diesem Buch abgebildet inkl. Foto,<br \/>\nKontaktdaten, \u00d6ffnungszeiten, Kapazit\u00e4ten, Historie, Anstiege,<br \/>\nTourenvorschl\u00e4ge in der N\u00e4he der H\u00fctte und vieles mehr.<\/p>\n<p>In der beiliegenden Schutzh\u00fctten-S\u00fcdtirol-Karte sind s\u00e4mtliche Schutzh\u00fctten<br \/>\neingezeichnet, sodass diese leicht zu finden sind.<\/p>","protected":false},"excerpt":{"rendered":"<p>Rifugi Alto Adige-Dolomiti \/ Mountain huts South Tyrol-Dolomites Neues Schutzh\u00fcttenbuch mit Karte erstmals dreisprachig in handlicher PVC- H\u00fclle: S\u00e4mtliche Schutzh\u00fctten des Landes (Alpenverein AVS, Club Alpino Italiano CAI, private Schutzh\u00fctten) werden in diesem Buch abgebildet inkl. Foto, Kontaktdaten, \u00d6ffnungszeiten, Kapazit\u00e4ten, Historie, Anstiege, Tourenvorschl\u00e4ge in der N\u00e4he der H\u00fctte und vieles mehr. In der beiliegenden Schutzh\u00fctten-S\u00fcdtirol-Karte [&#8230;]\n","protected":false},"featured_media":32443,"template":"","meta":[],"product_brand":[],"product_cat":[22143],"product_tag":[],"class_list":{"0":"post-149248","1":"product","2":"type-product","3":"status-publish","4":"has-post-thumbnail","6":"product_cat-huettenverzeichnisse-hotelfuehrer","7":"pa_autor-kammerer","8":"pa_erscheinungsjahr-21571","9":"pa_region-italien","10":"pa_sprache-de","12":"first","13":"instock","14":"taxable","15":"shipping-taxable","16":"purchasable","17":"product-type-simple"},"_links":{"self":[{"href":"https:\/\/pizbube.ch\/en\/wp-json\/wp\/v2\/product\/149248","targetHints":{"allow":["GET"]}}],"collection":[{"href":"https:\/\/pizbube.ch\/en\/wp-json\/wp\/v2\/product"}],"about":[{"href":"https:\/\/pizbube.ch\/en\/wp-json\/wp\/v2\/types\/product"}],"wp:featuredmedia":[{"embeddable":true,"href":"https:\/\/pizbube.ch\/en\/wp-json\/wp\/v2\/media\/32443"}],"wp:attachment":[{"href":"https:\/\/pizbube.ch\/en\/wp-json\/wp\/v2\/media?parent=149248"}],"wp:term":[{"taxonomy":"product_brand","embeddable":true,"href":"https:\/\/pizbube.ch\/en\/wp-json\/wp\/v2\/product_brand?post=149248"},{"taxonomy":"product_cat","embeddable":true,"href":"https:\/\/pizbube.ch\/en\/wp-json\/wp\/v2\/product_cat?post=149248"},{"taxonomy":"product_tag","embeddable":true,"href":"https:\/\/pizbube.ch\/en\/wp-json\/wp\/v2\/product_tag?post=149248"}],"curies":[{"name":"wp","href":"https:\/\/api.w.org\/{rel}","templated":true}]}}