{"id":149249,"date":"2021-01-15T10:59:11","date_gmt":"2021-01-15T10:59:11","guid":{"rendered":"https:\/\/codengine3.ch\/?product=import-placeholder-for-205308"},"modified":"2021-01-15T14:40:15","modified_gmt":"2021-01-15T14:40:15","slug":"franz-senn-alpinismuspionier-und-gruender-des-alpenvereins","status":"publish","type":"product","link":"https:\/\/pizbube.ch\/en\/shop\/franz-senn-alpinismuspionier-und-gruender-des-alpenvereins\/","title":{"rendered":"Franz Senn Alpinismuspionier und Gr\u00fcnder des Alpenvereins"},"content":{"rendered":"<p>Franz Senn ist in der Zeit des klassischen Alpinismus der Pionier des fr\u00fchen<br \/>\nTourismus in Tirol und Initiator der Gr\u00fcndung des Alpenvereins. Als Kurat und<br \/>\nPfarrer von Vent hat er nicht nur die Entwicklung des \u00d6tztals entscheidend<br \/>\ngepr\u00e4gt, sondern dar\u00fcber hinaus einen wesentlichen Beitrag geleistet f\u00fcr die<br \/>\nwirtschaftliche und soziokulturelle Entwicklung Tirols.<br \/>\nAnl\u00e4sslich seines 120. Todesjahrs ist nun eine l\u00e4ngst \u00fcberf\u00e4llige Biographie<br \/>\nentstanden, in der erstmals Leben und Werk dieses bedeutenden Tirolers<br \/>\numfassend gew\u00fcrdigt wird.  <\/p>\n<p>200 Seiten, 50 farbige und 36 SW-Abbildungen  <\/p>","protected":false},"excerpt":{"rendered":"<p>Franz Senn ist in der Zeit des klassischen Alpinismus der Pionier des fr\u00fchen Tourismus in Tirol und Initiator der Gr\u00fcndung des Alpenvereins. Als Kurat und Pfarrer von Vent hat er nicht nur die Entwicklung des \u00d6tztals entscheidend gepr\u00e4gt, sondern dar\u00fcber hinaus einen wesentlichen Beitrag geleistet f\u00fcr die wirtschaftliche und soziokulturelle Entwicklung Tirols. Anl\u00e4sslich seines 120. [&#8230;]\n","protected":false},"featured_media":33977,"template":"","meta":[],"product_brand":[],"product_cat":[21542],"product_tag":[],"class_list":{"0":"post-149249","1":"product","2":"type-product","3":"status-publish","4":"has-post-thumbnail","6":"product_cat-sachbuecher-dokumentationen","7":"pa_autor-oberwalder-et-alt","8":"pa_erscheinungsjahr-21920","9":"pa_region-oesterreich","10":"pa_sprache-de","12":"first","13":"instock","14":"taxable","15":"shipping-taxable","16":"purchasable","17":"product-type-simple"},"_links":{"self":[{"href":"https:\/\/pizbube.ch\/en\/wp-json\/wp\/v2\/product\/149249","targetHints":{"allow":["GET"]}}],"collection":[{"href":"https:\/\/pizbube.ch\/en\/wp-json\/wp\/v2\/product"}],"about":[{"href":"https:\/\/pizbube.ch\/en\/wp-json\/wp\/v2\/types\/product"}],"wp:featuredmedia":[{"embeddable":true,"href":"https:\/\/pizbube.ch\/en\/wp-json\/wp\/v2\/media\/33977"}],"wp:attachment":[{"href":"https:\/\/pizbube.ch\/en\/wp-json\/wp\/v2\/media?parent=149249"}],"wp:term":[{"taxonomy":"product_brand","embeddable":true,"href":"https:\/\/pizbube.ch\/en\/wp-json\/wp\/v2\/product_brand?post=149249"},{"taxonomy":"product_cat","embeddable":true,"href":"https:\/\/pizbube.ch\/en\/wp-json\/wp\/v2\/product_cat?post=149249"},{"taxonomy":"product_tag","embeddable":true,"href":"https:\/\/pizbube.ch\/en\/wp-json\/wp\/v2\/product_tag?post=149249"}],"curies":[{"name":"wp","href":"https:\/\/api.w.org\/{rel}","templated":true}]}}