{"id":149251,"date":"2021-01-15T10:59:12","date_gmt":"2021-01-15T10:59:12","guid":{"rendered":"https:\/\/codengine3.ch\/?product=import-placeholder-for-203658"},"modified":"2021-01-15T14:25:22","modified_gmt":"2021-01-15T14:25:22","slug":"bruckmanns-huettenatlas-alpen","status":"publish","type":"product","link":"https:\/\/pizbube.ch\/en\/shop\/bruckmanns-huettenatlas-alpen\/","title":{"rendered":"Bruckmanns H\u00fcttenatlas Alpen"},"content":{"rendered":"<p>Wer in die Berge geht, kennt sie, wei\u00df ihr sch\u00fctzendes Dach und die gem\u00fctliche<br \/>\nAtmosph\u00e4re zu sch\u00e4tzen. Ein paar tausend dieser St\u00fctzpunkte gibt es in den<br \/>\nAlpen. In diesem Atlas werden alle Bergh\u00fctten, die man nur zu Fu\u00df erreicht,<br \/>\nmit allen relevanten Informationen vorgestellt. Bei vielen wird das Gebiet<br \/>\nbeschrieben. Stimmungsvolle Fotos machen Lust auf die n\u00e4chste Tour,<br \/>\n\u00dcbersichtskarten erleichtern die Orientierung. Mit den sch\u00f6nsten<br \/>\nWeitwanderwegen von H\u00fctte zu H\u00fctte. 256 Seiten, mit 200 Abbildungen.<\/p>","protected":false},"excerpt":{"rendered":"<p>Wer in die Berge geht, kennt sie, wei\u00df ihr sch\u00fctzendes Dach und die gem\u00fctliche Atmosph\u00e4re zu sch\u00e4tzen. Ein paar tausend dieser St\u00fctzpunkte gibt es in den Alpen. In diesem Atlas werden alle Bergh\u00fctten, die man nur zu Fu\u00df erreicht, mit allen relevanten Informationen vorgestellt. Bei vielen wird das Gebiet beschrieben. Stimmungsvolle Fotos machen Lust auf [&#8230;]\n","protected":false},"featured_media":31310,"template":"","meta":[],"product_brand":[],"product_cat":[22143],"product_tag":[],"class_list":{"0":"post-149251","1":"product","2":"type-product","3":"status-publish","4":"has-post-thumbnail","6":"product_cat-huettenverzeichnisse-hotelfuehrer","7":"pa_autor-huesler","8":"pa_erscheinungsjahr-21776","9":"pa_region-schweiz","10":"pa_sprache-de","12":"first","13":"instock","14":"taxable","15":"shipping-taxable","16":"purchasable","17":"product-type-simple"},"_links":{"self":[{"href":"https:\/\/pizbube.ch\/en\/wp-json\/wp\/v2\/product\/149251","targetHints":{"allow":["GET"]}}],"collection":[{"href":"https:\/\/pizbube.ch\/en\/wp-json\/wp\/v2\/product"}],"about":[{"href":"https:\/\/pizbube.ch\/en\/wp-json\/wp\/v2\/types\/product"}],"wp:featuredmedia":[{"embeddable":true,"href":"https:\/\/pizbube.ch\/en\/wp-json\/wp\/v2\/media\/31310"}],"wp:attachment":[{"href":"https:\/\/pizbube.ch\/en\/wp-json\/wp\/v2\/media?parent=149251"}],"wp:term":[{"taxonomy":"product_brand","embeddable":true,"href":"https:\/\/pizbube.ch\/en\/wp-json\/wp\/v2\/product_brand?post=149251"},{"taxonomy":"product_cat","embeddable":true,"href":"https:\/\/pizbube.ch\/en\/wp-json\/wp\/v2\/product_cat?post=149251"},{"taxonomy":"product_tag","embeddable":true,"href":"https:\/\/pizbube.ch\/en\/wp-json\/wp\/v2\/product_tag?post=149251"}],"curies":[{"name":"wp","href":"https:\/\/api.w.org\/{rel}","templated":true}]}}