{"id":149252,"date":"2021-01-15T10:59:12","date_gmt":"2021-01-15T10:59:12","guid":{"rendered":"https:\/\/codengine3.ch\/?product=import-placeholder-for-204069"},"modified":"2021-01-15T14:29:31","modified_gmt":"2021-01-15T14:29:31","slug":"die-seealpen","status":"publish","type":"product","link":"https:\/\/pizbube.ch\/en\/shop\/die-seealpen\/","title":{"rendered":"Die Seealpen"},"content":{"rendered":"<p>Naturpark-Wanderungen zwischen Piemont und C\u00f4te d&#8217;Azur.<br \/>\nHistorische Wege mit fantastischen Aussichten und eine stattliche Anzahl von<br \/>\nBergh\u00fctten bieten ideale Wanderm\u00f6glichkeiten. Da es keinen Massentourismus<br \/>\ngibt, wandert man hier oft in v\u00f6lliger Einsamkeit.  <\/p>\n<p>H\u00f6hepunkte der Seealpen sind die besonders reiche Flora und Fauna sowie das<br \/>\nTal der Wunder mit 40000 pr\u00e4historischen Felszeichnungen. In beiden<br \/>\nParkgebieten (Seealpen-Naturpark auf der italienischen, Mercantour-<br \/>\nNationalpark auf der franz\u00f6sischen Seite) setzt man sich f\u00fcr einen sanften<br \/>\nWandertourismus ein, den dieses Buch explizit f\u00f6rdert und unterst\u00fctzt. Die<br \/>\nRouten wurden in Zusammenarbeit mit dem Naturpark Seealpen erarbeitet.  <\/p>\n<p>Dieser F\u00fchrer beschreibt eine 13-t\u00e4gige Rundwanderung, die leicht zu einer 6-<br \/>\noder 7-t\u00e4gigen Rundwanderung verk\u00fcrzt und auch sonst vielfach variiert werden<br \/>\nkann.<br \/>\nViele Etappen k\u00f6nnen auch von einem Standquartier aus begangen werden.<br \/>\n2., aktualisierte Auflage 2010<\/p>","protected":false},"excerpt":{"rendered":"<p>Naturpark-Wanderungen zwischen Piemont und C\u00f4te d&#8217;Azur. Historische Wege mit fantastischen Aussichten und eine stattliche Anzahl von Bergh\u00fctten bieten ideale Wanderm\u00f6glichkeiten. Da es keinen Massentourismus gibt, wandert man hier oft in v\u00f6lliger Einsamkeit. H\u00f6hepunkte der Seealpen sind die besonders reiche Flora und Fauna sowie das Tal der Wunder mit 40000 pr\u00e4historischen Felszeichnungen. In beiden Parkgebieten (Seealpen-Naturpark [&#8230;]\n","protected":false},"featured_media":31815,"template":"","meta":[],"product_brand":[],"product_cat":[21605],"product_tag":[],"class_list":{"0":"post-149252","1":"product","2":"type-product","3":"status-publish","4":"has-post-thumbnail","6":"product_cat-wanderfuehrer-trekking","7":"pa_autor-baetzing-kleider","8":"pa_erscheinungsjahr-21830","9":"pa_region-frankreich","10":"pa_sprache-de","12":"first","13":"instock","14":"taxable","15":"shipping-taxable","16":"purchasable","17":"product-type-simple"},"_links":{"self":[{"href":"https:\/\/pizbube.ch\/en\/wp-json\/wp\/v2\/product\/149252","targetHints":{"allow":["GET"]}}],"collection":[{"href":"https:\/\/pizbube.ch\/en\/wp-json\/wp\/v2\/product"}],"about":[{"href":"https:\/\/pizbube.ch\/en\/wp-json\/wp\/v2\/types\/product"}],"wp:featuredmedia":[{"embeddable":true,"href":"https:\/\/pizbube.ch\/en\/wp-json\/wp\/v2\/media\/31815"}],"wp:attachment":[{"href":"https:\/\/pizbube.ch\/en\/wp-json\/wp\/v2\/media?parent=149252"}],"wp:term":[{"taxonomy":"product_brand","embeddable":true,"href":"https:\/\/pizbube.ch\/en\/wp-json\/wp\/v2\/product_brand?post=149252"},{"taxonomy":"product_cat","embeddable":true,"href":"https:\/\/pizbube.ch\/en\/wp-json\/wp\/v2\/product_cat?post=149252"},{"taxonomy":"product_tag","embeddable":true,"href":"https:\/\/pizbube.ch\/en\/wp-json\/wp\/v2\/product_tag?post=149252"}],"curies":[{"name":"wp","href":"https:\/\/api.w.org\/{rel}","templated":true}]}}