{"id":149256,"date":"2021-01-15T10:59:12","date_gmt":"2021-01-15T10:59:12","guid":{"rendered":"https:\/\/codengine3.ch\/?product=import-placeholder-for-205439"},"modified":"2021-01-15T14:41:16","modified_gmt":"2021-01-15T14:41:16","slug":"seil-und-sicherungstechnik-canyoning","status":"publish","type":"product","link":"https:\/\/pizbube.ch\/en\/shop\/seil-und-sicherungstechnik-canyoning\/","title":{"rendered":"Seil- und Sicherungstechnik Canyoning"},"content":{"rendered":"<p>Lehrbuch mit DVD<br \/>\n307 Seiten, kartoniert, reich illustriert, zahlreiche Fotos, inkl. DVD,<br \/>\nLaufzeit: 62 Minuten;  <\/p>\n<p>Das neue Standardwerk zum Thema Canyoning. Auf mehr als 300 Seiten wird das<br \/>\naktuelle Wissen dieses tollen Sports f\u00fcr Einsteiger und Profis gleicherma\u00dfen<br \/>\nausf\u00fchrlich und leicht verst\u00e4ndlich erl\u00e4utert und in hunderten Skizzen<br \/>\ndargestellt. Techniken mit und ohne Wassergefahr, Sondertechniken,<br \/>\nRettungstechniken, Standplatzbau, Knoten, Ausr\u00fcstung sind nur einige Themen<br \/>\naus dem Inhaltsverzeichnis.<\/p>\n<p>Da Alexander Riml seit vielen Jahren die Ausbildung zum gesetzlich gepr\u00fcften<br \/>\nund autorisierten Canyoningf\u00fchrer in Tirol leitet und als Ausbildner beim<br \/>\n\u00d6sterreichischen Bergf\u00fchrerverband t\u00e4tig ist, hat er die Erfahrung gemacht,<br \/>\ndass viele Kandidaten mit der speziellen Seiltechnik einige Probleme haben.<br \/>\nDie Sicherungs- und Seiltechnik beim Canyoning ist ein sehr wichtiges und<br \/>\nheikles Thema f\u00fcr alle Tourenbegeher, besonders aber f\u00fcr die ausgebildeten<br \/>\nF\u00fchrer. Da die Seil- und Sicherungstechnik aber nicht die Gleiche ist, wie die<br \/>\ndes alpinen Bergsteigens hat er versucht, dies anhand seiner Zeichnungen und<br \/>\nTexte aufzuzeigen. Eine falsch angewandte Technik kann beim Canyoning fatale<br \/>\nFolgen haben, da man nur sehr wenig Zeit hat, diesen Fehler zu korrigieren.<\/p>\n<p>Dieses Buch mit seiner sehr genauen Ausf\u00fchrung richtet sich an alle, die<br \/>\ndiesen Sport kennen lernen und die Natur von einer anderen Seite erleben<br \/>\nwollen, ganz besonders aber an Profif\u00fchrer und Bergretter, denen dieses<br \/>\nspezielle Fachbuch als Nachschlagewerk in der Praxis dienen soll.<\/p>","protected":false},"excerpt":{"rendered":"<p>Lehrbuch mit DVD 307 Seiten, kartoniert, reich illustriert, zahlreiche Fotos, inkl. DVD, Laufzeit: 62 Minuten; Das neue Standardwerk zum Thema Canyoning. Auf mehr als 300 Seiten wird das aktuelle Wissen dieses tollen Sports f\u00fcr Einsteiger und Profis gleicherma\u00dfen ausf\u00fchrlich und leicht verst\u00e4ndlich erl\u00e4utert und in hunderten Skizzen dargestellt. Techniken mit und ohne Wassergefahr, Sondertechniken, Rettungstechniken, [&#8230;]\n","protected":false},"featured_media":34147,"template":"","meta":[],"product_brand":[],"product_cat":[21538],"product_tag":[],"class_list":{"0":"post-149256","1":"product","2":"type-product","3":"status-publish","4":"has-post-thumbnail","6":"product_cat-lehrbuecher","7":"pa_autor-riml","8":"pa_erscheinungsjahr-21591","9":"pa_region-orientierung-wetter-ausbildung","10":"pa_sprache-de","12":"first","13":"outofstock","14":"taxable","15":"shipping-taxable","16":"purchasable","17":"product-type-simple"},"_links":{"self":[{"href":"https:\/\/pizbube.ch\/en\/wp-json\/wp\/v2\/product\/149256","targetHints":{"allow":["GET"]}}],"collection":[{"href":"https:\/\/pizbube.ch\/en\/wp-json\/wp\/v2\/product"}],"about":[{"href":"https:\/\/pizbube.ch\/en\/wp-json\/wp\/v2\/types\/product"}],"wp:featuredmedia":[{"embeddable":true,"href":"https:\/\/pizbube.ch\/en\/wp-json\/wp\/v2\/media\/34147"}],"wp:attachment":[{"href":"https:\/\/pizbube.ch\/en\/wp-json\/wp\/v2\/media?parent=149256"}],"wp:term":[{"taxonomy":"product_brand","embeddable":true,"href":"https:\/\/pizbube.ch\/en\/wp-json\/wp\/v2\/product_brand?post=149256"},{"taxonomy":"product_cat","embeddable":true,"href":"https:\/\/pizbube.ch\/en\/wp-json\/wp\/v2\/product_cat?post=149256"},{"taxonomy":"product_tag","embeddable":true,"href":"https:\/\/pizbube.ch\/en\/wp-json\/wp\/v2\/product_tag?post=149256"}],"curies":[{"name":"wp","href":"https:\/\/api.w.org\/{rel}","templated":true}]}}