{"id":149259,"date":"2021-01-15T10:59:12","date_gmt":"2021-01-15T10:59:12","guid":{"rendered":"https:\/\/codengine3.ch\/?product=import-placeholder-for-201299"},"modified":"2023-04-04T09:45:30","modified_gmt":"2023-04-04T07:45:30","slug":"descente-de-canyons-dans-les-alpes-de-haute-provence","status":"publish","type":"product","link":"https:\/\/pizbube.ch\/en\/shop\/descente-de-canyons-dans-les-alpes-de-haute-provence\/","title":{"rendered":"Descente de Canyons dans les Alpes de Haute- Provence"},"content":{"rendered":"<p>Canyoningf\u00fchrer, topo guide qui d\u00e9crit 93 canyons de la r\u00e9gion (avec adresses<br \/>\nutiles). 44 topos concernant Vall\u00e9e de l`Ubaye, Vall\u00e9e du Haut-Verdon, Gorges<br \/>\net lacs du Verdon , Canyons isol\u00e9s<\/p>","protected":false},"excerpt":{"rendered":"<p>Canyoningf\u00fchrer, topo guide qui d\u00e9crit 93 canyons de la r\u00e9gion (avec adresses utiles). 44 topos concernant Vall\u00e9e de l`Ubaye, Vall\u00e9e du Haut-Verdon, Gorges et lacs du Verdon , Canyons isol\u00e9s<\/p>","protected":false},"featured_media":28610,"template":"","meta":[],"product_brand":[],"product_cat":[21650],"product_tag":[],"class_list":{"0":"post-149259","1":"product","2":"type-product","3":"status-publish","4":"has-post-thumbnail","6":"product_cat-canyoningfuehrer","7":"pa_autor-gorgeon-olive","8":"pa_erscheinungsjahr-22112","9":"pa_region-frankreich","10":"pa_sprache-fr","12":"first","13":"outofstock","14":"taxable","15":"shipping-taxable","16":"purchasable","17":"product-type-simple"},"_links":{"self":[{"href":"https:\/\/pizbube.ch\/en\/wp-json\/wp\/v2\/product\/149259","targetHints":{"allow":["GET"]}}],"collection":[{"href":"https:\/\/pizbube.ch\/en\/wp-json\/wp\/v2\/product"}],"about":[{"href":"https:\/\/pizbube.ch\/en\/wp-json\/wp\/v2\/types\/product"}],"wp:featuredmedia":[{"embeddable":true,"href":"https:\/\/pizbube.ch\/en\/wp-json\/wp\/v2\/media\/28610"}],"wp:attachment":[{"href":"https:\/\/pizbube.ch\/en\/wp-json\/wp\/v2\/media?parent=149259"}],"wp:term":[{"taxonomy":"product_brand","embeddable":true,"href":"https:\/\/pizbube.ch\/en\/wp-json\/wp\/v2\/product_brand?post=149259"},{"taxonomy":"product_cat","embeddable":true,"href":"https:\/\/pizbube.ch\/en\/wp-json\/wp\/v2\/product_cat?post=149259"},{"taxonomy":"product_tag","embeddable":true,"href":"https:\/\/pizbube.ch\/en\/wp-json\/wp\/v2\/product_tag?post=149259"}],"curies":[{"name":"wp","href":"https:\/\/api.w.org\/{rel}","templated":true}]}}