{"id":149260,"date":"2021-01-15T10:59:12","date_gmt":"2021-01-15T10:59:12","guid":{"rendered":"https:\/\/codengine3.ch\/?product=import-placeholder-for-203112"},"modified":"2021-01-15T12:54:14","modified_gmt":"2021-01-15T12:54:14","slug":"canyons-slovenes","status":"publish","type":"product","link":"https:\/\/pizbube.ch\/en\/shop\/canyons-slovenes\/","title":{"rendered":"Canyons Slov\u00e8nes"},"content":{"rendered":"<p>Connue pour ses massifs karstiques et ses innombrables courses en montagne, la<br \/>\nSlov\u00e9nie s&#8217;ouvre d\u00e9sormais sur le monde de la descente de canyon. R\u00e9sultat de<br \/>\nsix ann\u00e9es de prospections et d&#8217;ouvertures d&#8217;une \u00e9quipe soud\u00e9e et rod\u00e9e, cette<br \/>\nnouvelle publication donne l&#8217;acc\u00e8s aux 26 plus belles descentes canyons<br \/>\ns\u00e9lectionn\u00e9es pour leur beaut\u00e9 g\u00e9ologique et hydrologique.<br \/>\nClair et concis, ses fiches techniques d\u00e9taill\u00e9es ainsi que ses acc\u00e8s aux<br \/>\ndescentes compl\u00e8tent cet ouvrage qui devient la r\u00e9f\u00e9rence pour qui veut se<br \/>\nrendre dans ce nouveau paradis europ\u00e9en. (2\u00e8me edit.)  <\/p>","protected":false},"excerpt":{"rendered":"<p>Connue pour ses massifs karstiques et ses innombrables courses en montagne, la Slov\u00e9nie s&#8217;ouvre d\u00e9sormais sur le monde de la descente de canyon. R\u00e9sultat de six ann\u00e9es de prospections et d&#8217;ouvertures d&#8217;une \u00e9quipe soud\u00e9e et rod\u00e9e, cette nouvelle publication donne l&#8217;acc\u00e8s aux 26 plus belles descentes canyons s\u00e9lectionn\u00e9es pour leur beaut\u00e9 g\u00e9ologique et hydrologique. Clair [&#8230;]\n","protected":false},"featured_media":30641,"template":"","meta":[],"product_brand":[],"product_cat":[21650],"product_tag":[],"class_list":{"0":"post-149260","1":"product","2":"type-product","3":"status-publish","4":"has-post-thumbnail","6":"product_cat-canyoningfuehrer","7":"pa_autor-jourdan-fiorina","8":"pa_erscheinungsjahr-21776","9":"pa_region-osteuropa","10":"pa_sprache-fr","12":"first","13":"outofstock","14":"taxable","15":"shipping-taxable","16":"purchasable","17":"product-type-simple"},"_links":{"self":[{"href":"https:\/\/pizbube.ch\/en\/wp-json\/wp\/v2\/product\/149260","targetHints":{"allow":["GET"]}}],"collection":[{"href":"https:\/\/pizbube.ch\/en\/wp-json\/wp\/v2\/product"}],"about":[{"href":"https:\/\/pizbube.ch\/en\/wp-json\/wp\/v2\/types\/product"}],"wp:featuredmedia":[{"embeddable":true,"href":"https:\/\/pizbube.ch\/en\/wp-json\/wp\/v2\/media\/30641"}],"wp:attachment":[{"href":"https:\/\/pizbube.ch\/en\/wp-json\/wp\/v2\/media?parent=149260"}],"wp:term":[{"taxonomy":"product_brand","embeddable":true,"href":"https:\/\/pizbube.ch\/en\/wp-json\/wp\/v2\/product_brand?post=149260"},{"taxonomy":"product_cat","embeddable":true,"href":"https:\/\/pizbube.ch\/en\/wp-json\/wp\/v2\/product_cat?post=149260"},{"taxonomy":"product_tag","embeddable":true,"href":"https:\/\/pizbube.ch\/en\/wp-json\/wp\/v2\/product_tag?post=149260"}],"curies":[{"name":"wp","href":"https:\/\/api.w.org\/{rel}","templated":true}]}}