{"id":149261,"date":"2021-01-15T10:59:12","date_gmt":"2021-01-15T10:59:12","guid":{"rendered":"https:\/\/codengine3.ch\/?product=import-placeholder-for-200610"},"modified":"2025-08-23T15:07:23","modified_gmt":"2025-08-23T13:07:23","slug":"raetikon-sued-kletterfuehrer-panico","status":"publish","type":"product","link":"https:\/\/pizbube.ch\/en\/shop\/raetikon-sued-kletterfuehrer-panico\/","title":{"rendered":"R\u00e4tikon S\u00fcd Kletterf\u00fchrer (Panico)"},"content":{"rendered":"<p>Kletterf\u00fchrer R\u00e4tikon S\u00fcd (Graub\u00fcnden)<\/p>\n<p>Gr\u00fcndlich \u00fcberarbeitete 3. Ausgabe 2009 f\u00fcr eines der sch\u00f6nsten Klettergebiete<br \/>\nder Kalkalpen.<\/p>\n<p>Alpine Ziele &amp; Kletterg\u00e4rten, Kirchlispitzen, Schweizereck, Drusenfluh,<br \/>\nDrusent\u00fcrme, Sulzfluh, Gamstobelwand, Chlein Venedig, Schijenfluh, Pr\u00e4ttigau.<br \/>\nIn: Deutsch. 50 farbige Abbildungen, 50 farbige Fotos.<\/p>\n<p>Die Schweizer Seite des R\u00e4tikons ist alleiniger Inhalt dieses F\u00fchrers. Bester<br \/>\nplattiger Kalk zeichnet die kilometerlange Wandflucht aus, die von den<br \/>\nKirchlispitzen bis zur Scheinfluh reicht. Spektakul\u00e4re Fotos aus Extremrouten<br \/>\nwie dem `Silbergeier` haben das Gebiet international bekannt und ber\u00fchmt<br \/>\ngemacht. Der Gro\u00dfteil der beschriebenen Routen liegt im Schwierigkeitsbereich<br \/>\n6 bis 8.<br \/>\n216 Seiten, 60 Topokarten<\/p>\n<p>-30% mehr Routen als der Vorg\u00e4nger<br \/>\n-Routenverlauf im \u00dcbersichtsfoto<br \/>\n-Einheitliche Topos<br \/>\n-Alle Klettergebiete des Pr\u00e4ttigau`s<br \/>\n-Alle neuen Routen im Klettergarten Fl\u00e4sch<\/p>","protected":false},"excerpt":{"rendered":"<ul>\n<li><strong><a href=\"https:\/\/pizbube.ch\/wp-content\/uploads\/attachments\/a_027\/B378FCBBB75966E711D361796AA31551.pdf\" target=\"_blank\" rel=\"noopener\">PDF: R\u00e4tikon S\u00fcd<\/a><\/strong><\/li>\n<li><strong>NEUAUFLAGE GEPLANT, TERMIN UNBESTIMMT.<\/strong><\/li>\n<\/ul>","protected":false},"featured_media":156269,"template":"","meta":[],"product_brand":[],"product_cat":[21539],"product_tag":[],"class_list":{"0":"post-149261","1":"product","2":"type-product","3":"status-publish","4":"has-post-thumbnail","6":"product_cat-fuehrerliteratur-sportklettern-bouldern","7":"pa_autor-luginbuehl","8":"pa_erscheinungsjahr-21693","9":"pa_region-schweiz","10":"pa_sprache-de","12":"first","13":"outofstock","14":"taxable","15":"shipping-taxable","16":"purchasable","17":"product-type-simple"},"_links":{"self":[{"href":"https:\/\/pizbube.ch\/en\/wp-json\/wp\/v2\/product\/149261","targetHints":{"allow":["GET"]}}],"collection":[{"href":"https:\/\/pizbube.ch\/en\/wp-json\/wp\/v2\/product"}],"about":[{"href":"https:\/\/pizbube.ch\/en\/wp-json\/wp\/v2\/types\/product"}],"wp:featuredmedia":[{"embeddable":true,"href":"https:\/\/pizbube.ch\/en\/wp-json\/wp\/v2\/media\/156269"}],"wp:attachment":[{"href":"https:\/\/pizbube.ch\/en\/wp-json\/wp\/v2\/media?parent=149261"}],"wp:term":[{"taxonomy":"product_brand","embeddable":true,"href":"https:\/\/pizbube.ch\/en\/wp-json\/wp\/v2\/product_brand?post=149261"},{"taxonomy":"product_cat","embeddable":true,"href":"https:\/\/pizbube.ch\/en\/wp-json\/wp\/v2\/product_cat?post=149261"},{"taxonomy":"product_tag","embeddable":true,"href":"https:\/\/pizbube.ch\/en\/wp-json\/wp\/v2\/product_tag?post=149261"}],"curies":[{"name":"wp","href":"https:\/\/api.w.org\/{rel}","templated":true}]}}