{"id":149264,"date":"2021-01-15T10:59:12","date_gmt":"2021-01-15T10:59:12","guid":{"rendered":"https:\/\/codengine3.ch\/?product=import-placeholder-for-200809"},"modified":"2021-01-15T11:01:06","modified_gmt":"2021-01-15T11:01:06","slug":"raetikon-kletterfuehrer-sac","status":"publish","type":"product","link":"https:\/\/pizbube.ch\/en\/shop\/raetikon-kletterfuehrer-sac\/","title":{"rendered":"R\u00e4tikon Kletterf\u00fchrer (SAC)"},"content":{"rendered":"<p>Detaillierte Angaben \u00fcber Felsbeschaffenheit, Verlauf der Route, Ein- sowie<br \/>\nZustieg rund um die Drusenfluh, Sulzfluh und R\u00e4tschenflue.<\/p>\n<p>Erg\u00e4nzt mit zahlreichen Topos, die nicht nur die Routen, sondern auch die<br \/>\nVielfalt des R\u00e4tikons hervorragend darstellen, bietet dieser F\u00fchrer eine<br \/>\nausgezeichnete Grundlage f\u00fcr jeden Kletterer.<\/p>\n<p>Der F\u00fchrer umfasst das Gebiet des mittleren R\u00e4tikons, von der Schesaplana<br \/>\nentlang des Hauptkammes bis zur R\u00e4tschenflue. SAC Kletterf\u00fchrer mit sehr<br \/>\nsch\u00f6nen Skizzen<\/p>","protected":false},"excerpt":{"rendered":"<p>Detaillierte Angaben \u00fcber Felsbeschaffenheit, Verlauf der Route, Ein- sowie Zustieg rund um die Drusenfluh, Sulzfluh und R\u00e4tschenflue. Erg\u00e4nzt mit zahlreichen Topos, die nicht nur die Routen, sondern auch die Vielfalt des R\u00e4tikons hervorragend darstellen, bietet dieser F\u00fchrer eine ausgezeichnete Grundlage f\u00fcr jeden Kletterer. Der F\u00fchrer umfasst das Gebiet des mittleren R\u00e4tikons, von der Schesaplana entlang [&#8230;]\n","protected":false},"featured_media":27883,"template":"","meta":[],"product_brand":[],"product_cat":[21539],"product_tag":[],"class_list":{"0":"post-149264","1":"product","2":"type-product","3":"status-publish","4":"has-post-thumbnail","6":"product_cat-fuehrerliteratur-sportklettern-bouldern","7":"pa_autor-eggenberger","8":"pa_erscheinungsjahr-22295","9":"pa_region-schweiz","10":"pa_sprache-de","12":"first","13":"outofstock","14":"taxable","15":"shipping-taxable","16":"purchasable","17":"product-type-simple"},"_links":{"self":[{"href":"https:\/\/pizbube.ch\/en\/wp-json\/wp\/v2\/product\/149264","targetHints":{"allow":["GET"]}}],"collection":[{"href":"https:\/\/pizbube.ch\/en\/wp-json\/wp\/v2\/product"}],"about":[{"href":"https:\/\/pizbube.ch\/en\/wp-json\/wp\/v2\/types\/product"}],"wp:featuredmedia":[{"embeddable":true,"href":"https:\/\/pizbube.ch\/en\/wp-json\/wp\/v2\/media\/27883"}],"wp:attachment":[{"href":"https:\/\/pizbube.ch\/en\/wp-json\/wp\/v2\/media?parent=149264"}],"wp:term":[{"taxonomy":"product_brand","embeddable":true,"href":"https:\/\/pizbube.ch\/en\/wp-json\/wp\/v2\/product_brand?post=149264"},{"taxonomy":"product_cat","embeddable":true,"href":"https:\/\/pizbube.ch\/en\/wp-json\/wp\/v2\/product_cat?post=149264"},{"taxonomy":"product_tag","embeddable":true,"href":"https:\/\/pizbube.ch\/en\/wp-json\/wp\/v2\/product_tag?post=149264"}],"curies":[{"name":"wp","href":"https:\/\/api.w.org\/{rel}","templated":true}]}}