{"id":149265,"date":"2021-01-15T10:59:12","date_gmt":"2021-01-15T10:59:12","guid":{"rendered":"https:\/\/codengine3.ch\/?product=import-placeholder-for-206839"},"modified":"2021-01-15T14:52:32","modified_gmt":"2021-01-15T14:52:32","slug":"raetikon-alpenvereinsfuehrer","status":"publish","type":"product","link":"https:\/\/pizbube.ch\/en\/shop\/raetikon-alpenvereinsfuehrer\/","title":{"rendered":"R\u00e4tikon (Alpenvereinsf\u00fchrer)"},"content":{"rendered":"<p>Der R\u00e4tikon ist eine traditionsreiche zentralalpine Bergregion im Grenzbereich<br \/>\nvon \u00d6sterreich, Liechtenstein und der Schweiz. Die umrahmenden Talschaften<br \/>\nsind der Walgau und das Montafon in Vorarlberg, das Rheintal im F\u00fcrstentum<br \/>\nLiechtenstein und das Pr\u00e4ttigau in der Schweiz. Der h\u00f6chste Gipfel, die 2965 m<br \/>\nhohe Schesaplana, weist nordseitig einen markanten Gletscher auf. Der<br \/>\nGebirgsstock umfasst viele besonders markante Berge. Die weithin sichtbare<br \/>\nZimba tr\u00e4gt den Beinamen \u00bbMatterhorn Vorarlbergs\u00ab. Die Drei T\u00fcrme am Ende des<br \/>\nGauertales sind ein besonders beliebtes Fotomotiv. Sehr bekannt sind die<br \/>\nKletterm\u00f6glichkeiten an den steilen S\u00fcdw\u00e4nden der zentralen R\u00e4tikonberge<br \/>\nKirchlispitzen, Drusenfluh, Drei T\u00fcrme und Sulzfluh. Neben den ber\u00fchmten<br \/>\nExtremtouren finden Wanderer und Genussbergsteiger eine gro\u00dfe Zahl an<br \/>\nlohnenswerten Anstiegen.<\/p>\n<p>Rudolf Mayerhofer, Vorarlberger Bergf\u00fchrer und bew\u00e4hrter F\u00fchrerautor, kennt<br \/>\nden R\u00e4tikon schon von Kindheit an. In den letzten Jahren hat er fast alle<br \/>\nGipfel pers\u00f6nlich erstiegen und die Anstiegsm\u00f6glichkeiten erkundet. Sein<br \/>\nHauptaugenmerk legte er dabei auf die detaillierte Beschreibung der<br \/>\nH\u00fcttenzug\u00e4nge und beliebten H\u00f6henwege des Gebirges. Dar\u00fcber hinaus finden<br \/>\nnat\u00fcrlich auch alle Normalwege und die h\u00e4ufiger begangenen \u00dcberg\u00e4nge der<br \/>\nlangen Gipfelketten, sofern sie den II. Schwierigkeitsgrad nicht wesentlich<br \/>\n\u00fcberschreiten, ganz besondere Beachtung.<\/p>\n<p>Den Richtlinien der UIAA entsprechend wurde jeder Route ein Beschreibungskopf<br \/>\nvorangestellt, der auf einen Blick den Schwierigkeitsgrad, die Aufstiegszeit<br \/>\nsowie eine kurze Charakteristik der Route, ggf. auch die Daten der<br \/>\nErstbegehung liefert. Zahlreiche Abbildungen \u2013 manche mit eingetragenen<br \/>\nRoutenverl\u00e4ufen \u2013 erleichtern nicht nur die Planung zu Hause, sondern auch die<br \/>\nOrientierung vor Ort. Der Einleitungsteil konzentriert sich auf die<br \/>\ntouristisch relevanten Angaben sowie auf Geologie, Tier- und Pflanzenwelt. Der<br \/>\nRother Alpenvereinsf\u00fchrer enth\u00e4lt auch Hinweise auf Literatur und Karten \u2013<br \/>\ngedruckt und in Online-Portalen \u2013, wichtige Telefonnummern von Wetterdiensten,<br \/>\nalpinen Auskunftsstellen und Bergrettung, dazu Kontaktadressen von<br \/>\nTourismusverb\u00e4nden, Bergf\u00fchrern und Alpinschulen, Bergbahnen sowie H\u00fctten mit<br \/>\n\u00dcbernachtungsm\u00f6glichkeiten.<\/p>","protected":false},"excerpt":{"rendered":"<ul>\n<li><a href=\"https:\/\/pizbube.ch\/wp-content\/uploads\/attachments\/a_022\/76318B8009926B034B85A873A5ED30B9.pdf\" target=\"_blank\" rel=\"noopener\">PDF: Inhaltsverzeichnis R\u00e4tikon AV<\/a><\/li>\n<li><a href=\"https:\/\/pizbube.ch\/wp-content\/uploads\/attachments\/a_022\/76413E649CF8BB4E5380A32600CB96DB.pdf\" target=\"_blank\" rel=\"noopener\">PDF: Leseprobe R\u00e4tikon AV<\/a><\/li>\n<\/ul>","protected":false},"featured_media":36279,"template":"","meta":[],"product_brand":[],"product_cat":[21544],"product_tag":[],"class_list":{"0":"post-149265","1":"product","2":"type-product","3":"status-publish","4":"has-post-thumbnail","6":"product_cat-fuehrerliteratur-alpin-sommer","7":"pa_autor-mayerhofer","8":"pa_erscheinungsjahr-21550","9":"pa_region-oesterreich","10":"pa_sprache-de","12":"first","13":"instock","14":"taxable","15":"shipping-taxable","16":"purchasable","17":"product-type-simple"},"_links":{"self":[{"href":"https:\/\/pizbube.ch\/en\/wp-json\/wp\/v2\/product\/149265","targetHints":{"allow":["GET"]}}],"collection":[{"href":"https:\/\/pizbube.ch\/en\/wp-json\/wp\/v2\/product"}],"about":[{"href":"https:\/\/pizbube.ch\/en\/wp-json\/wp\/v2\/types\/product"}],"wp:featuredmedia":[{"embeddable":true,"href":"https:\/\/pizbube.ch\/en\/wp-json\/wp\/v2\/media\/36279"}],"wp:attachment":[{"href":"https:\/\/pizbube.ch\/en\/wp-json\/wp\/v2\/media?parent=149265"}],"wp:term":[{"taxonomy":"product_brand","embeddable":true,"href":"https:\/\/pizbube.ch\/en\/wp-json\/wp\/v2\/product_brand?post=149265"},{"taxonomy":"product_cat","embeddable":true,"href":"https:\/\/pizbube.ch\/en\/wp-json\/wp\/v2\/product_cat?post=149265"},{"taxonomy":"product_tag","embeddable":true,"href":"https:\/\/pizbube.ch\/en\/wp-json\/wp\/v2\/product_tag?post=149265"}],"curies":[{"name":"wp","href":"https:\/\/api.w.org\/{rel}","templated":true}]}}