{"id":149266,"date":"2021-01-15T10:59:12","date_gmt":"2021-01-15T10:59:12","guid":{"rendered":"https:\/\/codengine3.ch\/?product=import-placeholder-for-208613"},"modified":"2021-03-09T16:40:08","modified_gmt":"2021-03-09T15:40:08","slug":"schweiz-extrem-ost","status":"publish","type":"product","link":"https:\/\/pizbube.ch\/en\/shop\/schweiz-extrem-ost\/","title":{"rendered":"Schweiz extrem OST"},"content":{"rendered":"<p>Der neue \u00abExtrem\u00bb aus dem Filidor Verlag beschreibt die besten Klettergebiete<br \/>\nder Zentral- und Ostschweiz. Vom Furkapass bis in den Alpstein, \u00fcber<br \/>\nVorarlberg bis ins Engadin deckt der F\u00fchrer zahlreiche Top-Klettergebiete der<br \/>\nSchweiz ab.<\/p>\n<p>Niveau 6a-9a. 4-farbig, 360 Seiten, 67 Gebiete:<\/p>\n<p>Extrem Ost describes the best climbing areas in central and eastern<br \/>\nSwitzerland. From the Furka pass into the Alpstein and Vorarlberg to the<br \/>\nEngadine, the guide covers a wide range of top climbing areas in<br \/>\nSwitzerland.<br \/>\nGrades 6a-9a; German and English language; drawn topos; 360 pages; colour<br \/>\naction photos.<\/p>\n<p>67 destinations are covered in these areas:<br \/>\n1 Chli Bielenhorn, 2 Graue Wand, 3 Haslizontal, 4 Lungern, 5 Polizeiposten, 6<br \/>\nFl\u00fcelibalm-Doss\u00e4, 7 Ofen, 8 St\u00f6ckalp, 9 Cheselenfluh, 10 Bubiw\u00e4ndli, 11<br \/>\nZ\u00e4ck\u00e4n\u00e4scht, 12 Telli, 13 Gross S\u00e4ttelistock, 14 Laucherenstock, 15 Ruchstock,<br \/>\n16 Schl\u00e4nggen, 17 Titlis, 18 Engelsgrotte, 19 F\u00fcrenwand, 20 Schlossberg, 21<br \/>\nSch\u00f6llenen, 22 Teufelstalwand, 23 Salbit, 24 Sandbalm, 25 G\u00f6scheneralp, 26<br \/>\nFeldschijen, 27 Reduit, 28 Isleten, 29 Hoch Fulen, 30 Ruegig, 31 Mettener<br \/>\nButzli, 32 L\u00e4ged Windg\u00e4llen,<\/p>\n<p>33 Chli Glatten, 34 Hinter Glatten, 35 Axenstrasse, 36 Lidernen, 37 Erotisches<br \/>\nKarussell, 38 Steinweid, 39 Ibergeregg, 40 Staumauer W\u00e4gital, 41 Bockmattli,<br \/>\n42 Deponie, 43 Moriskenburg, 44 Br\u00fcggler-\u00dcberh\u00e4nge, 45 Mullern-Alp, 46 G\u00e4si,<br \/>\n47 Nordgalerie, 48 Galerie, 49 Churfirsten, 50 Paschga, 51 Katzenbach, 52<br \/>\nChrinnen, 53 Chropfberg, 54 Motel, 55 Voralpsee, 56 Wildhuser Schafberg, 57<br \/>\nMoor, 58 \u00c4scher, 59, B\u00fcrs, 60 F\u00f6hnmauer, 61, R\u00e4tikon, 62 Schliefi, 63<br \/>\nTiefencastel, 64 Zervreilahorn, 65 Polveriera, 66 Plaun da Lej, 67 Lagalb<\/p>","protected":false},"excerpt":{"rendered":"<ul>\n<li><a href=\"https:\/\/pizbube.ch\/wp-content\/uploads\/attachments\/a_026\/AC391F98DFD5512CA528D6A8A2C01CA1.pdf\" target=\"_blank\" rel=\"noopener\">PDF: Extrem Ost Leseprobe<\/a><\/li>\n<\/ul>","protected":false},"featured_media":156251,"template":"","meta":[],"product_brand":[],"product_cat":[21539],"product_tag":[],"class_list":{"0":"post-149266","1":"product","2":"type-product","3":"status-publish","4":"has-post-thumbnail","6":"product_cat-fuehrerliteratur-sportklettern-bouldern","7":"pa_autor-von-kaenel","8":"pa_erscheinungsjahr-21568","9":"pa_region-schweiz","10":"pa_sprache-de","12":"first","13":"instock","14":"taxable","15":"shipping-taxable","16":"purchasable","17":"product-type-simple"},"_links":{"self":[{"href":"https:\/\/pizbube.ch\/en\/wp-json\/wp\/v2\/product\/149266","targetHints":{"allow":["GET"]}}],"collection":[{"href":"https:\/\/pizbube.ch\/en\/wp-json\/wp\/v2\/product"}],"about":[{"href":"https:\/\/pizbube.ch\/en\/wp-json\/wp\/v2\/types\/product"}],"wp:featuredmedia":[{"embeddable":true,"href":"https:\/\/pizbube.ch\/en\/wp-json\/wp\/v2\/media\/156251"}],"wp:attachment":[{"href":"https:\/\/pizbube.ch\/en\/wp-json\/wp\/v2\/media?parent=149266"}],"wp:term":[{"taxonomy":"product_brand","embeddable":true,"href":"https:\/\/pizbube.ch\/en\/wp-json\/wp\/v2\/product_brand?post=149266"},{"taxonomy":"product_cat","embeddable":true,"href":"https:\/\/pizbube.ch\/en\/wp-json\/wp\/v2\/product_cat?post=149266"},{"taxonomy":"product_tag","embeddable":true,"href":"https:\/\/pizbube.ch\/en\/wp-json\/wp\/v2\/product_tag?post=149266"}],"curies":[{"name":"wp","href":"https:\/\/api.w.org\/{rel}","templated":true}]}}