{"id":149270,"date":"2021-01-15T10:59:12","date_gmt":"2021-01-15T10:59:12","guid":{"rendered":"https:\/\/codengine3.ch\/?product=import-placeholder-for-203851"},"modified":"2021-01-15T14:27:14","modified_gmt":"2021-01-15T14:27:14","slug":"alpenpanorama-vom-belchen","status":"publish","type":"product","link":"https:\/\/pizbube.ch\/en\/shop\/alpenpanorama-vom-belchen\/","title":{"rendered":"Alpenpanorama vom Belchen"},"content":{"rendered":"<p>Vom Belchen aus bietet sich ein atemberaubender Blick auf die Schweizer Alpen<br \/>\nzwischen dem Rhein- und dem Rh\u00f4netal &#8211; allerdings nur an einigen wenigen<br \/>\nF\u00f6hntagen im Jahr. Gut 270 Kilometer Gebirge mit schroffen Felsenpartien,<br \/>\neis\u00fcberzogenen Flanken und bizarr aufragenden Gipfeln breiten sich vor dem<br \/>\nBetrachter aus: vom S\u00e4ntis \u00fcber das Finsteraarhorn und das Berner Oberland mit<br \/>\nEiger, M\u00f6nch und Jungfrau bis zum Montblanc.<br \/>\nDer Fotograf Gerhard Kolb hat diesen grandiosen Gebirgsblick nun fotografisch<br \/>\nperfekt festgehalten und macht ihn damit erstmals auch f\u00fcr all diejenigen<br \/>\nzug\u00e4nglich, die immer am falschen Tag auf dem Belchen waren. Exakte<br \/>\nBeschriftungen der einzelnen Gipfel und Kuppen lassen das Alpenpanorama vom<br \/>\nBelchen \u00fcberdies zum idealen Bestimmungs-buch f\u00fcr die Schweizer Bergwelt<br \/>\nwerden. Mit seiner h\u00fcbschen Ausstattung und seiner beeindruckenden Breite von<br \/>\n3,20 Meter wird es alle Wander- und Bergfreunde begeistern &#8211; und nat\u00fcrlich das<br \/>\nBergfieber wecken.<\/p>","protected":false},"excerpt":{"rendered":"<p>Vom Belchen aus bietet sich ein atemberaubender Blick auf die Schweizer Alpen zwischen dem Rhein- und dem Rh\u00f4netal &#8211; allerdings nur an einigen wenigen F\u00f6hntagen im Jahr. Gut 270 Kilometer Gebirge mit schroffen Felsenpartien, eis\u00fcberzogenen Flanken und bizarr aufragenden Gipfeln breiten sich vor dem Betrachter aus: vom S\u00e4ntis \u00fcber das Finsteraarhorn und das Berner Oberland [&#8230;]\n","protected":false},"featured_media":31547,"template":"","meta":[],"product_brand":[],"product_cat":[21607],"product_tag":[],"class_list":{"0":"post-149270","1":"product","2":"type-product","3":"status-publish","4":"has-post-thumbnail","6":"product_cat-kalender-posters","7":"pa_autor-kolb","8":"pa_erscheinungsjahr-21776","9":"pa_region-schweiz","10":"pa_sprache-de","12":"first","13":"outofstock","14":"taxable","15":"shipping-taxable","16":"purchasable","17":"product-type-simple"},"_links":{"self":[{"href":"https:\/\/pizbube.ch\/en\/wp-json\/wp\/v2\/product\/149270","targetHints":{"allow":["GET"]}}],"collection":[{"href":"https:\/\/pizbube.ch\/en\/wp-json\/wp\/v2\/product"}],"about":[{"href":"https:\/\/pizbube.ch\/en\/wp-json\/wp\/v2\/types\/product"}],"wp:featuredmedia":[{"embeddable":true,"href":"https:\/\/pizbube.ch\/en\/wp-json\/wp\/v2\/media\/31547"}],"wp:attachment":[{"href":"https:\/\/pizbube.ch\/en\/wp-json\/wp\/v2\/media?parent=149270"}],"wp:term":[{"taxonomy":"product_brand","embeddable":true,"href":"https:\/\/pizbube.ch\/en\/wp-json\/wp\/v2\/product_brand?post=149270"},{"taxonomy":"product_cat","embeddable":true,"href":"https:\/\/pizbube.ch\/en\/wp-json\/wp\/v2\/product_cat?post=149270"},{"taxonomy":"product_tag","embeddable":true,"href":"https:\/\/pizbube.ch\/en\/wp-json\/wp\/v2\/product_tag?post=149270"}],"curies":[{"name":"wp","href":"https:\/\/api.w.org\/{rel}","templated":true}]}}