{"id":149274,"date":"2021-01-15T10:59:13","date_gmt":"2021-01-15T10:59:13","guid":{"rendered":"https:\/\/codengine3.ch\/?product=import-placeholder-for-203636"},"modified":"2021-01-15T14:25:11","modified_gmt":"2021-01-15T14:25:11","slug":"bergrettung","status":"publish","type":"product","link":"https:\/\/pizbube.ch\/en\/shop\/bergrettung\/","title":{"rendered":"Bergrettung"},"content":{"rendered":"<p>Das Buch bietet eine umfassende Darstellung aller bergrettungsrelevanten<br \/>\nThemen. Wesentliche Grundlagen und spezielle Methoden der behelfsm\u00e4\u00dfigen, aber<br \/>\nauch der organisierten Bergrettung werden anhand zahlreicher Fotos und<br \/>\nZeichnungen besonders anschaulich vermittelt.<br \/>\nEin Buch, das nicht nur dem professionellen Bergretter als<br \/>\nAusbildungsgrundlage dient, sondern auch viele wertvolle Informationen f\u00fcr all<br \/>\ndiejenigen enth\u00e4lt, die oft in den Bergen unterwegs sind.  <\/p>\n<p>Mit allgemeinen Themen wie Sicherungstheorie, Standplatzbau, Unfallkunde u.a.<br \/>\nwendet sich dieses Buch zun\u00e4chst an den Bergsteiger, der dadurch das<br \/>\nUnfallrisiko in den Bergen verringern kann. Bei einem Unfallgeschehen selbst<br \/>\nkommt den Ersthelfern die gr\u00f6\u00dfte Bedeutung zu. Oftmals kann es im Gebirge<br \/>\nlange Zeit dauern bis Hilfe durch Dritte erfolgt das richtige Verhalten und<br \/>\nn\u00f6tige Rettungstechniken werden vor allem im Teil Behelfsm\u00e4\u00dfige Bergrettung<br \/>\nvorgestellt.  <\/p>","protected":false},"excerpt":{"rendered":"<p>Das Buch bietet eine umfassende Darstellung aller bergrettungsrelevanten Themen. Wesentliche Grundlagen und spezielle Methoden der behelfsm\u00e4\u00dfigen, aber auch der organisierten Bergrettung werden anhand zahlreicher Fotos und Zeichnungen besonders anschaulich vermittelt. Ein Buch, das nicht nur dem professionellen Bergretter als Ausbildungsgrundlage dient, sondern auch viele wertvolle Informationen f\u00fcr all diejenigen enth\u00e4lt, die oft in den Bergen [&#8230;]\n","protected":false},"featured_media":31286,"template":"","meta":[],"product_brand":[],"product_cat":[21538],"product_tag":[],"class_list":{"0":"post-149274","1":"product","2":"type-product","3":"status-publish","4":"has-post-thumbnail","6":"product_cat-lehrbuecher","7":"pa_autor-freudig-martin","8":"pa_erscheinungsjahr-22112","9":"pa_region-orientierung-wetter-ausbildung","10":"pa_sprache-de","12":"first","13":"outofstock","14":"taxable","15":"shipping-taxable","16":"purchasable","17":"product-type-simple"},"_links":{"self":[{"href":"https:\/\/pizbube.ch\/en\/wp-json\/wp\/v2\/product\/149274","targetHints":{"allow":["GET"]}}],"collection":[{"href":"https:\/\/pizbube.ch\/en\/wp-json\/wp\/v2\/product"}],"about":[{"href":"https:\/\/pizbube.ch\/en\/wp-json\/wp\/v2\/types\/product"}],"wp:featuredmedia":[{"embeddable":true,"href":"https:\/\/pizbube.ch\/en\/wp-json\/wp\/v2\/media\/31286"}],"wp:attachment":[{"href":"https:\/\/pizbube.ch\/en\/wp-json\/wp\/v2\/media?parent=149274"}],"wp:term":[{"taxonomy":"product_brand","embeddable":true,"href":"https:\/\/pizbube.ch\/en\/wp-json\/wp\/v2\/product_brand?post=149274"},{"taxonomy":"product_cat","embeddable":true,"href":"https:\/\/pizbube.ch\/en\/wp-json\/wp\/v2\/product_cat?post=149274"},{"taxonomy":"product_tag","embeddable":true,"href":"https:\/\/pizbube.ch\/en\/wp-json\/wp\/v2\/product_tag?post=149274"}],"curies":[{"name":"wp","href":"https:\/\/api.w.org\/{rel}","templated":true}]}}