{"id":149275,"date":"2021-01-15T10:59:13","date_gmt":"2021-01-15T10:59:13","guid":{"rendered":"https:\/\/codengine3.ch\/?product=import-placeholder-for-204960"},"modified":"2021-01-15T14:37:37","modified_gmt":"2021-01-15T14:37:37","slug":"das-gerettete-leben","status":"publish","type":"product","link":"https:\/\/pizbube.ch\/en\/shop\/das-gerettete-leben\/","title":{"rendered":"Das gerettete Leben"},"content":{"rendered":"<p>Wiggerl Gramminger &#8211; ein Leben f\u00fcr die Bergrettung  <\/p>\n<p>Ludwig Gramminger ist ein Bergretter der ersten Stunde. Seit 1925 Mitglied der<br \/>\nBergwacht, hat er wie kein anderer vor und seit seiner aktiven Zeit diese<br \/>\nOrganisation, ihr Bild in der \u00d6ffentlichkeit, ihren Ruf unter den Bergsteigern<br \/>\nund ihre Leistungsf\u00e4higkeit im Dienst Verungl\u00fcckter gepr\u00e4gt und<br \/>\nweitergebracht. Mit seinem Namen sind einige der spektakul\u00e4rsten<br \/>\nRettungsaktionen ebenso verbunden wie bahnbrechende Neukonstruktionen von<br \/>\nverschiedenen Rettungsger\u00e4ten, z.B. &#8218;Gramminger-Sitz&#8216;, Akja, Stahlseilwinde<br \/>\nund vieles mehr.<br \/>\nAn dem, was Ludwig Gramminger erlebt, geschaffen und festgehalten hat (er war<br \/>\nz.B. schon von Anfang an mit der Kamera dabei, um wichtige Informationen<br \/>\noptisch festzuhalten, die er dann im Hinblick auf zuk\u00fcnftige Rettungseins\u00e4tze<br \/>\nverwertete), l\u00e4sst sich geradezu beispielhaft darstellen und nachvollziehen,<br \/>\nwelche Entwicklung das alpine Rettungswesen seit seinen Anf\u00e4ngen genommen hat.  <\/p>\n<p>Dieses Buch ist daneben ein lebendiges Zeugnis der dunklen Seite des<br \/>\nAlpinismus, eine eindringliche Konfrontation mit all den Facetten des<br \/>\nBergsteigens, die wir f\u00fcrchten, vor denen wir nie ganz sicher sein k\u00f6nnen,<br \/>\ndoch denen mancher Schrecken dank Grammingers Einsatz genommen ist. &#8218;Das<br \/>\ngerettete Leben&#8216; ist ein Kapitel Alpingeschichte im Schatten gro\u00dfer<br \/>\nGipfelsiege, ein Kapitel von h\u00f6chster Dramatik, mitrei\u00dfend geschrieben und<br \/>\nfaszinierend illustriert.  <\/p>\n<p>Wegen der vielen Nachfragen und anl\u00e4sslich des 10. Todestages von Wiggerl<br \/>\nGramminger wird das Buch &#8218;Das gerettete Leben&#8216; noch einmal in einer<br \/>\nlimitierten Auflage aufgelegt &#8211; Hans Steinbichler hat das Standardwerk \u00fcber<br \/>\ndie Geschichte der Bergrettung hierf\u00fcr auf aktuellen Stand gebracht.  <\/p>","protected":false},"excerpt":{"rendered":"<p>Wiggerl Gramminger &#8211; ein Leben f\u00fcr die Bergrettung Ludwig Gramminger ist ein Bergretter der ersten Stunde. Seit 1925 Mitglied der Bergwacht, hat er wie kein anderer vor und seit seiner aktiven Zeit diese Organisation, ihr Bild in der \u00d6ffentlichkeit, ihren Ruf unter den Bergsteigern und ihre Leistungsf\u00e4higkeit im Dienst Verungl\u00fcckter gepr\u00e4gt und weitergebracht. Mit seinem [&#8230;]\n","protected":false},"featured_media":33522,"template":"","meta":[],"product_brand":[],"product_cat":[21542],"product_tag":[],"class_list":{"0":"post-149275","1":"product","2":"type-product","3":"status-publish","4":"has-post-thumbnail","6":"product_cat-sachbuecher-dokumentationen","7":"pa_autor-gramminger","8":"pa_erscheinungsjahr-21842","9":"pa_region-deutschland","10":"pa_sprache-de","12":"first","13":"instock","14":"taxable","15":"shipping-taxable","16":"purchasable","17":"product-type-simple"},"_links":{"self":[{"href":"https:\/\/pizbube.ch\/en\/wp-json\/wp\/v2\/product\/149275","targetHints":{"allow":["GET"]}}],"collection":[{"href":"https:\/\/pizbube.ch\/en\/wp-json\/wp\/v2\/product"}],"about":[{"href":"https:\/\/pizbube.ch\/en\/wp-json\/wp\/v2\/types\/product"}],"wp:featuredmedia":[{"embeddable":true,"href":"https:\/\/pizbube.ch\/en\/wp-json\/wp\/v2\/media\/33522"}],"wp:attachment":[{"href":"https:\/\/pizbube.ch\/en\/wp-json\/wp\/v2\/media?parent=149275"}],"wp:term":[{"taxonomy":"product_brand","embeddable":true,"href":"https:\/\/pizbube.ch\/en\/wp-json\/wp\/v2\/product_brand?post=149275"},{"taxonomy":"product_cat","embeddable":true,"href":"https:\/\/pizbube.ch\/en\/wp-json\/wp\/v2\/product_cat?post=149275"},{"taxonomy":"product_tag","embeddable":true,"href":"https:\/\/pizbube.ch\/en\/wp-json\/wp\/v2\/product_tag?post=149275"}],"curies":[{"name":"wp","href":"https:\/\/api.w.org\/{rel}","templated":true}]}}