{"id":149278,"date":"2021-01-15T10:59:13","date_gmt":"2021-01-15T10:59:13","guid":{"rendered":"https:\/\/codengine3.ch\/?product=import-placeholder-for-203541"},"modified":"2025-12-09T15:09:17","modified_gmt":"2025-12-09T14:09:17","slug":"laiguille-du-midi-et-linvention-du-telepherique","status":"publish","type":"product","link":"https:\/\/pizbube.ch\/en\/shop\/laiguille-du-midi-et-linvention-du-telepherique\/","title":{"rendered":"Une histoire de l&#8217;aiguille du Midi et des t\u00e9l\u00e9ph\u00e9riques"},"content":{"rendered":"<p>Ce livre raconte l&#8217;invention du t\u00e9l\u00e9ph\u00e9rique \u00e0 Chamonix, car c&#8217;est l\u00e0, dans la<br \/>\nfascination du mont Blanc, qu&#8217;elle fut entreprise d\u00e8s 1905.<\/p>\n<div class=\"field field-name-hw-presentation-editoriale field-type-text-long field-label-hidden\">\n<div class=\"field-items\">\n<div class=\"field-item even\">\n<p>La petite et la grande histoire de l\u2019invention, puis de la construction \u00e9pique du t\u00e9l\u00e9ph\u00e9rique qui deviendra le plus c\u00e9l\u00e8bre du monde.<\/p>\n<p>Sa silhouette \u00e9lanc\u00e9e, reconnaissable entre toutes les aiguilles de Chamonix, et la proximit\u00e9 du mont-Blanc ont toujours attir\u00e9 sur elle regards et convoitises.<\/p>\n<p>L\u2019aiguille du Midi a ainsi \u00e9t\u00e9 gravie d\u00e8s 1818, mais en 1905 a germ\u00e9 l\u2019id\u00e9e folle de permettre \u00e0 tous d\u2019en atteindre la cime, sans pour autant \u00eatre alpiniste.<\/p>\n<p>Il faut dire que de l\u00e0-haut, \u00e0 3\u00a0842 m\u00e8tres, on est subjugu\u00e9 par le spectacle des g\u00e9ants de roc, de neige et de glace qui, en France, en Italie et en Suisse, \u00e9rigent la splendeur des\u00a0Alpes.<\/p>\n<p>L\u2019\u00e9laboration, puis la r\u00e9alisation d\u2019un \u00ab\u00a0chemin de fer a\u00e9rien\u00a0\u00bb \u00e0 destination du toit de l\u2019Europe ont donn\u00e9 lieu \u00e0 une v\u00e9ritable \u00e9pop\u00e9e. Ses \u00e9pisodes dramatiques ou glorieux ont abouti \u00e0 la mise en service, en 1955, du t\u00e9l\u00e9ph\u00e9rique alors le plus haut et le plus long du monde, et rest\u00e9 le plus c\u00e9l\u00e8bre.<\/p>\n<p>L\u2019histoire de l\u2019aiguille du Midi est une aventure humaine, \u00e9conomique et technique dont les rebondissements sont racont\u00e9s et illustr\u00e9s par Pierre-Louis Roy, le meilleur sp\u00e9cialiste du sujet, gr\u00e2ce \u00e0 une documentation et une iconographie enrichies continuellement, et en s\u2019appuyant sur le t\u00e9moignage direct des protagonistes de la saga toujours en vie.<\/p>\n<p>Cent ans apr\u00e8s le premier \u00ab\u00a0t\u00e9l\u00e9f\u00e9rique\u00a0\u00bb, l\u2019aventure continue \u00e0 l\u2019aiguille du Midi. Elle accueille chaque ann\u00e9e un demi-million de visiteurs\u00a0: skieurs, alpinistes, adeptes du vol en wingsuit ou du speed riding, et touristes \u00e9merveill\u00e9s. Certains viennent chercher au sommet le frisson d\u00e9sormais accessible \u00e0 tous gr\u00e2ce \u00e0 la cabine vitr\u00e9e du \u00ab\u00a0Pas dans le vide\u00a0\u00bb ouvrant sous leurs pieds 1000 m\u00e8tres de vertige.<br \/>\nAux diff\u00e9rents paliers de l\u2019aiguille du Midi, de formidables expositions abordent l\u2019histoire de l&#8217;alpinisme et la construction du t\u00e9l\u00e9ph\u00e9rique. Une d\u00e9couverte \u00e0 poursuivre dans ce\u00a0livre.<\/p>\n<\/div>\n<\/div>\n<\/div>","protected":false},"excerpt":{"rendered":"<p>Ce livre raconte l&#8217;invention du t\u00e9l\u00e9ph\u00e9rique \u00e0 Chamonix, car c&#8217;est l\u00e0, dans la fascination du mont Blanc, qu&#8217;elle fut entreprise d\u00e8s 1905. La petite et la grande histoire de l\u2019invention, puis de la construction \u00e9pique du t\u00e9l\u00e9ph\u00e9rique qui deviendra le plus c\u00e9l\u00e8bre du monde. Sa silhouette \u00e9lanc\u00e9e, reconnaissable entre toutes les aiguilles de Chamonix, et [&#8230;]\n","protected":false},"featured_media":163841,"template":"","meta":[],"product_brand":[],"product_cat":[21542],"product_tag":[],"class_list":{"0":"post-149278","1":"product","2":"type-product","3":"status-publish","4":"has-post-thumbnail","6":"product_cat-sachbuecher-dokumentationen","7":"pa_autor-roy","8":"pa_erscheinungsjahr-27013","9":"pa_region-frankreich","10":"pa_sprache-fr","12":"first","13":"onbackorder","14":"taxable","15":"shipping-taxable","16":"purchasable","17":"product-type-simple"},"_links":{"self":[{"href":"https:\/\/pizbube.ch\/en\/wp-json\/wp\/v2\/product\/149278","targetHints":{"allow":["GET"]}}],"collection":[{"href":"https:\/\/pizbube.ch\/en\/wp-json\/wp\/v2\/product"}],"about":[{"href":"https:\/\/pizbube.ch\/en\/wp-json\/wp\/v2\/types\/product"}],"wp:featuredmedia":[{"embeddable":true,"href":"https:\/\/pizbube.ch\/en\/wp-json\/wp\/v2\/media\/163841"}],"wp:attachment":[{"href":"https:\/\/pizbube.ch\/en\/wp-json\/wp\/v2\/media?parent=149278"}],"wp:term":[{"taxonomy":"product_brand","embeddable":true,"href":"https:\/\/pizbube.ch\/en\/wp-json\/wp\/v2\/product_brand?post=149278"},{"taxonomy":"product_cat","embeddable":true,"href":"https:\/\/pizbube.ch\/en\/wp-json\/wp\/v2\/product_cat?post=149278"},{"taxonomy":"product_tag","embeddable":true,"href":"https:\/\/pizbube.ch\/en\/wp-json\/wp\/v2\/product_tag?post=149278"}],"curies":[{"name":"wp","href":"https:\/\/api.w.org\/{rel}","templated":true}]}}