{"id":149279,"date":"2021-01-15T10:59:13","date_gmt":"2021-01-15T10:59:13","guid":{"rendered":"https:\/\/codengine3.ch\/?product=import-placeholder-for-201657"},"modified":"2021-01-15T12:03:32","modified_gmt":"2021-01-15T12:03:32","slug":"aufwaerts","status":"publish","type":"product","link":"https:\/\/pizbube.ch\/en\/shop\/aufwaerts\/","title":{"rendered":"Aufw\u00e4rts"},"content":{"rendered":"<p>Die faszinierende Geschichte und Technik der Bergbahnen von gestern bis heute:<br \/>\nSo faszinierend wie die Gipfel, die sie erschliessen, sind die Bergbahnen<br \/>\nselbst. Mit Leichtigkeit nehmen sie Hindernisse, die f\u00fcr herk\u00f6mmliche<br \/>\nEisenbahnen oder f\u00fcr Strassen un\u00fcberwindlich sind. Sie erschliessen abgelegene<br \/>\nBergd\u00f6rfer, Alph\u00fctten und Forschungsstationen. Sie erm\u00f6glichen Millionen von<br \/>\nMenschen das Erlebnis alpinen Skifahrens, erholsamer Bergwanderungen oder<br \/>\neinfach einer \u00fcberw\u00e4ltigenden Aussicht. Und all dies nicht nur mit<br \/>\n\u00fcberdurchschnittlicher Sicherheit, sondern gleichzeitig mit relativ geringem<br \/>\ntechnischen Aufwand und mit minimalen Eingriffen in die nat\u00fcrliche Landschaft.<br \/>\nDieses Buch gibt einen leicht verst\u00e4ndlichen Einblick in die Geschichte, die<br \/>\nTechnik, die \u00f6konomischen und umweltpolitischen Aspekte der Bergbahnen.<\/p>","protected":false},"excerpt":{"rendered":"<p>Die faszinierende Geschichte und Technik der Bergbahnen von gestern bis heute: So faszinierend wie die Gipfel, die sie erschliessen, sind die Bergbahnen selbst. Mit Leichtigkeit nehmen sie Hindernisse, die f\u00fcr herk\u00f6mmliche Eisenbahnen oder f\u00fcr Strassen un\u00fcberwindlich sind. Sie erschliessen abgelegene Bergd\u00f6rfer, Alph\u00fctten und Forschungsstationen. Sie erm\u00f6glichen Millionen von Menschen das Erlebnis alpinen Skifahrens, erholsamer Bergwanderungen [&#8230;]\n","protected":false},"featured_media":29032,"template":"","meta":[],"product_brand":[],"product_cat":[21542],"product_tag":[],"class_list":{"0":"post-149279","1":"product","2":"type-product","3":"status-publish","4":"has-post-thumbnail","6":"product_cat-sachbuecher-dokumentationen","7":"pa_autor-moser","8":"pa_erscheinungsjahr-22060","9":"pa_region-schweiz","10":"pa_sprache-de","12":"first","13":"outofstock","14":"taxable","15":"shipping-taxable","16":"purchasable","17":"product-type-simple"},"_links":{"self":[{"href":"https:\/\/pizbube.ch\/en\/wp-json\/wp\/v2\/product\/149279","targetHints":{"allow":["GET"]}}],"collection":[{"href":"https:\/\/pizbube.ch\/en\/wp-json\/wp\/v2\/product"}],"about":[{"href":"https:\/\/pizbube.ch\/en\/wp-json\/wp\/v2\/types\/product"}],"wp:featuredmedia":[{"embeddable":true,"href":"https:\/\/pizbube.ch\/en\/wp-json\/wp\/v2\/media\/29032"}],"wp:attachment":[{"href":"https:\/\/pizbube.ch\/en\/wp-json\/wp\/v2\/media?parent=149279"}],"wp:term":[{"taxonomy":"product_brand","embeddable":true,"href":"https:\/\/pizbube.ch\/en\/wp-json\/wp\/v2\/product_brand?post=149279"},{"taxonomy":"product_cat","embeddable":true,"href":"https:\/\/pizbube.ch\/en\/wp-json\/wp\/v2\/product_cat?post=149279"},{"taxonomy":"product_tag","embeddable":true,"href":"https:\/\/pizbube.ch\/en\/wp-json\/wp\/v2\/product_tag?post=149279"}],"curies":[{"name":"wp","href":"https:\/\/api.w.org\/{rel}","templated":true}]}}