{"id":149280,"date":"2021-01-15T10:59:13","date_gmt":"2021-01-15T10:59:13","guid":{"rendered":"https:\/\/codengine3.ch\/?product=import-placeholder-for-204025"},"modified":"2021-01-15T14:29:01","modified_gmt":"2021-01-15T14:29:01","slug":"wandern-im-land-der-seilbahnen","status":"publish","type":"product","link":"https:\/\/pizbube.ch\/en\/shop\/wandern-im-land-der-seilbahnen\/","title":{"rendered":"Wandern im Land der Seilbahnen"},"content":{"rendered":"<p>Neun wundersch\u00f6ne Wanderrouten durch Nidwalden:<br \/>\n&#8218;Wandern im Land der Seilbahnen&#8216; ist ein aussergew\u00f6hnliches Wanderbuch mit<br \/>\nvielen Informationen \u00fcber Bahnen, Berggasth\u00e4user und Kultur am Weg. Mit<br \/>\nhandlicher Zusatzbrosch\u00fcre, die alle notwendigen Hinweise und Informationen,<br \/>\nwie Karten, Marschzeiten, etc. , f\u00fcr die neun Wanderungen enth\u00e4lt. 192 Seiten,<br \/>\n263 meist farbige Abbildungen und handlichem Routenf\u00fchrer<\/p>","protected":false},"excerpt":{"rendered":"<p>Neun wundersch\u00f6ne Wanderrouten durch Nidwalden: &#8218;Wandern im Land der Seilbahnen&#8216; ist ein aussergew\u00f6hnliches Wanderbuch mit vielen Informationen \u00fcber Bahnen, Berggasth\u00e4user und Kultur am Weg. Mit handlicher Zusatzbrosch\u00fcre, die alle notwendigen Hinweise und Informationen, wie Karten, Marschzeiten, etc. , f\u00fcr die neun Wanderungen enth\u00e4lt. 192 Seiten, 263 meist farbige Abbildungen und handlichem Routenf\u00fchrer<\/p>","protected":false},"featured_media":31757,"template":"","meta":[],"product_brand":[],"product_cat":[21605],"product_tag":[],"class_list":{"0":"post-149280","1":"product","2":"type-product","3":"status-publish","4":"has-post-thumbnail","6":"product_cat-wanderfuehrer-trekking","7":"pa_autor-flueeler-odermatt","8":"pa_erscheinungsjahr-22151","9":"pa_region-schweiz","10":"pa_sprache-de","12":"first","13":"outofstock","14":"taxable","15":"shipping-taxable","16":"purchasable","17":"product-type-simple"},"_links":{"self":[{"href":"https:\/\/pizbube.ch\/en\/wp-json\/wp\/v2\/product\/149280","targetHints":{"allow":["GET"]}}],"collection":[{"href":"https:\/\/pizbube.ch\/en\/wp-json\/wp\/v2\/product"}],"about":[{"href":"https:\/\/pizbube.ch\/en\/wp-json\/wp\/v2\/types\/product"}],"wp:featuredmedia":[{"embeddable":true,"href":"https:\/\/pizbube.ch\/en\/wp-json\/wp\/v2\/media\/31757"}],"wp:attachment":[{"href":"https:\/\/pizbube.ch\/en\/wp-json\/wp\/v2\/media?parent=149280"}],"wp:term":[{"taxonomy":"product_brand","embeddable":true,"href":"https:\/\/pizbube.ch\/en\/wp-json\/wp\/v2\/product_brand?post=149280"},{"taxonomy":"product_cat","embeddable":true,"href":"https:\/\/pizbube.ch\/en\/wp-json\/wp\/v2\/product_cat?post=149280"},{"taxonomy":"product_tag","embeddable":true,"href":"https:\/\/pizbube.ch\/en\/wp-json\/wp\/v2\/product_tag?post=149280"}],"curies":[{"name":"wp","href":"https:\/\/api.w.org\/{rel}","templated":true}]}}