{"id":149281,"date":"2021-01-15T10:59:13","date_gmt":"2021-01-15T10:59:13","guid":{"rendered":"https:\/\/codengine3.ch\/?product=import-placeholder-for-204305"},"modified":"2022-03-26T12:17:27","modified_gmt":"2022-03-26T11:17:27","slug":"saentis-ziel-vieler-traeume","status":"publish","type":"product","link":"https:\/\/pizbube.ch\/en\/shop\/saentis-ziel-vieler-traeume\/","title":{"rendered":"S\u00e4ntis &#8211; Ziel vieler Tr\u00e4ume"},"content":{"rendered":"<p>Die Geschichte der Bahnprojekte auf den S\u00e4ntis.<br \/>\nVon weit her sieht man ihn, den S\u00e4ntis, das Wahrzeichen der Ostschweiz, das<br \/>\nZiel zahlreicher Wanderer, Kletterer und Ausfl\u00fcgler. Seit 1935 k\u00f6nnen alle<br \/>\nm\u00fchelos den Gipfel mit seiner fabelhaften Rundsicht erreichen dank der<br \/>\nSchwebebahn. Die Geschichte der Erschliessung des Berges ist das Thema dieses<br \/>\nBuches.<\/p>\n<p>Es zeigt, welche realistischen und verr\u00fcckten Pl\u00e4ne verfolgt wurden,<br \/>\nwie sich die Idee des Herisauer Advokaten Carl Meyer gegen alle Widerst\u00e4nde<br \/>\ndurchsetzte und wie daraus nach schwierigen Anf\u00e4ngen ein hochmodernes<br \/>\nflorierendes Unternehmen geworden ist.<\/p>","protected":false},"excerpt":{"rendered":"<p>Die Geschichte der Bahnprojekte auf den S\u00e4ntis. Von weit her sieht man ihn, den S\u00e4ntis, das Wahrzeichen der Ostschweiz, das Ziel zahlreicher Wanderer, Kletterer und Ausfl\u00fcgler. Seit 1935 k\u00f6nnen alle m\u00fchelos den Gipfel mit seiner fabelhaften Rundsicht erreichen dank der Schwebebahn. Die Geschichte der Erschliessung des Berges ist das Thema dieses Buches. Es zeigt, welche [&#8230;]\n","protected":false},"featured_media":32135,"template":"","meta":[],"product_brand":[],"product_cat":[21542],"product_tag":[],"class_list":{"0":"post-149281","1":"product","2":"type-product","3":"status-publish","4":"has-post-thumbnail","6":"product_cat-sachbuecher-dokumentationen","7":"pa_autor-huerlemann","8":"pa_erscheinungsjahr-21750","9":"pa_region-schweiz","10":"pa_sprache-de","12":"first","13":"outofstock","14":"taxable","15":"shipping-taxable","16":"purchasable","17":"product-type-simple"},"_links":{"self":[{"href":"https:\/\/pizbube.ch\/en\/wp-json\/wp\/v2\/product\/149281","targetHints":{"allow":["GET"]}}],"collection":[{"href":"https:\/\/pizbube.ch\/en\/wp-json\/wp\/v2\/product"}],"about":[{"href":"https:\/\/pizbube.ch\/en\/wp-json\/wp\/v2\/types\/product"}],"wp:featuredmedia":[{"embeddable":true,"href":"https:\/\/pizbube.ch\/en\/wp-json\/wp\/v2\/media\/32135"}],"wp:attachment":[{"href":"https:\/\/pizbube.ch\/en\/wp-json\/wp\/v2\/media?parent=149281"}],"wp:term":[{"taxonomy":"product_brand","embeddable":true,"href":"https:\/\/pizbube.ch\/en\/wp-json\/wp\/v2\/product_brand?post=149281"},{"taxonomy":"product_cat","embeddable":true,"href":"https:\/\/pizbube.ch\/en\/wp-json\/wp\/v2\/product_cat?post=149281"},{"taxonomy":"product_tag","embeddable":true,"href":"https:\/\/pizbube.ch\/en\/wp-json\/wp\/v2\/product_tag?post=149281"}],"curies":[{"name":"wp","href":"https:\/\/api.w.org\/{rel}","templated":true}]}}