{"id":149282,"date":"2021-01-15T10:59:13","date_gmt":"2021-01-15T10:59:13","guid":{"rendered":"https:\/\/codengine3.ch\/?product=import-placeholder-for-205367"},"modified":"2021-12-14T09:42:22","modified_gmt":"2021-12-14T08:42:22","slug":"die-schoensten-verkehrsmittel-der-schweiz","status":"publish","type":"product","link":"https:\/\/pizbube.ch\/en\/shop\/die-schoensten-verkehrsmittel-der-schweiz\/","title":{"rendered":"Die sch\u00f6nsten Verkehrsmittel der Schweiz"},"content":{"rendered":"<p>Der Schweizer Heimatschutz pr\u00e4sentiert die sch\u00f6nsten Verkehrsmittel der<br \/>\nSwitzerland<br \/>\n(Publikation mit 76 Seiten, d\/f).<\/p>","protected":false},"excerpt":{"rendered":"<p>Der Schweizer Heimatschutz pr\u00e4sentiert die sch\u00f6nsten Verkehrsmittel der Schweiz (Publikation mit 76 Seiten, d\/f).<\/p>","protected":false},"featured_media":34046,"template":"","meta":[],"product_brand":[],"product_cat":[21542],"product_tag":[],"class_list":{"0":"post-149282","1":"product","2":"type-product","3":"status-publish","4":"has-post-thumbnail","6":"product_cat-sachbuecher-dokumentationen","7":"pa_autor-schweizer-heimatschutz","8":"pa_erscheinungsjahr-21591","9":"pa_region-schweiz","10":"pa_sprache-d","11":"pa_sprache-f","13":"first","14":"outofstock","15":"taxable","16":"shipping-taxable","17":"purchasable","18":"product-type-simple"},"_links":{"self":[{"href":"https:\/\/pizbube.ch\/en\/wp-json\/wp\/v2\/product\/149282","targetHints":{"allow":["GET"]}}],"collection":[{"href":"https:\/\/pizbube.ch\/en\/wp-json\/wp\/v2\/product"}],"about":[{"href":"https:\/\/pizbube.ch\/en\/wp-json\/wp\/v2\/types\/product"}],"wp:featuredmedia":[{"embeddable":true,"href":"https:\/\/pizbube.ch\/en\/wp-json\/wp\/v2\/media\/34046"}],"wp:attachment":[{"href":"https:\/\/pizbube.ch\/en\/wp-json\/wp\/v2\/media?parent=149282"}],"wp:term":[{"taxonomy":"product_brand","embeddable":true,"href":"https:\/\/pizbube.ch\/en\/wp-json\/wp\/v2\/product_brand?post=149282"},{"taxonomy":"product_cat","embeddable":true,"href":"https:\/\/pizbube.ch\/en\/wp-json\/wp\/v2\/product_cat?post=149282"},{"taxonomy":"product_tag","embeddable":true,"href":"https:\/\/pizbube.ch\/en\/wp-json\/wp\/v2\/product_tag?post=149282"}],"curies":[{"name":"wp","href":"https:\/\/api.w.org\/{rel}","templated":true}]}}