{"id":149285,"date":"2021-01-15T10:59:13","date_gmt":"2021-01-15T10:59:13","guid":{"rendered":"https:\/\/codengine3.ch\/?product=import-placeholder-for-203508"},"modified":"2021-01-15T14:23:57","modified_gmt":"2021-01-15T14:23:57","slug":"die-dolomitenstrasse","status":"publish","type":"product","link":"https:\/\/pizbube.ch\/en\/shop\/die-dolomitenstrasse\/","title":{"rendered":"Die Dolomitenstrasse"},"content":{"rendered":"<p>Reprint einer Dokumentation \u00fcber die ber\u00fchmte Dolomitenstrasse von Bozen \u00fcber<br \/>\nCortina nach Toblach aus dem Jahre 1909. Sie geh\u00f6rt immer noch zu den Traum-<br \/>\nAlpenpassstrassen Europas und wer heute die weltber\u00fchmte Achterbahn \u00fcber die<br \/>\nvielen Dolomitenp\u00e4sse absolviert, der kann sich kaum noch vorstellen, dass<br \/>\ndiese Weganlage einst von unglaublicher K\u00fchnheit war! 127 S., viele s\/ w Abb.<\/p>","protected":false},"excerpt":{"rendered":"<p>Reprint einer Dokumentation \u00fcber die ber\u00fchmte Dolomitenstrasse von Bozen \u00fcber Cortina nach Toblach aus dem Jahre 1909. Sie geh\u00f6rt immer noch zu den Traum- Alpenpassstrassen Europas und wer heute die weltber\u00fchmte Achterbahn \u00fcber die vielen Dolomitenp\u00e4sse absolviert, der kann sich kaum noch vorstellen, dass diese Weganlage einst von unglaublicher K\u00fchnheit war! 127 S., viele s\/ [&#8230;]\n","protected":false},"featured_media":31127,"template":"","meta":[],"product_brand":[],"product_cat":[21580],"product_tag":[],"class_list":{"0":"post-149285","1":"product","2":"type-product","3":"status-publish","4":"has-post-thumbnail","6":"product_cat-kunst-kultur","7":"pa_autor-christomannos","8":"pa_erscheinungsjahr-22060","9":"pa_region-italien","10":"pa_sprache-de","12":"first","13":"instock","14":"taxable","15":"shipping-taxable","16":"purchasable","17":"product-type-simple"},"_links":{"self":[{"href":"https:\/\/pizbube.ch\/en\/wp-json\/wp\/v2\/product\/149285","targetHints":{"allow":["GET"]}}],"collection":[{"href":"https:\/\/pizbube.ch\/en\/wp-json\/wp\/v2\/product"}],"about":[{"href":"https:\/\/pizbube.ch\/en\/wp-json\/wp\/v2\/types\/product"}],"wp:featuredmedia":[{"embeddable":true,"href":"https:\/\/pizbube.ch\/en\/wp-json\/wp\/v2\/media\/31127"}],"wp:attachment":[{"href":"https:\/\/pizbube.ch\/en\/wp-json\/wp\/v2\/media?parent=149285"}],"wp:term":[{"taxonomy":"product_brand","embeddable":true,"href":"https:\/\/pizbube.ch\/en\/wp-json\/wp\/v2\/product_brand?post=149285"},{"taxonomy":"product_cat","embeddable":true,"href":"https:\/\/pizbube.ch\/en\/wp-json\/wp\/v2\/product_cat?post=149285"},{"taxonomy":"product_tag","embeddable":true,"href":"https:\/\/pizbube.ch\/en\/wp-json\/wp\/v2\/product_tag?post=149285"}],"curies":[{"name":"wp","href":"https:\/\/api.w.org\/{rel}","templated":true}]}}