{"id":149286,"date":"2021-01-15T10:59:13","date_gmt":"2021-01-15T10:59:13","guid":{"rendered":"https:\/\/codengine3.ch\/?product=import-placeholder-for-207355"},"modified":"2023-10-07T10:33:52","modified_gmt":"2023-10-07T08:33:52","slug":"passbilder-landschaften-der-alpenpaesse","status":"publish","type":"product","link":"https:\/\/pizbube.ch\/en\/shop\/passbilder-landschaften-der-alpenpaesse\/","title":{"rendered":"Passbilder &#8211; Landschaften der Alpenp\u00e4sse"},"content":{"rendered":"<p>Auf schmalen Saumfaden \u00fcberquerten Menschen bereits in der Bronzezeit die<br \/>\nAlpen. Pilgerwege, Milit\u00e4rstra\u00dfen und sp\u00e4ter Autobahnen ebneten dem Menschen<br \/>\nden Weg durch die majest\u00e4tische Landschaft.<\/p>\n<p>In diesem Bildband sp\u00fcrt Berthold Steinhilber der Faszination auf 77, teils<br \/>\nwenig bekannten, Alpenp\u00e4ssen nach. Entstanden sind detailreiche Bilder,<br \/>\nuntermalt mit vielen Informationen \u00fcber vergessene Pfade und Geschichten von<br \/>\nTransalp der Alpen\u00fcberquerung.<br \/>\n240 Seiten, ca. 200 Abbildungen, Format 26,8 x 28,9 cm, Hardcover mit<br \/>\nSchutzumschlag<\/p>","protected":false},"excerpt":{"rendered":"<p>Auf schmalen Saumfaden \u00fcberquerten Menschen bereits in der Bronzezeit die Alpen. Pilgerwege, Milit\u00e4rstra\u00dfen und sp\u00e4ter Autobahnen ebneten dem Menschen den Weg durch die majest\u00e4tische Landschaft. In diesem Bildband sp\u00fcrt Berthold Steinhilber der Faszination auf 77, teils wenig bekannten, Alpenp\u00e4ssen nach. Entstanden sind detailreiche Bilder, untermalt mit vielen Informationen \u00fcber vergessene Pfade und Geschichten von Transalp [&#8230;]\n","protected":false},"featured_media":169840,"template":"","meta":[],"product_brand":[],"product_cat":[21542],"product_tag":[],"class_list":{"0":"post-149286","1":"product","2":"type-product","3":"status-publish","4":"has-post-thumbnail","6":"product_cat-sachbuecher-dokumentationen","7":"pa_autor-steinhilber-huesler","8":"pa_erscheinungsjahr-21597","9":"pa_region-deutschland","10":"pa_sprache-de","12":"first","13":"instock","14":"taxable","15":"shipping-taxable","16":"purchasable","17":"product-type-simple"},"_links":{"self":[{"href":"https:\/\/pizbube.ch\/en\/wp-json\/wp\/v2\/product\/149286","targetHints":{"allow":["GET"]}}],"collection":[{"href":"https:\/\/pizbube.ch\/en\/wp-json\/wp\/v2\/product"}],"about":[{"href":"https:\/\/pizbube.ch\/en\/wp-json\/wp\/v2\/types\/product"}],"wp:featuredmedia":[{"embeddable":true,"href":"https:\/\/pizbube.ch\/en\/wp-json\/wp\/v2\/media\/169840"}],"wp:attachment":[{"href":"https:\/\/pizbube.ch\/en\/wp-json\/wp\/v2\/media?parent=149286"}],"wp:term":[{"taxonomy":"product_brand","embeddable":true,"href":"https:\/\/pizbube.ch\/en\/wp-json\/wp\/v2\/product_brand?post=149286"},{"taxonomy":"product_cat","embeddable":true,"href":"https:\/\/pizbube.ch\/en\/wp-json\/wp\/v2\/product_cat?post=149286"},{"taxonomy":"product_tag","embeddable":true,"href":"https:\/\/pizbube.ch\/en\/wp-json\/wp\/v2\/product_tag?post=149286"}],"curies":[{"name":"wp","href":"https:\/\/api.w.org\/{rel}","templated":true}]}}