{"id":149287,"date":"2021-01-15T10:59:13","date_gmt":"2021-01-15T10:59:13","guid":{"rendered":"https:\/\/codengine3.ch\/?product=import-placeholder-for-208496"},"modified":"2023-10-07T10:40:02","modified_gmt":"2023-10-07T08:40:02","slug":"escapes-traumrouten-der-alpen","status":"publish","type":"product","link":"https:\/\/pizbube.ch\/en\/shop\/escapes-traumrouten-der-alpen\/","title":{"rendered":"Escapes &#8211; Traumrouten der Alpen"},"content":{"rendered":"<p>Kurven bringen Gl\u00fcck Alpenp\u00e4sse. Pur. Puristisch. Mit eigenem Blick<br \/>\nfotografiert. Serpentine nach Serpentine. Eingebettet in gro\u00dfartige<br \/>\nLandschaft. Das ist die Essenz dieses Buches: ein Traum-Bildband f\u00fcr Pass-<br \/>\nLiebhaber, die an langen Winterabenden beim Bl\u00e4ttern wieder mittendrin sind.<br \/>\nBeim Betrachten dieses Fotobandes steigt bei jedem Serpentinenfan die Lust auf<br \/>\ndie n\u00e4chste Saison in den Alpen. Man sp\u00fcrt Stefan Bogners ganz eigene Passion<br \/>\nf\u00fcr den Schwung der Stra\u00dfen, den er in seinen Fotos festh\u00e4lt und begleitet. Ob<br \/>\nes eine Rolle spielt, dass er als Neffe Willy Bogners nat\u00fcrlich auch den<br \/>\nSchwung auf der Skipiste kennt und liebt? Das muss der Leser selbst<br \/>\nherausfinden.<\/p>\n<p>Das Buch enth\u00e4lt folgende P\u00e4sse: . Gotthardpass. Nufenenpass. San Bernadino.<br \/>\nGro\u00dfer Sankt Bernhard. Sustenpass. Grimselpass. Furkapass. Albulapass.<br \/>\nFl\u00fcelapass. Grossglockner. Col d\u00bfIzoard. Col du Galibier. Col de la Croix de<br \/>\nFer. Col de la Bonette. Stilfser Joch<\/p>","protected":false},"excerpt":{"rendered":"<p>Kurven bringen Gl\u00fcck Alpenp\u00e4sse. Pur. Puristisch. Mit eigenem Blick fotografiert. Serpentine nach Serpentine. Eingebettet in gro\u00dfartige Landschaft. Das ist die Essenz dieses Buches: ein Traum-Bildband f\u00fcr Pass- Liebhaber, die an langen Winterabenden beim Bl\u00e4ttern wieder mittendrin sind. Beim Betrachten dieses Fotobandes steigt bei jedem Serpentinenfan die Lust auf die n\u00e4chste Saison in den Alpen. Man [&#8230;]\n","protected":false},"featured_media":169841,"template":"","meta":[],"product_brand":[],"product_cat":[21580],"product_tag":[],"class_list":{"0":"post-149287","1":"product","2":"type-product","3":"status-publish","4":"has-post-thumbnail","6":"product_cat-kunst-kultur","7":"pa_autor-bogner","8":"pa_erscheinungsjahr-21621","9":"pa_region-schweiz","10":"pa_sprache-de","12":"first","13":"instock","14":"taxable","15":"shipping-taxable","16":"purchasable","17":"product-type-simple"},"_links":{"self":[{"href":"https:\/\/pizbube.ch\/en\/wp-json\/wp\/v2\/product\/149287","targetHints":{"allow":["GET"]}}],"collection":[{"href":"https:\/\/pizbube.ch\/en\/wp-json\/wp\/v2\/product"}],"about":[{"href":"https:\/\/pizbube.ch\/en\/wp-json\/wp\/v2\/types\/product"}],"wp:featuredmedia":[{"embeddable":true,"href":"https:\/\/pizbube.ch\/en\/wp-json\/wp\/v2\/media\/169841"}],"wp:attachment":[{"href":"https:\/\/pizbube.ch\/en\/wp-json\/wp\/v2\/media?parent=149287"}],"wp:term":[{"taxonomy":"product_brand","embeddable":true,"href":"https:\/\/pizbube.ch\/en\/wp-json\/wp\/v2\/product_brand?post=149287"},{"taxonomy":"product_cat","embeddable":true,"href":"https:\/\/pizbube.ch\/en\/wp-json\/wp\/v2\/product_cat?post=149287"},{"taxonomy":"product_tag","embeddable":true,"href":"https:\/\/pizbube.ch\/en\/wp-json\/wp\/v2\/product_tag?post=149287"}],"curies":[{"name":"wp","href":"https:\/\/api.w.org\/{rel}","templated":true}]}}