{"id":149289,"date":"2021-01-15T10:59:13","date_gmt":"2021-01-15T10:59:13","guid":{"rendered":"https:\/\/codengine3.ch\/?product=import-placeholder-for-205183"},"modified":"2022-03-16T09:02:17","modified_gmt":"2022-03-16T08:02:17","slug":"carnet-de-montagne","status":"publish","type":"product","link":"https:\/\/pizbube.ch\/en\/shop\/carnet-de-montagne\/","title":{"rendered":"Carnet de montagne"},"content":{"rendered":"<p>Charlotte Perriand et la montagne:<\/p>\n<p>Charlotte Perriand fait partie des cr\u00e9ateurs qui ont marqu\u00e9 le XXe si\u00e8cle.<br \/>\nPassionn\u00e9e par la montagne qu&#8217;elle pratique assid\u00fbment dans les ann\u00e9es 30,<br \/>\nelle r\u00e9alise en tant qu&#8217;architecte des constructions innovantes : refuge<br \/>\nbivouac, am\u00e9nagements d&#8217;h\u00f4tels \u00e0 M\u00e9ribel, stations des Arc.<br \/>\nSon oeuvre et son h\u00e9ritage seront au coeur des d\u00e9bats qui r\u00e9unissent des<br \/>\narchitectes et diff\u00e9rents t\u00e9moins ayant c\u00f4toy\u00e9s cette figure de la cr\u00e9ation du<br \/>\nXXe si\u00e8cle, particuli\u00e8rement d&#8217;avant-garde et libre. A compl\u00e9ter avec<br \/>\nl&#8217;ouvrage Carnet de montagne de Charlotte Perriand, \u00e9dit\u00e9 pour l&#8217;exposition<br \/>\nd&#8217;Albertville et qui retrace son rapport passionn\u00e9 avec les cimes. Sa pratique<br \/>\n\u00e0 haut niveau de la montagne est \u00e9voqu\u00e9e, comme son travail en mati\u00e8re<br \/>\nd&#8217;am\u00e9nagement de cet espace qu&#8217;elle affectionnait tant. Derri\u00e8re cet album \u00e0<br \/>\nspirales, des intimes, sa fille Pernette Perriand- Barsac et l&#8217;architecte<br \/>\nRoger Aujame et nombre de photos, parfois rares ou in\u00e9dites, o\u00f9 l&#8217;on capte la<br \/>\npersonnalit\u00e9 solaire de Charlotte Perriand.<\/p>","protected":false},"excerpt":{"rendered":"<p>Charlotte Perriand et la montagne: Charlotte Perriand fait partie des cr\u00e9ateurs qui ont marqu\u00e9 le XXe si\u00e8cle. Passionn\u00e9e par la montagne qu&#8217;elle pratique assid\u00fbment dans les ann\u00e9es 30, elle r\u00e9alise en tant qu&#8217;architecte des constructions innovantes : refuge bivouac, am\u00e9nagements d&#8217;h\u00f4tels \u00e0 M\u00e9ribel, stations des Arc. Son oeuvre et son h\u00e9ritage seront au coeur des [&#8230;]\n","protected":false},"featured_media":33813,"template":"","meta":[],"product_brand":[],"product_cat":[21580],"product_tag":[],"class_list":{"0":"post-149289","1":"product","2":"type-product","3":"status-publish","4":"has-post-thumbnail","6":"product_cat-kunst-kultur","7":"pa_autor-aujame-perriand-barsac","8":"pa_erscheinungsjahr-21842","9":"pa_region-frankreich","10":"pa_sprache-fr","12":"first","13":"outofstock","14":"taxable","15":"shipping-taxable","16":"purchasable","17":"product-type-simple"},"_links":{"self":[{"href":"https:\/\/pizbube.ch\/en\/wp-json\/wp\/v2\/product\/149289","targetHints":{"allow":["GET"]}}],"collection":[{"href":"https:\/\/pizbube.ch\/en\/wp-json\/wp\/v2\/product"}],"about":[{"href":"https:\/\/pizbube.ch\/en\/wp-json\/wp\/v2\/types\/product"}],"wp:featuredmedia":[{"embeddable":true,"href":"https:\/\/pizbube.ch\/en\/wp-json\/wp\/v2\/media\/33813"}],"wp:attachment":[{"href":"https:\/\/pizbube.ch\/en\/wp-json\/wp\/v2\/media?parent=149289"}],"wp:term":[{"taxonomy":"product_brand","embeddable":true,"href":"https:\/\/pizbube.ch\/en\/wp-json\/wp\/v2\/product_brand?post=149289"},{"taxonomy":"product_cat","embeddable":true,"href":"https:\/\/pizbube.ch\/en\/wp-json\/wp\/v2\/product_cat?post=149289"},{"taxonomy":"product_tag","embeddable":true,"href":"https:\/\/pizbube.ch\/en\/wp-json\/wp\/v2\/product_tag?post=149289"}],"curies":[{"name":"wp","href":"https:\/\/api.w.org\/{rel}","templated":true}]}}