{"id":149290,"date":"2021-01-15T10:59:13","date_gmt":"2021-01-15T10:59:13","guid":{"rendered":"https:\/\/codengine3.ch\/?product=import-placeholder-for-204034"},"modified":"2021-01-15T14:29:04","modified_gmt":"2021-01-15T14:29:04","slug":"archithese-3-2005-bauen-in-den-bergen","status":"publish","type":"product","link":"https:\/\/pizbube.ch\/en\/shop\/archithese-3-2005-bauen-in-den-bergen\/","title":{"rendered":"archithese 3.2005 Bauen in den Bergen"},"content":{"rendered":"<p>In den Bergen bauen &#8211; Kontinuit\u00e4t eines Diskurses<br \/>\nSt. Moritz existiert nicht<br \/>\nVorw\u00e4rts zur Natur- Die Urbanit\u00e4t alpiner Regionen<br \/>\nAlpine Moderne in Tirol und S\u00fcdtirol<br \/>\nBauten und Projekte: Herzog &#038; de Meuron,<br \/>\nUN Studio, Miller &#038; Maranta, Hans-J\u00f6rg Ruch,<br \/>\nJ\u00fcrg Conzett, Mario Botta, Matteo Thun<\/p>","protected":false},"excerpt":{"rendered":"<p>In den Bergen bauen &#8211; Kontinuit\u00e4t eines Diskurses St. Moritz existiert nicht Vorw\u00e4rts zur Natur- Die Urbanit\u00e4t alpiner Regionen Alpine Moderne in Tirol und S\u00fcdtirol Bauten und Projekte: Herzog &#038; de Meuron, UN Studio, Miller &#038; Maranta, Hans-J\u00f6rg Ruch, J\u00fcrg Conzett, Mario Botta, Matteo Thun<\/p>","protected":false},"featured_media":31769,"template":"","meta":[],"product_brand":[],"product_cat":[21541],"product_tag":[],"class_list":{"0":"post-149290","1":"product","2":"type-product","3":"status-publish","4":"has-post-thumbnail","6":"product_cat-zeitschriften","7":"pa_autor-archithese","8":"pa_erscheinungsjahr-21776","9":"pa_region-schweiz","10":"pa_sprache-d","11":"pa_sprache-f","13":"first","14":"instock","15":"taxable","16":"shipping-taxable","17":"purchasable","18":"product-type-simple"},"_links":{"self":[{"href":"https:\/\/pizbube.ch\/en\/wp-json\/wp\/v2\/product\/149290","targetHints":{"allow":["GET"]}}],"collection":[{"href":"https:\/\/pizbube.ch\/en\/wp-json\/wp\/v2\/product"}],"about":[{"href":"https:\/\/pizbube.ch\/en\/wp-json\/wp\/v2\/types\/product"}],"wp:featuredmedia":[{"embeddable":true,"href":"https:\/\/pizbube.ch\/en\/wp-json\/wp\/v2\/media\/31769"}],"wp:attachment":[{"href":"https:\/\/pizbube.ch\/en\/wp-json\/wp\/v2\/media?parent=149290"}],"wp:term":[{"taxonomy":"product_brand","embeddable":true,"href":"https:\/\/pizbube.ch\/en\/wp-json\/wp\/v2\/product_brand?post=149290"},{"taxonomy":"product_cat","embeddable":true,"href":"https:\/\/pizbube.ch\/en\/wp-json\/wp\/v2\/product_cat?post=149290"},{"taxonomy":"product_tag","embeddable":true,"href":"https:\/\/pizbube.ch\/en\/wp-json\/wp\/v2\/product_tag?post=149290"}],"curies":[{"name":"wp","href":"https:\/\/api.w.org\/{rel}","templated":true}]}}