{"id":149293,"date":"2021-01-15T10:59:18","date_gmt":"2021-01-15T10:59:18","guid":{"rendered":"https:\/\/codengine3.ch\/?product=import-placeholder-for-206408"},"modified":"2021-01-15T14:48:42","modified_gmt":"2021-01-15T14:48:42","slug":"das-grosse-buch-der-walser-sagen","status":"publish","type":"product","link":"https:\/\/pizbube.ch\/en\/shop\/das-grosse-buch-der-walser-sagen\/","title":{"rendered":"Das Grosse Buch der Walser Sagen"},"content":{"rendered":"<p>Das neue grosse Handbuch zur Walser Sagenwelt vereinigt \u00fcber 900 Sagen und<br \/>\nSagenmotive aus der Bergwelt des Oberwallis, diesseits und jenseits des<br \/>\nSimplons, aus dem Piemont, aus Graub\u00fcnden, aus dem St. Galler Oberland, dem<br \/>\nGlarnerland, aus dem Berner Oberland, aus dem Pomatt und aus Savoyen sowie aus<br \/>\nLiechtenstein, Vorarlberg und Tirol. Es bietet fast 500 Seiten<br \/>\nuneingeschr\u00e4nktes Lesevergn\u00fcgen f\u00fcr alle, die volkskundlich und<br \/>\nsagengeschichtlich interessiert sind und f\u00fcr alle, die die sagenumwobene Welt<br \/>\nder Walser endlich besser kennenlernen m\u00f6chten. Wer gerne Sagen liest, wer<br \/>\nspannenden Lesestoff f\u00fcr seine n\u00e4chsten Bergferien sucht, wer Texte zum<br \/>\nEinlesen in die Geschichte der Walser-Bewegung sucht oder wer als Vortragender<br \/>\nMaterialien f\u00fcr Schulen, Gruppen oder das Volkskunde-Studium braucht&#8230;  <\/p>","protected":false},"excerpt":{"rendered":"<ul>\n<li><b>INFO: Vergriffen, laut Verlag keine Neuauflage<b><\/li>\n<\/ul>","protected":false},"featured_media":35435,"template":"","meta":[],"product_brand":[],"product_cat":[21580],"product_tag":[],"class_list":{"0":"post-149293","1":"product","2":"type-product","3":"status-publish","4":"has-post-thumbnail","6":"product_cat-kunst-kultur","7":"pa_autor-waibel","8":"pa_erscheinungsjahr-21830","9":"pa_region-schweiz","10":"pa_sprache-de","12":"first","13":"outofstock","14":"taxable","15":"shipping-taxable","16":"purchasable","17":"product-type-simple"},"_links":{"self":[{"href":"https:\/\/pizbube.ch\/en\/wp-json\/wp\/v2\/product\/149293","targetHints":{"allow":["GET"]}}],"collection":[{"href":"https:\/\/pizbube.ch\/en\/wp-json\/wp\/v2\/product"}],"about":[{"href":"https:\/\/pizbube.ch\/en\/wp-json\/wp\/v2\/types\/product"}],"wp:featuredmedia":[{"embeddable":true,"href":"https:\/\/pizbube.ch\/en\/wp-json\/wp\/v2\/media\/35435"}],"wp:attachment":[{"href":"https:\/\/pizbube.ch\/en\/wp-json\/wp\/v2\/media?parent=149293"}],"wp:term":[{"taxonomy":"product_brand","embeddable":true,"href":"https:\/\/pizbube.ch\/en\/wp-json\/wp\/v2\/product_brand?post=149293"},{"taxonomy":"product_cat","embeddable":true,"href":"https:\/\/pizbube.ch\/en\/wp-json\/wp\/v2\/product_cat?post=149293"},{"taxonomy":"product_tag","embeddable":true,"href":"https:\/\/pizbube.ch\/en\/wp-json\/wp\/v2\/product_tag?post=149293"}],"curies":[{"name":"wp","href":"https:\/\/api.w.org\/{rel}","templated":true}]}}