{"id":149294,"date":"2021-01-15T10:59:18","date_gmt":"2021-01-15T10:59:18","guid":{"rendered":"https:\/\/codengine3.ch\/?product=import-placeholder-for-203506"},"modified":"2021-06-19T11:22:50","modified_gmt":"2021-06-19T09:22:50","slug":"das-hochtal-avers","status":"publish","type":"product","link":"https:\/\/pizbube.ch\/en\/shop\/das-hochtal-avers\/","title":{"rendered":"Das Hochtal Avers"},"content":{"rendered":"<p>Es gibt B\u00fccher, die \u00fcber einen Symbolcharakter verf\u00fcgen. Sie sind Bestseller,<br \/>\nnicht weil sie auf der gleichnamigen Liste erschienen sind, sondern weil sie<br \/>\nin ihrer Art ganz einfach die Besten sind. Zu diesen Publikationen geh\u00f6rt Das<br \/>\nHochtal Avers von Johann Rudolf Stoffel, das von der Gemeinde Avers in<br \/>\nZusammenarbeit mit der Walservereinigung Graub\u00fcnden in 5. Auflage<br \/>\nherausgegeben worden ist.<\/p>\n<p>Hier berichtet ein Einheimischer auf packende Weise von Geschichte, Kultur und<br \/>\nAlltagsleben in einem B\u00fcndner Bergtal, das von den Walsern gepr\u00e4gt wurde und<br \/>\nnoch heute zu den urt\u00fcmlichsten Landschaften der Schweiz geh\u00f6rt.<\/p>\n<p>Stoffels Buch fasziniert durch seine gute Lesbarkeit, seine moderne<br \/>\nErz\u00e4hlweise sowie seine fundierten historischen, volkskundlichen und<br \/>\nsprachlichen Darstellungen, die- von einigen neueren Erkenntnissen im Bereich<br \/>\nder Walser Geschichte und Kultur abgesehen- immer noch G\u00fcltigkeit haben.<\/p>\n<p>Unver\u00e4nderer Nachdruck der Originalversion von 1938 \/ 5. Auflage 2019<\/p>","protected":false},"excerpt":{"rendered":"<p>Es gibt B\u00fccher, die \u00fcber einen Symbolcharakter verf\u00fcgen. Sie sind Bestseller, nicht weil sie auf der gleichnamigen Liste erschienen sind, sondern weil sie in ihrer Art ganz einfach die Besten sind. Zu diesen Publikationen geh\u00f6rt Das Hochtal Avers von Johann Rudolf Stoffel, das von der Gemeinde Avers in Zusammenarbeit mit der Walservereinigung Graub\u00fcnden in 5. [&#8230;]\n","protected":false},"featured_media":157658,"template":"","meta":[],"product_brand":[],"product_cat":[21542],"product_tag":[],"class_list":{"0":"post-149294","1":"product","2":"type-product","3":"status-publish","4":"has-post-thumbnail","6":"product_cat-sachbuecher-dokumentationen","7":"pa_autor-stoffel","8":"pa_erscheinungsjahr-21586","9":"pa_region-schweiz","10":"pa_sprache-de","12":"first","13":"instock","14":"taxable","15":"shipping-taxable","16":"purchasable","17":"product-type-simple"},"_links":{"self":[{"href":"https:\/\/pizbube.ch\/en\/wp-json\/wp\/v2\/product\/149294","targetHints":{"allow":["GET"]}}],"collection":[{"href":"https:\/\/pizbube.ch\/en\/wp-json\/wp\/v2\/product"}],"about":[{"href":"https:\/\/pizbube.ch\/en\/wp-json\/wp\/v2\/types\/product"}],"wp:featuredmedia":[{"embeddable":true,"href":"https:\/\/pizbube.ch\/en\/wp-json\/wp\/v2\/media\/157658"}],"wp:attachment":[{"href":"https:\/\/pizbube.ch\/en\/wp-json\/wp\/v2\/media?parent=149294"}],"wp:term":[{"taxonomy":"product_brand","embeddable":true,"href":"https:\/\/pizbube.ch\/en\/wp-json\/wp\/v2\/product_brand?post=149294"},{"taxonomy":"product_cat","embeddable":true,"href":"https:\/\/pizbube.ch\/en\/wp-json\/wp\/v2\/product_cat?post=149294"},{"taxonomy":"product_tag","embeddable":true,"href":"https:\/\/pizbube.ch\/en\/wp-json\/wp\/v2\/product_tag?post=149294"}],"curies":[{"name":"wp","href":"https:\/\/api.w.org\/{rel}","templated":true}]}}