{"id":149295,"date":"2021-01-15T10:59:18","date_gmt":"2021-01-15T10:59:18","guid":{"rendered":"https:\/\/codengine3.ch\/?product=import-placeholder-for-205748"},"modified":"2021-01-15T14:43:36","modified_gmt":"2021-01-15T14:43:36","slug":"brandnertal-mit-grossem-walsertal-und-klostertal","status":"publish","type":"product","link":"https:\/\/pizbube.ch\/en\/shop\/brandnertal-mit-grossem-walsertal-und-klostertal\/","title":{"rendered":"Brandnertal mit Gro\u00dfem Walsertal und Klostertal"},"content":{"rendered":"<p>Mitten im Herzen Vorarlbergs gelegen und ausgestattet mit einem modernen<br \/>\nWanderwegekonzept bieten Brandnertal, Gro\u00dfes Walsertal, Klostertal und<br \/>\n\u00f6stlicher Walgau eine bunte Mischung von beliebten Gipfelbesteigungen und<br \/>\neinsamen Wald- und H\u00f6henwanderungen \u00fcber Mais\u00e4\u00dfe, Berggasth\u00e4user und<br \/>\nAlph\u00fctten.<\/p>\n<p>Den gr\u00f6\u00dften Teil der in der Regel leichten und mittelschweren Wanderungen<br \/>\nbietet das Brandnertal auf, gepr\u00e4gt von einer grandiosen Gipfelwelt mit der<br \/>\nmajest\u00e4tischen Schesaplana und dem Fremdenverkehrs-magnet L\u00fcnersee, der &#8218;Perle<br \/>\ndes R\u00e4tikons&#8216;. Der Talschluss gilt als der sch\u00f6nste in den Ostalpen. Ein ganz<br \/>\nanderes Gesicht zeigt das Gro\u00dfe Walsertal. Das Hightech-Zeitalter hat um<br \/>\ndieses heimelige, haupts\u00e4chlich von zertobelten Grasbergen ges\u00e4umte Kerbtal<br \/>\nder brauchtumsbewussten Walser bislang erfreulicherweise einen gro\u00dfen Bogen<br \/>\ngeschlagen.  <\/p>\n<p>Auf historischen Walserwegen taucht man in die noch unverf\u00e4lschte<br \/>\nBerglandschaft ein und erlebt die reiche kulturelle Vergangenheit des Tals.<br \/>\nAusfl\u00fcge rund um die Bezirkshauptstadt Bludenz und beiderseits des zum Arlberg<br \/>\nverlaufenden Klostertals runden das Routenangebot ab.<\/p>\n<p>Eine \u00fcbersichtliche Kurzinfo, Wanderk\u00e4rtchen im Ma\u00dfstab 1:50.000 und 1:75.000,<br \/>\neine kurz gefasste, aber detaillierte Wegbeschreibung zu jeder der Touren<br \/>\nsowie eine \u00dcbersichtskarte erleichtern dem Wanderer die Planung und<br \/>\nDurchf\u00fchrung seiner Exkursionen. Ansprechende Farbfotos vermitteln au\u00dferdem<br \/>\neinen ersten Eindruck von diesem attraktiven Tourengebiet. F\u00fcr die nun<br \/>\nvorliegende dritte Auflage wurde dieser Rother Wanderf\u00fchrer sorgf\u00e4ltig<br \/>\n\u00fcberarbeitet und mit aussagekr\u00e4ftigen H\u00f6henprofilen versehen.<br \/>\n4. Auflage 2014; 128 Seiten mit 74 Farbabbildungen<br \/>\n50 Wanderk\u00e4rtchen im Ma\u00dfstab 1:50.000 und 1:75.000, 50 H\u00f6henprofile, zwei<br \/>\n\u00dcbersichtskarte im Ma\u00dfstab 1:250.000 und 1:500.000<\/p>","protected":false},"excerpt":{"rendered":"<ul>\n<li><a href=\"https:\/\/pizbube.ch\/wp-content\/uploads\/attachments\/a_031\/F4ED9E98920E5737E3E6DCD364D52B04.pdf\" target=\"_blank\" rel=\"noopener\">PDF: brandnertal_inhalt.pdf<\/a><\/li>\n<\/ul>","protected":false},"featured_media":34564,"template":"","meta":[],"product_brand":[],"product_cat":[21605],"product_tag":[],"class_list":{"0":"post-149295","1":"product","2":"type-product","3":"status-publish","4":"has-post-thumbnail","6":"product_cat-wanderfuehrer-trekking","7":"pa_autor-mayr","8":"pa_erscheinungsjahr-21550","9":"pa_region-deutschland","10":"pa_sprache-de","12":"first","13":"instock","14":"taxable","15":"shipping-taxable","16":"purchasable","17":"product-type-simple"},"_links":{"self":[{"href":"https:\/\/pizbube.ch\/en\/wp-json\/wp\/v2\/product\/149295","targetHints":{"allow":["GET"]}}],"collection":[{"href":"https:\/\/pizbube.ch\/en\/wp-json\/wp\/v2\/product"}],"about":[{"href":"https:\/\/pizbube.ch\/en\/wp-json\/wp\/v2\/types\/product"}],"wp:featuredmedia":[{"embeddable":true,"href":"https:\/\/pizbube.ch\/en\/wp-json\/wp\/v2\/media\/34564"}],"wp:attachment":[{"href":"https:\/\/pizbube.ch\/en\/wp-json\/wp\/v2\/media?parent=149295"}],"wp:term":[{"taxonomy":"product_brand","embeddable":true,"href":"https:\/\/pizbube.ch\/en\/wp-json\/wp\/v2\/product_brand?post=149295"},{"taxonomy":"product_cat","embeddable":true,"href":"https:\/\/pizbube.ch\/en\/wp-json\/wp\/v2\/product_cat?post=149295"},{"taxonomy":"product_tag","embeddable":true,"href":"https:\/\/pizbube.ch\/en\/wp-json\/wp\/v2\/product_tag?post=149295"}],"curies":[{"name":"wp","href":"https:\/\/api.w.org\/{rel}","templated":true}]}}