{"id":149296,"date":"2021-01-15T10:59:18","date_gmt":"2021-01-15T10:59:18","guid":{"rendered":"https:\/\/codengine3.ch\/?product=import-placeholder-for-206581"},"modified":"2021-01-15T14:50:01","modified_gmt":"2021-01-15T14:50:01","slug":"schweiz-walserweg","status":"publish","type":"product","link":"https:\/\/pizbube.ch\/en\/shop\/schweiz-walserweg\/","title":{"rendered":"Schweiz: Walserweg"},"content":{"rendered":"<p>Der Walserweg ist ein alpiner Wanderweg, der von Zermatt im Wallis nach<br \/>\nOberstdorf im Allg\u00e4u f\u00fchrt, d.h. er beginnt in der Schweiz, verl\u00e4uft durch<br \/>\nItalien, durchquert \u00d6sterreich und endet in Deutschland. Er verbindet<br \/>\nkulturelle St\u00e4tten der Walser, ein Volk aus dem oberen Wallis, das im<br \/>\nMittelalter aus seiner Ursprungsheimat in verschiedene Himmelsrichtungen, vor<br \/>\nallem aber nach Nordosten ausgewandert ist. In diese Richtung verl\u00e4uft<br \/>\nhaupts\u00e4chlich auch der Walserweg, ohne jedoch ausschlie\u00dflich der<br \/>\nWanderrichtung der mittelalterlichen Walser im Einzelnen zu folgen. Unterwegs<br \/>\nlassen sich Spuren typischen Walsertums erkennen, so die Siedlungsformen der<br \/>\nWohnst\u00e4tten oder der aus dem Oberwallis stammende Dialekt.Der Reiz des<br \/>\nWalserwegs liegt nicht zuletzt darin, dass man neben den kulturellen<br \/>\nSehensw\u00fcrdigkeiten auch die unterschiedlichen alpinen Landschaftsformen auf<br \/>\nsich einwirken l\u00e4sst.  <\/p>\n<p>So werden die Walliser Alpen, das Goms, die Tessiner Alpen, das<br \/>\nGotthardmassiv, die Albula-Alpen, das R\u00e4tikon, die Lechtaler und die Allg\u00e4uer<br \/>\nAlpen durchwandert. Die gesamte Tour l\u00e4sst sich in 32 Etappen bew\u00e4ltigen,<br \/>\nwobei gr\u00f6\u00dftenteils markierte bzw. ausgeschilderte Wege begangen werden. Des<br \/>\n\u00d6fteren ist unterwegs die M\u00f6glichkeit gegeben, sich der Verkehrsmittel wie Bus<br \/>\noder Seilbahn zu bedienen, so dass eine Etappe zeitlich verk\u00fcrzt oder<br \/>\nunterbrochen werden kann. Am Ende einer jeden Etappe kann in Bergh\u00fctten,<br \/>\nGasth\u00f6fen oder Hotels \u00fcbernachtet werden.<br \/>\n1. Auflage 2011, 144 Seiten, 19 Karten, 46 farbige Abbildungen, 11 farbige<br \/>\nH\u00f6henprofile  <\/p>","protected":false},"excerpt":{"rendered":"<p>Der Walserweg ist ein alpiner Wanderweg, der von Zermatt im Wallis nach Oberstdorf im Allg\u00e4u f\u00fchrt, d.h. er beginnt in der Schweiz, verl\u00e4uft durch Italien, durchquert \u00d6sterreich und endet in Deutschland. Er verbindet kulturelle St\u00e4tten der Walser, ein Volk aus dem oberen Wallis, das im Mittelalter aus seiner Ursprungsheimat in verschiedene Himmelsrichtungen, vor allem aber [&#8230;]\n","protected":false},"featured_media":35653,"template":"","meta":[],"product_brand":[],"product_cat":[21605],"product_tag":[],"class_list":{"0":"post-149296","1":"product","2":"type-product","3":"status-publish","4":"has-post-thumbnail","6":"product_cat-wanderfuehrer-trekking","7":"pa_autor-hoenl","8":"pa_erscheinungsjahr-21610","9":"pa_region-schweiz","10":"pa_sprache-de","12":"first","13":"outofstock","14":"taxable","15":"shipping-taxable","16":"purchasable","17":"product-type-simple"},"_links":{"self":[{"href":"https:\/\/pizbube.ch\/en\/wp-json\/wp\/v2\/product\/149296","targetHints":{"allow":["GET"]}}],"collection":[{"href":"https:\/\/pizbube.ch\/en\/wp-json\/wp\/v2\/product"}],"about":[{"href":"https:\/\/pizbube.ch\/en\/wp-json\/wp\/v2\/types\/product"}],"wp:featuredmedia":[{"embeddable":true,"href":"https:\/\/pizbube.ch\/en\/wp-json\/wp\/v2\/media\/35653"}],"wp:attachment":[{"href":"https:\/\/pizbube.ch\/en\/wp-json\/wp\/v2\/media?parent=149296"}],"wp:term":[{"taxonomy":"product_brand","embeddable":true,"href":"https:\/\/pizbube.ch\/en\/wp-json\/wp\/v2\/product_brand?post=149296"},{"taxonomy":"product_cat","embeddable":true,"href":"https:\/\/pizbube.ch\/en\/wp-json\/wp\/v2\/product_cat?post=149296"},{"taxonomy":"product_tag","embeddable":true,"href":"https:\/\/pizbube.ch\/en\/wp-json\/wp\/v2\/product_tag?post=149296"}],"curies":[{"name":"wp","href":"https:\/\/api.w.org\/{rel}","templated":true}]}}