{"id":149297,"date":"2021-01-15T10:59:18","date_gmt":"2021-01-15T10:59:18","guid":{"rendered":"https:\/\/codengine3.ch\/?product=import-placeholder-for-201055"},"modified":"2021-01-15T11:03:11","modified_gmt":"2021-01-15T11:03:11","slug":"der-grosse-walserweg","status":"publish","type":"product","link":"https:\/\/pizbube.ch\/en\/shop\/der-grosse-walserweg\/","title":{"rendered":"Der grosse Walserweg"},"content":{"rendered":"<p>Auf alten Saumpfaden von Zermatt nach Mittelberg  <\/p>\n<p>Fernwandern auf den Spuren der Walsergeschichte<br \/>\nGr\u00fcne Almmatten und eisstrotzende Granitberge, uralte Kulturlandschaft und<br \/>\nabgelegenen Alpsiedlungen &#8211; der &#8218;Gro\u00dfe Walserweg&#8216; \u00fcberwindet auf alten<br \/>\nSaumpfaden so grandiose Gebirgsst\u00f6cke wie die Walliser Alpen oder die<br \/>\nSilvretta. Bernhard Irlingers fotografische Reise f\u00fchrt, stets den Spuren der<br \/>\nWalser folgend, in 35 Tagesetappen durch 14 Gebirgsgruppen und l\u00e4dt ein zu<br \/>\neiner erlebnisreichen Reise durch eine der letzten echten Naturlandschaften<br \/>\nder Alpen.<br \/>\n144 Seiten, ca. 190 Abbildungen, Format 22,3 x 26,5 cm, Hardcover mit<br \/>\nSchutzumschlag<\/p>","protected":false},"excerpt":{"rendered":"<p>Auf alten Saumpfaden von Zermatt nach Mittelberg Fernwandern auf den Spuren der Walsergeschichte Gr\u00fcne Almmatten und eisstrotzende Granitberge, uralte Kulturlandschaft und abgelegenen Alpsiedlungen &#8211; der &#8218;Gro\u00dfe Walserweg&#8216; \u00fcberwindet auf alten Saumpfaden so grandiose Gebirgsst\u00f6cke wie die Walliser Alpen oder die Silvretta. Bernhard Irlingers fotografische Reise f\u00fchrt, stets den Spuren der Walser folgend, in 35 Tagesetappen [&#8230;]\n","protected":false},"featured_media":28208,"template":"","meta":[],"product_brand":[],"product_cat":[21605],"product_tag":[],"class_list":{"0":"post-149297","1":"product","2":"type-product","3":"status-publish","4":"has-post-thumbnail","6":"product_cat-wanderfuehrer-trekking","7":"pa_autor-irlinger","8":"pa_erscheinungsjahr-21830","9":"pa_region-schweiz","10":"pa_sprache-de","12":"first","13":"outofstock","14":"taxable","15":"shipping-taxable","16":"purchasable","17":"product-type-simple"},"_links":{"self":[{"href":"https:\/\/pizbube.ch\/en\/wp-json\/wp\/v2\/product\/149297","targetHints":{"allow":["GET"]}}],"collection":[{"href":"https:\/\/pizbube.ch\/en\/wp-json\/wp\/v2\/product"}],"about":[{"href":"https:\/\/pizbube.ch\/en\/wp-json\/wp\/v2\/types\/product"}],"wp:featuredmedia":[{"embeddable":true,"href":"https:\/\/pizbube.ch\/en\/wp-json\/wp\/v2\/media\/28208"}],"wp:attachment":[{"href":"https:\/\/pizbube.ch\/en\/wp-json\/wp\/v2\/media?parent=149297"}],"wp:term":[{"taxonomy":"product_brand","embeddable":true,"href":"https:\/\/pizbube.ch\/en\/wp-json\/wp\/v2\/product_brand?post=149297"},{"taxonomy":"product_cat","embeddable":true,"href":"https:\/\/pizbube.ch\/en\/wp-json\/wp\/v2\/product_cat?post=149297"},{"taxonomy":"product_tag","embeddable":true,"href":"https:\/\/pizbube.ch\/en\/wp-json\/wp\/v2\/product_tag?post=149297"}],"curies":[{"name":"wp","href":"https:\/\/api.w.org\/{rel}","templated":true}]}}