{"id":149298,"date":"2021-01-15T10:59:18","date_gmt":"2021-01-15T10:59:18","guid":{"rendered":"https:\/\/codengine3.ch\/?product=import-placeholder-for-207952"},"modified":"2024-06-29T09:55:35","modified_gmt":"2024-06-29T07:55:35","slug":"walserweg-graubuenden","status":"publish","type":"product","link":"https:\/\/pizbube.ch\/en\/shop\/walserweg-graubuenden\/","title":{"rendered":"Walserweg Graub\u00fcnden"},"content":{"rendered":"<p>In 23 Etappen vom Hinterrhein in den R\u00e4tikon<\/p>\n<p>Die Walserwanderungsbewegung z\u00e4hlt zu den letzten V\u00f6lkerwanderungen im alpinen<br \/>\nRaum am Ende des Sp\u00e4tmittelalters. Dieser Wanderf\u00fchrer folgt den Spuren der<br \/>\nWalser und ihrer alten Kultur auf dem 2010 neu er\u00f6ffneten Walserweg<br \/>\nGraub\u00fcnden. Der Weitwanderweg erstreckt sich \u00fcber rund 300 Kilometer durch<br \/>\nwalserische Gemeinden und eine vielf\u00e4ltige alpine Landschaft. Ausgangspunkt<br \/>\nist San Bernardino in der s\u00fcd\u00adb\u00fcndnerischen Mesolcina (Misox), Endpunkt ist<br \/>\nBrand in Vorarlberg.<\/p>\n<p>Auf der Wanderung quer durch Graub\u00fcnden lernen wir die Walser in diesem Gebiet<br \/>\nkennen: ihre Geschichte, ihre Sprache, ihre Literatur, ihre Architektur, ihre<br \/>\nArbeitsweise. Wir erfahren, wie sie aus Wildnisgebieten Kulturlandschaften<br \/>\ngestaltet haben und welchen Herausforderungen sie sich heute stellen m\u00fcssen.<\/p>\n<p>5., aktualisierte Auflage 2023<\/p>\n<p>320 Seiten, 19.0 \u00d7 12.0 cm, Klappenbroschur<\/p>","protected":false},"excerpt":{"rendered":"<p>In 23 Etappen vom Hinterrhein in den R\u00e4tikon Die Walserwanderungsbewegung z\u00e4hlt zu den letzten V\u00f6lkerwanderungen im alpinen Raum am Ende des Sp\u00e4tmittelalters. Dieser Wanderf\u00fchrer folgt den Spuren der Walser und ihrer alten Kultur auf dem 2010 neu er\u00f6ffneten Walserweg Graub\u00fcnden. Der Weitwanderweg erstreckt sich \u00fcber rund 300 Kilometer durch walserische Gemeinden und eine vielf\u00e4ltige alpine [&#8230;]\n","protected":false},"featured_media":157426,"template":"","meta":[],"product_brand":[],"product_cat":[21605],"product_tag":[],"class_list":{"0":"post-149298","1":"product","2":"type-product","3":"status-publish","4":"has-post-thumbnail","6":"product_cat-wanderfuehrer-trekking","7":"pa_autor-schuler","8":"pa_erscheinungsjahr-27129","9":"pa_region-schweiz","10":"pa_sprache-de","12":"first","13":"instock","14":"taxable","15":"shipping-taxable","16":"purchasable","17":"product-type-simple"},"_links":{"self":[{"href":"https:\/\/pizbube.ch\/en\/wp-json\/wp\/v2\/product\/149298","targetHints":{"allow":["GET"]}}],"collection":[{"href":"https:\/\/pizbube.ch\/en\/wp-json\/wp\/v2\/product"}],"about":[{"href":"https:\/\/pizbube.ch\/en\/wp-json\/wp\/v2\/types\/product"}],"wp:featuredmedia":[{"embeddable":true,"href":"https:\/\/pizbube.ch\/en\/wp-json\/wp\/v2\/media\/157426"}],"wp:attachment":[{"href":"https:\/\/pizbube.ch\/en\/wp-json\/wp\/v2\/media?parent=149298"}],"wp:term":[{"taxonomy":"product_brand","embeddable":true,"href":"https:\/\/pizbube.ch\/en\/wp-json\/wp\/v2\/product_brand?post=149298"},{"taxonomy":"product_cat","embeddable":true,"href":"https:\/\/pizbube.ch\/en\/wp-json\/wp\/v2\/product_cat?post=149298"},{"taxonomy":"product_tag","embeddable":true,"href":"https:\/\/pizbube.ch\/en\/wp-json\/wp\/v2\/product_tag?post=149298"}],"curies":[{"name":"wp","href":"https:\/\/api.w.org\/{rel}","templated":true}]}}