{"id":149299,"date":"2021-01-15T10:59:18","date_gmt":"2021-01-15T10:59:18","guid":{"rendered":"https:\/\/codengine3.ch\/?product=import-placeholder-for-208700"},"modified":"2021-01-15T17:56:53","modified_gmt":"2021-01-15T17:56:53","slug":"walserweg-vorarlberg","status":"publish","type":"product","link":"https:\/\/pizbube.ch\/en\/shop\/walserweg-vorarlberg\/","title":{"rendered":"Walserweg Vorarlberg"},"content":{"rendered":"<p>In 25 Etappen vom Brandnertal \u00fcber Triesenberg nach Laterns und Dam\u00fcls, ins<br \/>\nGro\u00dfe und Kleine Walsertal und \u00fcber den Tannberg ins Silbertal bis nach<br \/>\nGalt\u00fcr. Ein Wander- und Kulturf\u00fchrer, herausgegeben von der Vorarlberger<br \/>\nWalservereinigung<\/p>\n<p>Auf den Spuren der Walser durch Vorarlberg, Liechtenstein und nach Tirol<br \/>\nOb das Brandner- oder Laternsertal, der Tannberg oder das Gro\u00dfe und Kleine<br \/>\nWalsertal sie alle verbindet eine einzigartige gemeinsame Geschichte, die mit<br \/>\nder gro\u00dfen V\u00f6lkerwanderung der Walser im 13. Jahrhundert ihren Anfang nahm. Im<br \/>\nZuge dieser Siedlungsbewegung fand diese urspr\u00fcnglich aus dem Wallis stammende<br \/>\nalemannische Volksgruppe in vielen hoch gelegenen Regionen vor allem der<br \/>\nWestalpen eine neue Heimat und pr\u00e4gte mit ihrer unverwechselbaren Sprache und<br \/>\nKultur auch gro\u00dfe Teile von Graub\u00fcnden und Vorarlberg.<\/p>\n<p>Vor diesem mehr als 700 Jahre alten historischen Hintergrund ist nun in<br \/>\nVorarlberg nach dem Vorbild des erfolgreichen Walserweg-Konzepts Graub\u00fcnden,<br \/>\ndas dem Modell des sanften Tourismus verpflichtet ist, ein kulturhistorischer<br \/>\nWeitwanderweg entstanden, der in 25 Etappen auf naturnahen, teils historischen<br \/>\nWanderwegen zu allen Walsersiedlungen in Vorarlberg, Liechtenstein und Tirol<br \/>\nf\u00fchrt.<br \/>\nDer dazugeh\u00f6rige offizielle Wander- und Kulturf\u00fchrer bietet alle wichtigen<br \/>\nInformationen zur pers\u00f6nlichen Tourenplanung, erz\u00e4hlt sachkundig von<br \/>\nGeschichte und Gegenwart der Walser in Vorarlberg und l\u00e4sst uns das &#171;L\u00e4ndle&#187;<br \/>\nvon seinen sch\u00f6nsten Seiten kennenlernen.<\/p>","protected":false},"excerpt":{"rendered":"<p>In 25 Etappen vom Brandnertal \u00fcber Triesenberg nach Laterns und Dam\u00fcls, ins Gro\u00dfe und Kleine Walsertal und \u00fcber den Tannberg ins Silbertal bis nach Galt\u00fcr. Ein Wander- und Kulturf\u00fchrer, herausgegeben von der Vorarlberger Walservereinigung Auf den Spuren der Walser durch Vorarlberg, Liechtenstein und nach Tirol Ob das Brandner- oder Laternsertal, der Tannberg oder das Gro\u00dfe [&#8230;]\n","protected":false},"featured_media":41005,"template":"","meta":[],"product_brand":[],"product_cat":[21605],"product_tag":[],"class_list":{"0":"post-149299","1":"product","2":"type-product","3":"status-publish","4":"has-post-thumbnail","6":"product_cat-wanderfuehrer-trekking","7":"pa_autor-heim","8":"pa_erscheinungsjahr-21568","9":"pa_region-oesterreich","10":"pa_sprache-de","12":"first","13":"instock","14":"taxable","15":"shipping-taxable","16":"purchasable","17":"product-type-simple"},"_links":{"self":[{"href":"https:\/\/pizbube.ch\/en\/wp-json\/wp\/v2\/product\/149299","targetHints":{"allow":["GET"]}}],"collection":[{"href":"https:\/\/pizbube.ch\/en\/wp-json\/wp\/v2\/product"}],"about":[{"href":"https:\/\/pizbube.ch\/en\/wp-json\/wp\/v2\/types\/product"}],"wp:featuredmedia":[{"embeddable":true,"href":"https:\/\/pizbube.ch\/en\/wp-json\/wp\/v2\/media\/41005"}],"wp:attachment":[{"href":"https:\/\/pizbube.ch\/en\/wp-json\/wp\/v2\/media?parent=149299"}],"wp:term":[{"taxonomy":"product_brand","embeddable":true,"href":"https:\/\/pizbube.ch\/en\/wp-json\/wp\/v2\/product_brand?post=149299"},{"taxonomy":"product_cat","embeddable":true,"href":"https:\/\/pizbube.ch\/en\/wp-json\/wp\/v2\/product_cat?post=149299"},{"taxonomy":"product_tag","embeddable":true,"href":"https:\/\/pizbube.ch\/en\/wp-json\/wp\/v2\/product_tag?post=149299"}],"curies":[{"name":"wp","href":"https:\/\/api.w.org\/{rel}","templated":true}]}}