{"id":149300,"date":"2021-01-15T10:59:18","date_gmt":"2021-01-15T10:59:18","guid":{"rendered":"https:\/\/codengine3.ch\/?product=import-placeholder-for-200620"},"modified":"2025-04-02T09:03:56","modified_gmt":"2025-04-02T07:03:56","slug":"walser-geschichten-vom-leben","status":"publish","type":"product","link":"https:\/\/pizbube.ch\/en\/shop\/walser-geschichten-vom-leben\/","title":{"rendered":"Walser &#8211; Geschichten vom Leben"},"content":{"rendered":"<p>Dokumentarischer Bildband zur heutigen Situation der Walser. Geschichten vom<br \/>\nLeben zwischen den Bergen.<\/p>\n<p>Peter Donatschs grossformatiger Bildband dokumentiert die heutige<br \/>\nLebenssituation der Walser vom Piemont \u00fcber Bosco Gurin und Graub\u00fcnden bis<br \/>\nnach Vorarlberg und versucht, Perspektiven f\u00fcr die Zukunft dieser<br \/>\nBev\u00f6lkerungsgruppe &#8211; und damit aller Menschen, die im Alpenraum leben &#8211;<br \/>\naufzuzeigen.<br \/>\ns\/w., Fotos. 216 S.<\/p>","protected":false},"excerpt":{"rendered":"<p>Dokumentarischer Bildband zur heutigen Situation der Walser. Geschichten vom Leben zwischen den Bergen. Peter Donatschs grossformatiger Bildband dokumentiert die heutige Lebenssituation der Walser vom Piemont \u00fcber Bosco Gurin und Graub\u00fcnden bis nach Vorarlberg und versucht, Perspektiven f\u00fcr die Zukunft dieser Bev\u00f6lkerungsgruppe &#8211; und damit aller Menschen, die im Alpenraum leben &#8211; aufzuzeigen. s\/w., Fotos. 216 [&#8230;]\n","protected":false},"featured_media":27425,"template":"","meta":[],"product_brand":[],"product_cat":[21580],"product_tag":[],"class_list":{"0":"post-149300","1":"product","2":"type-product","3":"status-publish","4":"has-post-thumbnail","6":"product_cat-kunst-kultur","7":"pa_autor-donatsch","8":"pa_erscheinungsjahr-22137","9":"pa_region-schweiz","10":"pa_sprache-de","12":"first","13":"outofstock","14":"taxable","15":"shipping-taxable","16":"purchasable","17":"product-type-simple"},"_links":{"self":[{"href":"https:\/\/pizbube.ch\/en\/wp-json\/wp\/v2\/product\/149300","targetHints":{"allow":["GET"]}}],"collection":[{"href":"https:\/\/pizbube.ch\/en\/wp-json\/wp\/v2\/product"}],"about":[{"href":"https:\/\/pizbube.ch\/en\/wp-json\/wp\/v2\/types\/product"}],"wp:featuredmedia":[{"embeddable":true,"href":"https:\/\/pizbube.ch\/en\/wp-json\/wp\/v2\/media\/27425"}],"wp:attachment":[{"href":"https:\/\/pizbube.ch\/en\/wp-json\/wp\/v2\/media?parent=149300"}],"wp:term":[{"taxonomy":"product_brand","embeddable":true,"href":"https:\/\/pizbube.ch\/en\/wp-json\/wp\/v2\/product_brand?post=149300"},{"taxonomy":"product_cat","embeddable":true,"href":"https:\/\/pizbube.ch\/en\/wp-json\/wp\/v2\/product_cat?post=149300"},{"taxonomy":"product_tag","embeddable":true,"href":"https:\/\/pizbube.ch\/en\/wp-json\/wp\/v2\/product_tag?post=149300"}],"curies":[{"name":"wp","href":"https:\/\/api.w.org\/{rel}","templated":true}]}}