{"id":149307,"date":"2021-01-15T10:59:18","date_gmt":"2021-01-15T10:59:18","guid":{"rendered":"https:\/\/codengine3.ch\/?product=import-placeholder-for-207459"},"modified":"2023-12-20T12:54:13","modified_gmt":"2023-12-20T11:54:13","slug":"muota-vom-quellgebiet-zur-muendung","status":"publish","type":"product","link":"https:\/\/pizbube.ch\/en\/shop\/muota-vom-quellgebiet-zur-muendung\/","title":{"rendered":"MUOTA &#8211; Vom Quellgebiet zur M\u00fcndung"},"content":{"rendered":"<p>Der Bildband ist eine Hommage an den Innerschwyzer Fluss.<\/p>\n<p>\u00abIch wollte ein Buch f\u00fcr all jene machen, denen es nicht m\u00f6glich ist, die<br \/>\nMuota vor Ort zu geniessen\u00bb, sagte D\u00f6lf Ehrler. Eineinhalb Jahre lang war er<br \/>\nmit Stefan Z\u00fcrrer in und entlang der Muota unterwegs. Schlussendlich w\u00e4hlten<br \/>\nsie aus \u00fcber 3000 Fotografien die 87 aus. Die Bilder zeigen die Muota vom<br \/>\nQuellgebiet bis zur M\u00fcndung. Brigitte Affolter- Bamert \u00fcbersetzte das<br \/>\nBildmaterial in lyrische Texte und schrieb drei Geschichten zur Muota.<\/p>\n<p>Die Muota ist ein bedeutender Fluss im Kanton Schwyz. Auf dem Weg vom<br \/>\nQuellgebiet zur M\u00fcndung zeigt sie ihre ganze Kraft und Sch\u00f6nheit. Mal tosend<br \/>\nund wild, mal leise und sanft fliesst sie durch das Bisistal, das Muotatal und<br \/>\nden Talkessel von Schwyz. Bei Brunnen m\u00fcndet sie in den Vierwaldst\u00e4ttersee.<br \/>\nDie Muota pr\u00e4gt die Landschaft und wird von ihr gepr\u00e4gt.<\/p>\n<p>Nach der Idee und dem Konzept von D\u00f6lf Ehrler zeigt Stefan Z\u00fcrrer die Muota in<br \/>\neindr\u00fccklichen Fotografien. Die Autorin Brigitte Affolter-Bamert \u00fcbersetzt die<br \/>\nAufnahmen in ein inneres Bild.<\/p>\n<p>180 Seiten im Format 24 x 30 cm<\/p>","protected":false},"excerpt":{"rendered":"<p>Der Bildband ist eine Hommage an den Innerschwyzer Fluss. \u00abIch wollte ein Buch f\u00fcr all jene machen, denen es nicht m\u00f6glich ist, die Muota vor Ort zu geniessen\u00bb, sagte D\u00f6lf Ehrler. Eineinhalb Jahre lang war er mit Stefan Z\u00fcrrer in und entlang der Muota unterwegs. Schlussendlich w\u00e4hlten sie aus \u00fcber 3000 Fotografien die 87 aus. [&#8230;]\n","protected":false},"featured_media":37533,"template":"","meta":[],"product_brand":[],"product_cat":[21542],"product_tag":[],"class_list":{"0":"post-149307","1":"product","2":"type-product","3":"status-publish","4":"has-post-thumbnail","6":"product_cat-sachbuecher-dokumentationen","7":"pa_autor-affolter-bamert-zuerrer-ehrler","8":"pa_erscheinungsjahr-21546","9":"pa_region-schweiz","10":"pa_sprache-de","12":"first","13":"onbackorder","14":"taxable","15":"shipping-taxable","16":"purchasable","17":"product-type-simple"},"_links":{"self":[{"href":"https:\/\/pizbube.ch\/en\/wp-json\/wp\/v2\/product\/149307","targetHints":{"allow":["GET"]}}],"collection":[{"href":"https:\/\/pizbube.ch\/en\/wp-json\/wp\/v2\/product"}],"about":[{"href":"https:\/\/pizbube.ch\/en\/wp-json\/wp\/v2\/types\/product"}],"wp:featuredmedia":[{"embeddable":true,"href":"https:\/\/pizbube.ch\/en\/wp-json\/wp\/v2\/media\/37533"}],"wp:attachment":[{"href":"https:\/\/pizbube.ch\/en\/wp-json\/wp\/v2\/media?parent=149307"}],"wp:term":[{"taxonomy":"product_brand","embeddable":true,"href":"https:\/\/pizbube.ch\/en\/wp-json\/wp\/v2\/product_brand?post=149307"},{"taxonomy":"product_cat","embeddable":true,"href":"https:\/\/pizbube.ch\/en\/wp-json\/wp\/v2\/product_cat?post=149307"},{"taxonomy":"product_tag","embeddable":true,"href":"https:\/\/pizbube.ch\/en\/wp-json\/wp\/v2\/product_tag?post=149307"}],"curies":[{"name":"wp","href":"https:\/\/api.w.org\/{rel}","templated":true}]}}