{"id":149309,"date":"2021-01-15T10:59:18","date_gmt":"2021-01-15T10:59:18","guid":{"rendered":"https:\/\/codengine3.ch\/?product=import-placeholder-for-203894"},"modified":"2023-01-14T14:15:19","modified_gmt":"2023-01-14T13:15:19","slug":"the-triumph-of-nature-the-paintings-of-helmut-ditsch","status":"publish","type":"product","link":"https:\/\/pizbube.ch\/en\/shop\/the-triumph-of-nature-the-paintings-of-helmut-ditsch\/","title":{"rendered":"The Triumph of Nature The Paintings of Helmut Ditsch"},"content":{"rendered":"<p>Helmut Ditsch, K\u00fcnstler und Extrembergsteiger, sagte in einem Gespr\u00e4ch mit<br \/>\nReinhold Messner \u00fcber seine Arbeit: Beim Bergsteigen und beim Malen f\u00fchle ich<br \/>\nmich in der gleichen Situation. Ohne gro\u00dfe R\u00fccksicht auf meine eigene<br \/>\nSicherheit zu nehmen, gebe ich mich der Natur hin, weil die Eindr\u00fccke<br \/>\n\u00fcberw\u00e4ltigend sind. Dann versuche ich auch in meiner Kunst, alles aus mir<br \/>\nherauszuholen, was ich verinnerlicht habe und vollbringe einen \u00e4hnlichen<br \/>\nKraftakt, gelange an die Grenzen des Machbaren. Auf diese Weise gelingen dem<br \/>\nMaler Bilder von suggestiver Kraft, die &#8211; k\u00fcnstlerisch von hohem Rang &#8211; auch<br \/>\nden Bergfreund faszinieren. Text in Deutsch, Englisch und Spanisch. Farb.<br \/>\nFotos. 212 S.<\/p>","protected":false},"excerpt":{"rendered":"<p>Helmut Ditsch, K\u00fcnstler und Extrembergsteiger, sagte in einem Gespr\u00e4ch mit Reinhold Messner \u00fcber seine Arbeit: Beim Bergsteigen und beim Malen f\u00fchle ich mich in der gleichen Situation. Ohne gro\u00dfe R\u00fccksicht auf meine eigene Sicherheit zu nehmen, gebe ich mich der Natur hin, weil die Eindr\u00fccke \u00fcberw\u00e4ltigend sind. Dann versuche ich auch in meiner Kunst, alles [&#8230;]\n","protected":false},"featured_media":31603,"template":"","meta":[],"product_brand":[],"product_cat":[21580],"product_tag":[],"class_list":{"0":"post-149309","1":"product","2":"type-product","3":"status-publish","4":"has-post-thumbnail","6":"product_cat-kunst-kultur","7":"pa_autor-aigner-messner","8":"pa_erscheinungsjahr-21776","9":"pa_region-deutschland","10":"pa_sprache-d","11":"pa_sprache-e","12":"pa_sprache-sp","14":"first","15":"outofstock","16":"taxable","17":"shipping-taxable","18":"purchasable","19":"product-type-simple"},"_links":{"self":[{"href":"https:\/\/pizbube.ch\/en\/wp-json\/wp\/v2\/product\/149309","targetHints":{"allow":["GET"]}}],"collection":[{"href":"https:\/\/pizbube.ch\/en\/wp-json\/wp\/v2\/product"}],"about":[{"href":"https:\/\/pizbube.ch\/en\/wp-json\/wp\/v2\/types\/product"}],"wp:featuredmedia":[{"embeddable":true,"href":"https:\/\/pizbube.ch\/en\/wp-json\/wp\/v2\/media\/31603"}],"wp:attachment":[{"href":"https:\/\/pizbube.ch\/en\/wp-json\/wp\/v2\/media?parent=149309"}],"wp:term":[{"taxonomy":"product_brand","embeddable":true,"href":"https:\/\/pizbube.ch\/en\/wp-json\/wp\/v2\/product_brand?post=149309"},{"taxonomy":"product_cat","embeddable":true,"href":"https:\/\/pizbube.ch\/en\/wp-json\/wp\/v2\/product_cat?post=149309"},{"taxonomy":"product_tag","embeddable":true,"href":"https:\/\/pizbube.ch\/en\/wp-json\/wp\/v2\/product_tag?post=149309"}],"curies":[{"name":"wp","href":"https:\/\/api.w.org\/{rel}","templated":true}]}}