{"id":149310,"date":"2021-01-15T10:59:18","date_gmt":"2021-01-15T10:59:18","guid":{"rendered":"https:\/\/codengine3.ch\/?product=import-placeholder-for-205323"},"modified":"2024-07-09T09:31:25","modified_gmt":"2024-07-09T07:31:25","slug":"alexandre-calame-maler-der-alpen","status":"publish","type":"product","link":"https:\/\/pizbube.ch\/en\/shop\/alexandre-calame-maler-der-alpen\/","title":{"rendered":"Alexandre Calame Maler der Alpen"},"content":{"rendered":"<p>Peintre des Alpes\/ Painter of the Alpes \/ Maler der Alpen\/ Pittore Delle Alpi<\/p>\n<p>192 pages &#8211; in English, French, German and Italian &#8211; over 100 color<br \/>\nillustrations &#8211; fine paintings of the Swiss Alps and Alpine regions by Swiss<br \/>\npainter Alexandre Calame (1810-1864) &#8211; designed by Izet Sheshivari &#8211;<br \/>\noutstanding printing by Musumeci, Italy &#8211; bio., plates and bibliography.<\/p>\n<p>La vie d&#8217;Alexandre Calame (Vevey 1810 &#8211; Menton 1864) pr\u00e9sente tous les<br \/>\ningr\u00e9dients de l&#8217;histoire \u00e0 succ\u00e8s caract\u00e9ristique de son si\u00e8cle: d&#8217;une<br \/>\nenfance et d&#8217;une adolescence plong\u00e9es dans l&#8217;extr\u00eame pauvret\u00e9 \u00e0 une carri\u00e8re<br \/>\nartistique couronn\u00e9e par la gloire internationale. Une \u00e9mancipation \u00e9conomique<br \/>\naccompagn\u00e9e, comme il se doit, par l&#8217;amour, puisque le h\u00e9ros de cette histoire<br \/>\nfut aussi un mari et un p\u00e8re combl\u00e9. Sa vie, en m\u00eame temps, fut travers\u00e9e par<br \/>\nquelques trag\u00e9dies, petites et grandes: il naquit avec une malformation \u00e0 une<br \/>\njambe qui le fit toujours boiter; encore enfant, il perdit un oeil suite \u00e0 un<br \/>\naccident; son p\u00e8re, modeste marbrier, le laissa orphelin avec toutes les<br \/>\ndettes contract\u00e9es pendant la maladie qui le conduisit \u00e0 la mort ; trois de<br \/>\nses enfants moururent en bas \u00e2ge; lui-m\u00eame eut toujours une sant\u00e9<br \/>\nparticuli\u00e8rement fragile. Autant d&#8217;\u00e9l\u00e9ments que les biographes dos\u00e8rent<br \/>\nsavamment pour faire de Calame non seulement le chef de file de la peinture<br \/>\nsuisse de paysage, mais aussi un mod\u00e8le de foi, d&#8217;abn\u00e9gation et de courage<br \/>\nface \u00e0 l&#8217;adversit\u00e9.<\/p>","protected":false},"excerpt":{"rendered":"<p>Peintre des Alpes\/ Painter of the Alpes \/ Maler der Alpen\/ Pittore Delle Alpi 192 pages &#8211; in English, French, German and Italian &#8211; over 100 color illustrations &#8211; fine paintings of the Swiss Alps and Alpine regions by Swiss painter Alexandre Calame (1810-1864) &#8211; designed by Izet Sheshivari &#8211; outstanding printing by Musumeci, Italy [&#8230;]\n","protected":false},"featured_media":33995,"template":"","meta":[],"product_brand":[],"product_cat":[21580],"product_tag":[],"class_list":{"0":"post-149310","1":"product","2":"type-product","3":"status-publish","4":"has-post-thumbnail","6":"product_cat-kunst-kultur","7":"pa_autor-vetterli","8":"pa_erscheinungsjahr-21591","9":"pa_region-schweiz","10":"pa_sprache-d","11":"pa_sprache-e","12":"pa_sprache-f","14":"first","15":"outofstock","16":"taxable","17":"shipping-taxable","18":"purchasable","19":"product-type-simple"},"_links":{"self":[{"href":"https:\/\/pizbube.ch\/en\/wp-json\/wp\/v2\/product\/149310","targetHints":{"allow":["GET"]}}],"collection":[{"href":"https:\/\/pizbube.ch\/en\/wp-json\/wp\/v2\/product"}],"about":[{"href":"https:\/\/pizbube.ch\/en\/wp-json\/wp\/v2\/types\/product"}],"wp:featuredmedia":[{"embeddable":true,"href":"https:\/\/pizbube.ch\/en\/wp-json\/wp\/v2\/media\/33995"}],"wp:attachment":[{"href":"https:\/\/pizbube.ch\/en\/wp-json\/wp\/v2\/media?parent=149310"}],"wp:term":[{"taxonomy":"product_brand","embeddable":true,"href":"https:\/\/pizbube.ch\/en\/wp-json\/wp\/v2\/product_brand?post=149310"},{"taxonomy":"product_cat","embeddable":true,"href":"https:\/\/pizbube.ch\/en\/wp-json\/wp\/v2\/product_cat?post=149310"},{"taxonomy":"product_tag","embeddable":true,"href":"https:\/\/pizbube.ch\/en\/wp-json\/wp\/v2\/product_tag?post=149310"}],"curies":[{"name":"wp","href":"https:\/\/api.w.org\/{rel}","templated":true}]}}