{"id":149311,"date":"2021-01-15T10:59:18","date_gmt":"2021-01-15T10:59:18","guid":{"rendered":"https:\/\/codengine3.ch\/?product=import-placeholder-for-202379"},"modified":"2023-01-14T11:27:53","modified_gmt":"2023-01-14T10:27:53","slug":"e-t-compton","status":"publish","type":"product","link":"https:\/\/pizbube.ch\/en\/shop\/e-t-compton\/","title":{"rendered":"E.T. Compton"},"content":{"rendered":"<p>Einer der gr\u00f6\u00dften Alpenmaler \u00fcberhaupt war Edward Theodore Compton (1849 &#8211;<br \/>\n1921) Engl\u00e4nder von Geburt mit st\u00e4ndigem Wohnsitz in Feldafing am Starnberger<br \/>\nSee. Er wurde zun\u00e4chst insbesondere als Bergsteiger und Illustrator alpiner<br \/>\nB\u00fccher und Zeitschriften im Wirkungskreis der alpinen Vereine bekannt und<br \/>\npopul\u00e4r. Dementsprechend wurde er als K\u00fcnstler fast ausschlie\u00dflich aufgrund<br \/>\nseines immensen als Illustrator geschaffenen Werkes beurteilt und weniger<br \/>\naufgrund seines Gesamtwerkes. Darin nehmen gro\u00dfartige Landschaftsbilder einen<br \/>\nbedeutenden Platz ein, die Compton frei von den Zw\u00e4ngen der Illustration<br \/>\ngeschaffen hat.<\/p>\n<p>Ziel der Autoren ist es, Leben und k\u00fcnstlerisches Werk Comptons m\u00f6glichst<br \/>\numfassend zu dokumentieren. Dabei werden in der Literatur weit verbreitete<br \/>\nfalsche und trotzdem mehrfach wiederholte Angaben \u00fcber Compton berichtigt und<br \/>\nsein bewegendes K\u00fcnstlerleben unter Ber\u00fccksichtigung bisher unbekannter<br \/>\nAspekte sowie vieler bisher unbekannter und vergessener Bilder<br \/>\nveranschaulicht.<br \/>\nLangj\u00e4hrige, intensive Recherchen sowie die Unterst\u00fctzung des Buchprojektes<br \/>\ndurch Nachkommen Comptons und durch zahlreiche Institutionen und private<br \/>\nSammler f\u00fchrten zu dem vorliegenden Buch. Trotz der kunsthistorischen<br \/>\nBedeutung des Buches kommt der Genuss beim Betrachten des hochwertig<br \/>\nausgestatteten Bandes nicht zu kurz. Bergfreunde werden dabei viele Orte und<br \/>\nBerge wiedererkennen und staunen, wie diese sich in einem Jahrhundert<br \/>\nver\u00e4ndert haben.<\/p>","protected":false},"excerpt":{"rendered":"<p>Einer der gr\u00f6\u00dften Alpenmaler \u00fcberhaupt war Edward Theodore Compton (1849 &#8211; 1921) Engl\u00e4nder von Geburt mit st\u00e4ndigem Wohnsitz in Feldafing am Starnberger See. Er wurde zun\u00e4chst insbesondere als Bergsteiger und Illustrator alpiner B\u00fccher und Zeitschriften im Wirkungskreis der alpinen Vereine bekannt und popul\u00e4r. Dementsprechend wurde er als K\u00fcnstler fast ausschlie\u00dflich aufgrund seines immensen als Illustrator [&#8230;]\n","protected":false},"featured_media":29765,"template":"","meta":[],"product_brand":[],"product_cat":[21580],"product_tag":[],"class_list":{"0":"post-149311","1":"product","2":"type-product","3":"status-publish","4":"has-post-thumbnail","6":"product_cat-kunst-kultur","7":"pa_autor-brandes","8":"pa_erscheinungsjahr-21842","9":"pa_region-deutschland","10":"pa_sprache-de","12":"first","13":"outofstock","14":"taxable","15":"shipping-taxable","16":"purchasable","17":"product-type-simple"},"_links":{"self":[{"href":"https:\/\/pizbube.ch\/en\/wp-json\/wp\/v2\/product\/149311","targetHints":{"allow":["GET"]}}],"collection":[{"href":"https:\/\/pizbube.ch\/en\/wp-json\/wp\/v2\/product"}],"about":[{"href":"https:\/\/pizbube.ch\/en\/wp-json\/wp\/v2\/types\/product"}],"wp:featuredmedia":[{"embeddable":true,"href":"https:\/\/pizbube.ch\/en\/wp-json\/wp\/v2\/media\/29765"}],"wp:attachment":[{"href":"https:\/\/pizbube.ch\/en\/wp-json\/wp\/v2\/media?parent=149311"}],"wp:term":[{"taxonomy":"product_brand","embeddable":true,"href":"https:\/\/pizbube.ch\/en\/wp-json\/wp\/v2\/product_brand?post=149311"},{"taxonomy":"product_cat","embeddable":true,"href":"https:\/\/pizbube.ch\/en\/wp-json\/wp\/v2\/product_cat?post=149311"},{"taxonomy":"product_tag","embeddable":true,"href":"https:\/\/pizbube.ch\/en\/wp-json\/wp\/v2\/product_tag?post=149311"}],"curies":[{"name":"wp","href":"https:\/\/api.w.org\/{rel}","templated":true}]}}