{"id":149312,"date":"2021-01-15T10:59:19","date_gmt":"2021-01-15T10:59:19","guid":{"rendered":"https:\/\/codengine3.ch\/?product=import-placeholder-for-200625"},"modified":"2022-06-15T12:54:19","modified_gmt":"2022-06-15T10:54:19","slug":"grimsel-staumauerbau-im-bild","status":"publish","type":"product","link":"https:\/\/pizbube.ch\/en\/shop\/grimsel-staumauerbau-im-bild\/","title":{"rendered":"Grimsel &#8211; Staumauerbau im Bild"},"content":{"rendered":"<p>Zweith\u00f6chste Staumauer der Welt, h\u00f6chst gelegener Stausee der Alpen, erstes<br \/>\nvollst\u00e4ndig unterirdisches Kraftwerk der Schweiz \u2013 Superlative haben seit<br \/>\njeher den Kraftwerksbau im Berner Oberhaslital gepr\u00e4gt. Tats\u00e4chlich geh\u00f6rt die<br \/>\nGrimselregion zu den eindr\u00fccklichsten Energielandschaften der Schweiz. Zu<br \/>\ndiesen Bauten z\u00e4hlt auch die Staumauer Oberaar, welche die Kraftwerke<br \/>\nOberhasli AG (KWO) von 1950 bis 1954 erbaut haben.<\/p>\n<p>Die alpin gelegene Grossbaustelle lockte einige K\u00fcnstler und Fotoreporter an.<br \/>\nEiner davon ist der Berner Holzschneider, Maler und Zeichner Emil Zbinden<br \/>\n(1908\u20131991. Gemeinsam mit den K\u00fcnstlerfreunde Eugen Jordi und Rudolf Mumprecht<br \/>\nverbrachte er von 1950 bis 1953 jeweils im Sommer mehrere Wochen auf Oberaar.<br \/>\nZbinden suchte hier nach M\u00f6glichkeiten, Berge jenseits von Idylle und<br \/>\ntouristischem Blick darzustellen, und fand eine neue Form der Alpenmalerei:<br \/>\ndie Verbindung von Mensch, Technik und Berg.<\/p>\n<p>Auch einige Fotografinnen und Fotografen interessierten sich f\u00fcr das alpine<br \/>\nGrossereignis. Anita Niesz, Hans Tschirren und Jakob Tuggener schufen in der<br \/>\ngleichen Zeit wie die K\u00fcnstler gr\u00f6ssere Fotoreportagen, die zum Teil bis heute<br \/>\nnoch nirgends gezeigt wurden. Dazu geh\u00f6ren auch die umfangreichen Arbeiten von<br \/>\nHeinz Bys\u00e4th, der den Bau an der Staumauer Oberaar als Werkfotograf der KWO<br \/>\numfassend dokumentierte. Das Buch zeigt Teile des auf Oberaar entstandenen<br \/>\nBildmaterials und zeichnet wirtschaftliche, soziale sowie architektonische<br \/>\nAspekte der monumentalen Nachkriegsbaustelle nach.<\/p>\n<p>Begleitkatalog zur Ausstellung \u00abBaustelle Fortschritt. Emil Zbinden und der<br \/>\nStaumauerbau Grimsel-Oberaar\u00bb, 2018 im Alpinen Museum der Schweiz in Bern.<\/p>\n<p>84 Seiten, ca. 50 Abbildungen.<br \/>\nPaperback, fadengehefteter Pappband<\/p>","protected":false},"excerpt":{"rendered":"<ul>\n<li><a href=\"https:\/\/vimeo.com\/259856102\" target=\"_blank\" rel=\"noopener\">Video: Zwischen Aufbruchgeist und Wirtschaftseuphorie<\/a><\/li>\n<\/ul>","protected":false},"featured_media":162308,"template":"","meta":[],"product_brand":[],"product_cat":[21542],"product_tag":[],"class_list":{"0":"post-149312","1":"product","2":"type-product","3":"status-publish","4":"has-post-thumbnail","6":"product_cat-sachbuecher-dokumentationen","7":"pa_autor-foerderverein-emil-zbinden","8":"pa_erscheinungsjahr-21546","9":"pa_region-schweiz","10":"pa_sprache-de","12":"first","13":"instock","14":"taxable","15":"shipping-taxable","16":"purchasable","17":"product-type-simple"},"_links":{"self":[{"href":"https:\/\/pizbube.ch\/en\/wp-json\/wp\/v2\/product\/149312","targetHints":{"allow":["GET"]}}],"collection":[{"href":"https:\/\/pizbube.ch\/en\/wp-json\/wp\/v2\/product"}],"about":[{"href":"https:\/\/pizbube.ch\/en\/wp-json\/wp\/v2\/types\/product"}],"wp:featuredmedia":[{"embeddable":true,"href":"https:\/\/pizbube.ch\/en\/wp-json\/wp\/v2\/media\/162308"}],"wp:attachment":[{"href":"https:\/\/pizbube.ch\/en\/wp-json\/wp\/v2\/media?parent=149312"}],"wp:term":[{"taxonomy":"product_brand","embeddable":true,"href":"https:\/\/pizbube.ch\/en\/wp-json\/wp\/v2\/product_brand?post=149312"},{"taxonomy":"product_cat","embeddable":true,"href":"https:\/\/pizbube.ch\/en\/wp-json\/wp\/v2\/product_cat?post=149312"},{"taxonomy":"product_tag","embeddable":true,"href":"https:\/\/pizbube.ch\/en\/wp-json\/wp\/v2\/product_tag?post=149312"}],"curies":[{"name":"wp","href":"https:\/\/api.w.org\/{rel}","templated":true}]}}