{"id":149315,"date":"2021-01-15T10:59:19","date_gmt":"2021-01-15T10:59:19","guid":{"rendered":"https:\/\/codengine3.ch\/?product=import-placeholder-for-204153"},"modified":"2025-08-14T09:40:39","modified_gmt":"2025-08-14T07:40:39","slug":"talsperren-der-schweiz-ein-reisefuehrer-mit-50-wanderzielen","status":"publish","type":"product","link":"https:\/\/pizbube.ch\/en\/shop\/talsperren-der-schweiz-ein-reisefuehrer-mit-50-wanderzielen\/","title":{"rendered":"Talsperren der Schweiz Ein Reisef\u00fchrer mit 50 Wanderzielen"},"content":{"rendered":"<p>Ausgehend von 50 Wanderungen in landschaftlich ausserordentlich reizvolle Gegenden wird die Komplexit\u00e4t und Eleganz von Konstruktionen Staumauern und Talsperren in der ganzen Schweiz gezeigt.<\/p>\n<p>Die hier vorgeschhlagenen Routen erm\u00f6glichen es, diese Baudenkm\u00e4ler der Stromerzeugung in den Alpen besser kennen zu lernen und zu gewahren, was es in n\u00e4chster N\u00e4he noch alles zu entdecken gibt: Fauna, Flora, Museen&#8230;<\/p>\n<div class=\"et_pb_all_tabs\">\n<div class=\"et_pb_tab clearfix et_pb_active_content et-pb-active-slide\">\n<div class=\"et_pb_tab_content\">\n<div align=\"\">\n<p><span class=\"texte_de_corps\">Die Ver\u00f6ffentlichung dieses ungew\u00f6hnlichen Reisef\u00fchrers entspricht einer einfachen Idee: es sollte, ausgehend von 50 Wanderungen in landschaftlich ausserordentlich reizvolle Gegenden, die Komplexit\u00e4t und Eleganz von Konstruktionen aufgezeigt werden, die wir nach wie vor nur aus gr\u00f6sster Ferne wahrnehmen.<\/span><\/p>\n<p><span class=\"texte_de_corps\">Unsere Reisen f\u00fchren uns heute in die ganze Welt, und wir kennen wohl die Pyramiden und viele andere von Menschenhand geschaffene k\u00fcnstliche \u00abBerge\u00bb. Die grossen Skulpturen im Herzgebiet der Alpen, die Talsperren, haben wir bislang jedoch nur ungen\u00fcgend erkundet.<\/span><\/p>\n<p><span class=\"texte_de_corps\">Die hier vorgeschlagenen Routen erm\u00f6glichen es, diese Denkm\u00e4ler der elektrischen Industrie besser kennen zu lernen und zu gewahren, was es in n\u00e4chster N\u00e4he noch alles zu entdecken gibt: die lokale Fauna und Flora, die hochalpine Natur, die Spuren der lokalen Baukunst, weniger bekannte Museen und vor allem Landschaften, die, von der Staumauer oder vom Stausee aus erblickt, in immer neuen Z\u00fcgen erscheinen werden.<\/span><\/p>\n<\/div>\n<\/div>\n<\/div>\n<\/div>\n<p>215 S.<\/p>","protected":false},"excerpt":{"rendered":"<p>Ausgehend von 50 Wanderungen in landschaftlich ausserordentlich reizvolle Gegenden wird die Komplexit\u00e4t und Eleganz von Konstruktionen Staumauern und Talsperren in der ganzen Schweiz gezeigt. Die hier vorgeschhlagenen Routen erm\u00f6glichen es, diese Baudenkm\u00e4ler der Stromerzeugung in den Alpen besser kennen zu lernen und zu gewahren, was es in n\u00e4chster N\u00e4he noch alles zu entdecken gibt: Fauna, [&#8230;]\n","protected":false},"featured_media":180899,"template":"","meta":[],"product_brand":[],"product_cat":[21542],"product_tag":[],"class_list":{"0":"post-149315","1":"product","2":"type-product","3":"status-publish","4":"has-post-thumbnail","6":"product_cat-sachbuecher-dokumentationen","7":"pa_autor-jakob-audeoud","8":"pa_erscheinungsjahr-21763","9":"pa_region-schweiz","10":"pa_sprache-de","12":"first","13":"instock","14":"taxable","15":"shipping-taxable","16":"purchasable","17":"product-type-simple"},"_links":{"self":[{"href":"https:\/\/pizbube.ch\/en\/wp-json\/wp\/v2\/product\/149315","targetHints":{"allow":["GET"]}}],"collection":[{"href":"https:\/\/pizbube.ch\/en\/wp-json\/wp\/v2\/product"}],"about":[{"href":"https:\/\/pizbube.ch\/en\/wp-json\/wp\/v2\/types\/product"}],"wp:featuredmedia":[{"embeddable":true,"href":"https:\/\/pizbube.ch\/en\/wp-json\/wp\/v2\/media\/180899"}],"wp:attachment":[{"href":"https:\/\/pizbube.ch\/en\/wp-json\/wp\/v2\/media?parent=149315"}],"wp:term":[{"taxonomy":"product_brand","embeddable":true,"href":"https:\/\/pizbube.ch\/en\/wp-json\/wp\/v2\/product_brand?post=149315"},{"taxonomy":"product_cat","embeddable":true,"href":"https:\/\/pizbube.ch\/en\/wp-json\/wp\/v2\/product_cat?post=149315"},{"taxonomy":"product_tag","embeddable":true,"href":"https:\/\/pizbube.ch\/en\/wp-json\/wp\/v2\/product_tag?post=149315"}],"curies":[{"name":"wp","href":"https:\/\/api.w.org\/{rel}","templated":true}]}}