{"id":149316,"date":"2021-01-15T10:59:19","date_gmt":"2021-01-15T10:59:19","guid":{"rendered":"https:\/\/codengine3.ch\/?product=import-placeholder-for-200635"},"modified":"2022-06-15T12:53:42","modified_gmt":"2022-06-15T10:53:42","slug":"albigna-arbeiter-und-kuenstler-am-werk","status":"publish","type":"product","link":"https:\/\/pizbube.ch\/en\/shop\/albigna-arbeiter-und-kuenstler-am-werk\/","title":{"rendered":"ALBIGNA &#8211; Arbeiter und K\u00fcnstler am Werk"},"content":{"rendered":"<p>Vor 60 Jahren begannen die Bauarbeiten an der Staumauer Albigna. Das Jahr 1955<br \/>\nbildet einen wichtigen Meilenstein in der Geschichte der Talschaft. Die<br \/>\nBergeller Kraftwerke schufen direkt oder indirekt Arbeitspl\u00e4tze und brachten<br \/>\nden Gemeinden Wasserzinsen und Steuereinnahmen. Die Kraftwerk-Anlagen, die<br \/>\n1961 eingeweiht werden konnten, gaben dem kargen Bergtal eine neue<br \/>\nExistenzgrundlage.<\/p>\n<p>Nebst Hunderten von Arbeitern, Kantinenfrauen und Ingenieuren wollten auch ein<br \/>\npaar Fotografen und K\u00fcnstler beim Kraftwerkbau dabeisein. Einer von ihnen war<br \/>\nder Berner Holzstecher, Zeichner und Buchillustrator Emil Zbinden (1908-1991),<br \/>\nzu dessen Themen Arbeit, Arbeiterschaft aber auch Landschaft geh\u00f6rten. 1958<br \/>\nund 1959 weilte er zusammen mit dem Berner K\u00fcnstler Eugen Jordi auf Albigna,<br \/>\num den Staumauerbau und die Transformation des Nat\u00fcrlichen zum k\u00fcnstlichen<br \/>\nBerg festzuhalten.<\/p>\n<p>Die Ausstellung \u00abL\u2019Albigna di Emil Zbinden\u00bb im Museo Ci\u00e4sa Granda in Stampa<br \/>\nvereint zahlreiche Zeichnungen, Skizzen und Originalgrafik aus dieser Zeit.<br \/>\nSie wirft einen Blick zur\u00fcck und er\u00f6ffnet zugleich Zug\u00e4nge zu einem bisher<br \/>\nweniger bekannten Werkbereich Zbindens.<\/p>\n<p>Ebenfalls im Sommer 1958 weilte auch der Berner Fotograf Urs Beyeler auf<br \/>\nAlbigna. \u00c4hnlich wie Zbinden wollte er dort nicht sch\u00f6ne Portr\u00e4ts von Menschen<br \/>\nrealisieren, sondern die Menschen bei der harten Arbeit auf den Baustellen im<br \/>\nHochgebirge zeigen. Von 1956 bis 1960 reiste er immer wieder an und schuf eine<br \/>\neindringliche Bildserie zum Bau des Staudamms, die bisher weitgehend unbekannt<br \/>\nist. Die Galleria Il Salice in Castasegna zeigt seine Fotoreportage \u00abUna<br \/>\ngiornata sull\u2019Albigna\u00bb.<\/p>\n<p>Begleitkatalog zur Doppelausstellung \u00abL\u2019Albigna di Emil Zbinden\u00bb und \u00abUna<br \/>\ngiornata sul Albigna\u00bb, 2015 im Museo Ci\u00e4sa Granda in Stampa sowie in der<br \/>\nGalleria Il Salice in Castasegna.<\/p>","protected":false},"excerpt":{"rendered":"<ul>\n<li><a href=\"https:\/\/vimeo.com\/259856102\" target=\"_blank\" rel=\"noopener\">Video: Zwischen Aufbruchgeist und Wirtschaftseuphorie<\/a><\/li>\n<\/ul>","protected":false},"featured_media":162307,"template":"","meta":[],"product_brand":[],"product_cat":[21542],"product_tag":[],"class_list":{"0":"post-149316","1":"product","2":"type-product","3":"status-publish","4":"has-post-thumbnail","6":"product_cat-sachbuecher-dokumentationen","7":"pa_autor-foerderverein-emil-zbinden","8":"pa_erscheinungsjahr-21597","9":"pa_region-schweiz","10":"pa_sprache-de","12":"first","13":"instock","14":"taxable","15":"shipping-taxable","16":"purchasable","17":"product-type-simple"},"_links":{"self":[{"href":"https:\/\/pizbube.ch\/en\/wp-json\/wp\/v2\/product\/149316","targetHints":{"allow":["GET"]}}],"collection":[{"href":"https:\/\/pizbube.ch\/en\/wp-json\/wp\/v2\/product"}],"about":[{"href":"https:\/\/pizbube.ch\/en\/wp-json\/wp\/v2\/types\/product"}],"wp:featuredmedia":[{"embeddable":true,"href":"https:\/\/pizbube.ch\/en\/wp-json\/wp\/v2\/media\/162307"}],"wp:attachment":[{"href":"https:\/\/pizbube.ch\/en\/wp-json\/wp\/v2\/media?parent=149316"}],"wp:term":[{"taxonomy":"product_brand","embeddable":true,"href":"https:\/\/pizbube.ch\/en\/wp-json\/wp\/v2\/product_brand?post=149316"},{"taxonomy":"product_cat","embeddable":true,"href":"https:\/\/pizbube.ch\/en\/wp-json\/wp\/v2\/product_cat?post=149316"},{"taxonomy":"product_tag","embeddable":true,"href":"https:\/\/pizbube.ch\/en\/wp-json\/wp\/v2\/product_tag?post=149316"}],"curies":[{"name":"wp","href":"https:\/\/api.w.org\/{rel}","templated":true}]}}