{"id":149322,"date":"2021-01-15T10:59:19","date_gmt":"2021-01-15T10:59:19","guid":{"rendered":"https:\/\/codengine3.ch\/?product=import-placeholder-for-205781"},"modified":"2021-01-15T14:43:54","modified_gmt":"2021-01-15T14:43:54","slug":"indoor-klettern","status":"publish","type":"product","link":"https:\/\/pizbube.ch\/en\/shop\/indoor-klettern\/","title":{"rendered":"Indoor-Klettern"},"content":{"rendered":"<p>Das offizielle Lehrbuch zum DAV-Kletterschein.  <\/p>\n<p>Sportklettern boomt. Auf \u00fcber 300.000 wird mittlerweile die Zahl der Aktiven<br \/>\ngesch\u00e4tzt, die Deutschlands W\u00e4nde hochgehen. Viele davon sind \u00fcberdacht:<br \/>\nKletterhallen haben entscheidend dazu beigetragen, dass immer mehr Menschen<br \/>\ndiesen faszinierenden Sport aus\u00fcben. Ohne lange Zustiegswege und ohne alpine<br \/>\nGefahren wie Stein- und Eisschlag oder Gewitter kann beim Indoor-Klettern die<br \/>\nFaszination der Vertikale erlebt werden und k\u00f6nnen in Routen aller<br \/>\nSchweregrade die eigenen Grenzen verschoben werden. L\u00e4ngst ist Klettern zum<br \/>\nBreitensport geworden. Indoor-Klettern ist das offizielle Lehrbuch des<br \/>\nDeutschen Alpenvereins zum Kletterschein. Auch beim Indoor-Klettern ist<br \/>\nSicherheit alles; der mittlerweile 70.000 Mal vergebenen Kletterschein hat<br \/>\ndeshalb seinen Schwerpunkt in der Sicherungstechnik und legt die Basis f\u00fcr ein<br \/>\nfreudvolles, unfallfreies Kletterleben.  <\/p>\n<p>In den fast \u00fcberall verf\u00fcgbaren Kursen und begleitet vom didaktisch<br \/>\nherausragend gestalteten Buch mit einer F\u00fclle informativer Fotos l\u00e4sst sich<br \/>\nKlettern von der Pike auf lernen. Ohne Ausr\u00fcstung geht auch beim Klettern gar<br \/>\nnichts: Ein ausf\u00fchrliches Kapitel widmet sich deshalb Seil, Gurt, Karabiner,<br \/>\nSicherungsger\u00e4ten und den richtigen Schuhen. Anseilen, den Partner sichern<br \/>\nlernen &#8211; und schon geht es stressfrei in die H\u00f6he, denn das sichernde Seil<br \/>\nkommt am Anfang von oben (Toprope). Vorstieg sichern mit korrekter<br \/>\nSeilf\u00fchrung, Abbauen von Routen, Sichern und das Erkennen und Vermeiden vom<br \/>\nGefahren sind weitere Stationen auf dem Weg zum sicherheitsbewussten<br \/>\nKletterer. Nat\u00fcrlich gibt das Buch auch eine erste Einf\u00fchrung in die<br \/>\nKlettertechnik. \u00dcber das &#8218;Buch zum Schein&#8216; hinaus ist &#8218;Indoor-Klettern&#8216; eine<br \/>\ngut geschriebene Einf\u00fchrung in einen faszinierenden Sport, von der nicht nur<br \/>\nAnf\u00e4nger profitieren werden.<br \/>\n2. \u00fcberarbeit. Ausg.; Zahlr. farb. Fotos. 126 S.<\/p>","protected":false},"excerpt":{"rendered":"<p>Das offizielle Lehrbuch zum DAV-Kletterschein. Sportklettern boomt. Auf \u00fcber 300.000 wird mittlerweile die Zahl der Aktiven gesch\u00e4tzt, die Deutschlands W\u00e4nde hochgehen. Viele davon sind \u00fcberdacht: Kletterhallen haben entscheidend dazu beigetragen, dass immer mehr Menschen diesen faszinierenden Sport aus\u00fcben. Ohne lange Zustiegswege und ohne alpine Gefahren wie Stein- und Eisschlag oder Gewitter kann beim Indoor-Klettern die [&#8230;]\n","protected":false},"featured_media":38737,"template":"","meta":[],"product_brand":[],"product_cat":[21538],"product_tag":[],"class_list":{"0":"post-149322","1":"product","2":"type-product","3":"status-publish","4":"has-post-thumbnail","6":"product_cat-lehrbuecher","7":"pa_autor-dav","8":"pa_erscheinungsjahr-21610","9":"pa_region-klettertechnik","10":"pa_sprache-de","12":"first","13":"instock","14":"taxable","15":"shipping-taxable","16":"purchasable","17":"product-type-simple"},"_links":{"self":[{"href":"https:\/\/pizbube.ch\/en\/wp-json\/wp\/v2\/product\/149322","targetHints":{"allow":["GET"]}}],"collection":[{"href":"https:\/\/pizbube.ch\/en\/wp-json\/wp\/v2\/product"}],"about":[{"href":"https:\/\/pizbube.ch\/en\/wp-json\/wp\/v2\/types\/product"}],"wp:featuredmedia":[{"embeddable":true,"href":"https:\/\/pizbube.ch\/en\/wp-json\/wp\/v2\/media\/38737"}],"wp:attachment":[{"href":"https:\/\/pizbube.ch\/en\/wp-json\/wp\/v2\/media?parent=149322"}],"wp:term":[{"taxonomy":"product_brand","embeddable":true,"href":"https:\/\/pizbube.ch\/en\/wp-json\/wp\/v2\/product_brand?post=149322"},{"taxonomy":"product_cat","embeddable":true,"href":"https:\/\/pizbube.ch\/en\/wp-json\/wp\/v2\/product_cat?post=149322"},{"taxonomy":"product_tag","embeddable":true,"href":"https:\/\/pizbube.ch\/en\/wp-json\/wp\/v2\/product_tag?post=149322"}],"curies":[{"name":"wp","href":"https:\/\/api.w.org\/{rel}","templated":true}]}}