{"id":149324,"date":"2021-01-15T10:59:19","date_gmt":"2021-01-15T10:59:19","guid":{"rendered":"https:\/\/codengine3.ch\/?product=import-placeholder-for-204728"},"modified":"2021-01-15T14:35:46","modified_gmt":"2021-01-15T14:35:46","slug":"route-setter","status":"publish","type":"product","link":"https:\/\/pizbube.ch\/en\/shop\/route-setter\/","title":{"rendered":"Route Setter"},"content":{"rendered":"<p>\n&#171;Route Setter \u2013 ein neues Business Magazin f\u00fcr die Kletterhallenbranche&#187;  <\/p>\n<p>Die Professionalisierung der Kletterbranche schreitet voran. Vor allem der<br \/>\nAufschwung des Indoor-Kletterns verlangt nach einer sachkundigen<br \/>\nAuseinandersetzung mit verschiedensten Aspekten zum Thema. Route Setter ist<br \/>\ndas neue Business Magazin, das sich ganz der Kletterhallenbranche widmet.  <\/p>\n<p>Die erste Ausgabe widmet sich unter anderem dem Thema der heutigen<br \/>\nAnforderungen an ein zeitgem\u00e4\u00dfes und modernes Kletterhallenmanagement und der<br \/>\nEntwicklung im Routenbau. Hierzu l\u00e4sst der Verlag u.a. Experten wie Christian<br \/>\nPopien (Hallenbetreiber und Berater f\u00fcr k\u00fcnstliche Kletteranlagen), Peter<br \/>\nZeidelhack (DAV Bundeslehrteam Routenbau, Betriebsleiter DAV Kletterzentrum<br \/>\nM\u00fcnchen) und Tom Brenzinger (Gesch\u00e4ftsf\u00fchrer und Inhaber Boulders- und<br \/>\nKletterhallenservice) zu Wort kommen.  <\/p>\n<p>Zur Entwicklung der Trainingsstrukturen in Boulderhallen wird ein Gastbeitrag<br \/>\nvon Patrick Matros (Kraftfactory) und ein exklusives Interview mit dem<br \/>\nehemaligen \u00f6sterreichischen Erfolgstrainer Ingo Filzwieser pr\u00e4sentiert. Einen<br \/>\ninternationalen Blick auf die Entwicklung und Bedeutung von Boulderevents<br \/>\nerm\u00f6glicht der Beitrag von Moderator und Szenekenner Liam Lonsdale.  <\/p>\n<p>&#171;Route Setter \u2013 a new business magazine for the indoor climbing industry&#187;  <\/p>\n<p>The professionalization of the climbing industry is progressing. Above all,<br \/>\nthe upswing in indoor climbing calls for an expert examination of a wide<br \/>\nvariety of aspects on the subject.  <\/p>\n<p>Route Setter is the new business magazine dedicated entirely to the indoor<br \/>\nclimbing industry. Our goal as publishers of the magazine is to create a<br \/>\nmedium to inform, stimulate discussions and provide inspiration.  <\/p>\n<p>The focus of the first issue is on the topic of today&#8217;s requirements for<br \/>\nmodern and contemporary climbing gym management and the development of route<br \/>\nsetting. Experts such as Christian Popien (climbing gym operator and<br \/>\nconsultant for artificial climbing facilities), Peter Zeidelhack (DAV federal<br \/>\nteaching team for route setting, operations manager DAV climbing centre<br \/>\nMunich) and Tom Brenzinger (managing director and owner of Boulders- und<br \/>\nKletterhallenservice) share their knowledge about these topics.  <\/p>\n<p>A guest article by Patrick Matros (Kraftfactory) and an exclusive interview<br \/>\nwith the former Austrian national coach Ingo Filzwieser examine the<br \/>\ndevelopment of training and training facilities in bouldering gyms. The<br \/>\ninternationally renowned presenter and insider Liam Lonsdale takes a closer<br \/>\nlook at the development and importance of bouldering events and competitions<br \/>\nin gyms.  <\/p>","protected":false},"excerpt":{"rendered":"<p>&#171;Route Setter \u2013 ein neues Business Magazin f\u00fcr die Kletterhallenbranche&#187; Die Professionalisierung der Kletterbranche schreitet voran. Vor allem der Aufschwung des Indoor-Kletterns verlangt nach einer sachkundigen Auseinandersetzung mit verschiedensten Aspekten zum Thema. Route Setter ist das neue Business Magazin, das sich ganz der Kletterhallenbranche widmet. Die erste Ausgabe widmet sich unter anderem dem Thema der [&#8230;]\n","protected":false},"featured_media":33102,"template":"","meta":[],"product_brand":[],"product_cat":[21541],"product_tag":[],"class_list":{"0":"post-149324","1":"product","2":"type-product","3":"status-publish","4":"has-post-thumbnail","6":"product_cat-zeitschriften","7":"pa_autor-vertical-life","8":"pa_erscheinungsjahr-21546","9":"pa_region-italien","10":"pa_sprache-en-de","12":"first","13":"outofstock","14":"taxable","15":"shipping-taxable","16":"purchasable","17":"product-type-simple"},"_links":{"self":[{"href":"https:\/\/pizbube.ch\/en\/wp-json\/wp\/v2\/product\/149324","targetHints":{"allow":["GET"]}}],"collection":[{"href":"https:\/\/pizbube.ch\/en\/wp-json\/wp\/v2\/product"}],"about":[{"href":"https:\/\/pizbube.ch\/en\/wp-json\/wp\/v2\/types\/product"}],"wp:featuredmedia":[{"embeddable":true,"href":"https:\/\/pizbube.ch\/en\/wp-json\/wp\/v2\/media\/33102"}],"wp:attachment":[{"href":"https:\/\/pizbube.ch\/en\/wp-json\/wp\/v2\/media?parent=149324"}],"wp:term":[{"taxonomy":"product_brand","embeddable":true,"href":"https:\/\/pizbube.ch\/en\/wp-json\/wp\/v2\/product_brand?post=149324"},{"taxonomy":"product_cat","embeddable":true,"href":"https:\/\/pizbube.ch\/en\/wp-json\/wp\/v2\/product_cat?post=149324"},{"taxonomy":"product_tag","embeddable":true,"href":"https:\/\/pizbube.ch\/en\/wp-json\/wp\/v2\/product_tag?post=149324"}],"curies":[{"name":"wp","href":"https:\/\/api.w.org\/{rel}","templated":true}]}}