{"id":149327,"date":"2021-01-15T10:59:19","date_gmt":"2021-01-15T10:59:19","guid":{"rendered":"https:\/\/codengine3.ch\/?product=import-placeholder-for-200628"},"modified":"2021-01-15T10:59:23","modified_gmt":"2021-01-15T10:59:23","slug":"derborence-natur-und-mensch","status":"publish","type":"product","link":"https:\/\/pizbube.ch\/en\/shop\/derborence-natur-und-mensch\/","title":{"rendered":"DERBORENCE, NATUR UND MENSCH"},"content":{"rendered":"<p>Im Titel \u201eDerborence, Natur und Mensch\u201c wird schon klar, dass die Autoren<br \/>\nunseren Blick auf die Zusammenh\u00e4nge zwischen Natur und Mensch lenken. Sie<br \/>\nzeigen auf, wie Flora und Fauna einen Ort zur\u00fcckerobert haben, der zwei<br \/>\nBergst\u00fcrze \u00fcberlebt hat, die dank dem Roman \u201eDerborence\u201c von Charles Ferdinand<br \/>\nRamuz in die Literatur und die Geschichte eingegangen sind.  <\/p>\n<p>Das Buch mit seinen rund 440 Abbildungen gibt Auskunft auf Fragen wie diese:<br \/>\nWie entstanden und \u00fcberlebten die Arvenw\u00e4lder? Wie kehrten die Tiere langsam<br \/>\nins Bergsturzgebiet zur\u00fcck? Was f\u00fcr neue Biotope entstanden dabei f\u00fcr<br \/>\nSchmetterlinge, Insekten und V\u00f6gel?<br \/>\nUm die Vielfalt der Fauna und Flora auch praktisch erleben zu k\u00f6nnen, werden<br \/>\n13 Touren so beschrieben, dass jedem Wanderer das Herz h\u00f6her schl\u00e4gt und jedes<br \/>\nKind tausend Dinge am Wegrand entdecken kann. Die Wege sind auf den Karten des<br \/>\nBuches und im Gel\u00e4nde klar markiert.<\/p>","protected":false},"excerpt":{"rendered":"<p>Im Titel \u201eDerborence, Natur und Mensch\u201c wird schon klar, dass die Autoren unseren Blick auf die Zusammenh\u00e4nge zwischen Natur und Mensch lenken. Sie zeigen auf, wie Flora und Fauna einen Ort zur\u00fcckerobert haben, der zwei Bergst\u00fcrze \u00fcberlebt hat, die dank dem Roman \u201eDerborence\u201c von Charles Ferdinand Ramuz in die Literatur und die Geschichte eingegangen sind. [&#8230;]\n","protected":false},"featured_media":27443,"template":"","meta":[],"product_brand":[],"product_cat":[21605],"product_tag":[],"class_list":{"0":"post-149327","1":"product","2":"type-product","3":"status-publish","4":"has-post-thumbnail","6":"product_cat-wanderfuehrer-trekking","7":"pa_autor-rey-carron","8":"pa_erscheinungsjahr-21550","9":"pa_region-schweiz","10":"pa_sprache-de","12":"first","13":"instock","14":"taxable","15":"shipping-taxable","16":"purchasable","17":"product-type-simple"},"_links":{"self":[{"href":"https:\/\/pizbube.ch\/en\/wp-json\/wp\/v2\/product\/149327","targetHints":{"allow":["GET"]}}],"collection":[{"href":"https:\/\/pizbube.ch\/en\/wp-json\/wp\/v2\/product"}],"about":[{"href":"https:\/\/pizbube.ch\/en\/wp-json\/wp\/v2\/types\/product"}],"wp:featuredmedia":[{"embeddable":true,"href":"https:\/\/pizbube.ch\/en\/wp-json\/wp\/v2\/media\/27443"}],"wp:attachment":[{"href":"https:\/\/pizbube.ch\/en\/wp-json\/wp\/v2\/media?parent=149327"}],"wp:term":[{"taxonomy":"product_brand","embeddable":true,"href":"https:\/\/pizbube.ch\/en\/wp-json\/wp\/v2\/product_brand?post=149327"},{"taxonomy":"product_cat","embeddable":true,"href":"https:\/\/pizbube.ch\/en\/wp-json\/wp\/v2\/product_cat?post=149327"},{"taxonomy":"product_tag","embeddable":true,"href":"https:\/\/pizbube.ch\/en\/wp-json\/wp\/v2\/product_tag?post=149327"}],"curies":[{"name":"wp","href":"https:\/\/api.w.org\/{rel}","templated":true}]}}